{"id":8103,"date":"2025-02-06T16:45:43","date_gmt":"2025-02-06T16:45:43","guid":{"rendered":"https:\/\/kastenkidz.com\/product\/casti-tela\/"},"modified":"2025-07-20T19:09:39","modified_gmt":"2025-07-20T19:09:39","slug":"casti-tela","status":"publish","type":"product","link":"https:\/\/kastenkidz.com\/sk\/produkt\/casti-tela\/","title":{"rendered":"\u010casti tela"},"content":{"rendered":"<p>\u200d  Pom\u00f4\u017ete svojmu die\u0165a\u0165u p\u00fatavo a nezabudnute\u013ene spozna\u0165 \u010dasti tela!  \u2728 Pom\u00f4cka \u201e\u010casti tela\u201c obsahuje jednozna\u010dn\u00e9 obr\u00e1zky jednotliv\u00fdch \u010dast\u00ed tela, v\u010faka \u010domu ich deti \u013eah\u0161ie rozpoznaj\u00fa a zapam\u00e4taj\u00fa si ich.  <\/p>\n<p>Obsah: 20\u00a0kariet s chlap\u010densk\u00fdmi a diev\u010densk\u00fdmi \u010das\u0165ami tela s rozmermi 9\u00a0\u00d7\u00a08,5\u00a0cm.<br \/>\n2\u00a0plag\u00e1ty s chlap\u010densk\u00fdmi a diev\u010densk\u00fdmi \u010das\u0165ami tela (form\u00e1t A4). <\/p>\n","protected":false},"excerpt":{"rendered":"<p>\u200d Pom\u00f4\u017ete svojmu die\u0165a\u0165u p\u00fatavo a nezabudnute\u013ene spozna\u0165 \u010dasti tela! \u2728 Pom\u00f4cka \u201e\u010casti tela\u201c obsahuje jednozna\u010dn\u00e9 obr\u00e1zky jednotliv\u00fdch \u010dast\u00ed tela, v\u010faka \u010domu ich deti \u013eah\u0161ie rozpoznaj\u00fa a zapam\u00e4taj\u00fa si ich. Obsah: 20\u00a0kariet s chlap\u010densk\u00fdmi a diev\u010densk\u00fdmi \u010das\u0165ami tela s rozmermi 9\u00a0\u00d7\u00a08,5\u00a0cm. 2\u00a0plag\u00e1ty s chlap\u010densk\u00fdmi a diev\u010densk\u00fdmi \u010das\u0165ami tela (form\u00e1t A4).<\/p>\n","protected":false},"featured_media":8105,"comment_status":"closed","ping_status":"closed","template":"","meta":{"_acf_changed":false,"site-sidebar-layout":"default","site-content-layout":"","ast-site-content-layout":"default","site-content-style":"default","site-sidebar-style":"default","ast-global-header-display":"","ast-banner-title-visibility":"","ast-main-header-display":"","ast-hfb-above-header-display":"","ast-hfb-below-header-display":"","ast-hfb-mobile-header-display":"","site-post-title":"","ast-breadcrumbs-content":"","ast-featured-img":"","footer-sml-layout":"","ast-disable-related-posts":"","theme-transparent-header-meta":"default","adv-header-id-meta":"","stick-header-meta":"default","header-above-stick-meta":"","header-main-stick-meta":"","header-below-stick-meta":"","astra-migrate-meta-layouts":"default","ast-page-background-enabled":"default","ast-page-background-meta":{"desktop":{"background-color":"","background-image":"","background-repeat":"repeat","background-position":"center center","background-size":"auto","background-attachment":"scroll","background-type":"","background-media":"","overlay-type":"","overlay-color":"","overlay-opacity":"","overlay-gradient":""},"tablet":{"background-color":"","background-image":"","background-repeat":"repeat","background-position":"center center","background-size":"auto","background-attachment":"scroll","background-type":"","background-media":"","overlay-type":"","overlay-color":"","overlay-opacity":"","overlay-gradient":""},"mobile":{"background-color":"","background-image":"","background-repeat":"repeat","background-position":"center center","background-size":"auto","background-attachment":"scroll","background-type":"","background-media":"","overlay-type":"","overlay-color":"","overlay-opacity":"","overlay-gradient":""}},"ast-content-background-meta":{"desktop":{"background-color":"var(--ast-global-color-5)","background-image":"","background-repeat":"repeat","background-position":"center center","background-size":"auto","background-attachment":"scroll","background-type":"","background-media":"","overlay-type":"","overlay-color":"","overlay-opacity":"","overlay-gradient":""},"tablet":{"background-color":"var(--ast-global-color-5)","background-image":"","background-repeat":"repeat","background-position":"center center","background-size":"auto","background-attachment":"scroll","background-type":"","background-media":"","overlay-type":"","overlay-color":"","overlay-opacity":"","overlay-gradient":""},"mobile":{"background-color":"var(--ast-global-color-5)","background-image":"","background-repeat":"repeat","background-position":"center center","background-size":"auto","background-attachment":"scroll","background-type":"","background-media":"","overlay-type":"","overlay-color":"","overlay-opacity":"","overlay-gradient":""}}},"product_brand":[],"product_cat":[141],"product_tag":[],"class_list":{"0":"post-8103","1":"product","2":"type-product","3":"status-publish","4":"has-post-thumbnail","6":"product_cat-skladacky-a-karty","7":"desktop-align-center","8":"tablet-align-left","9":"mobile-align-center","10":"ast-product-gallery-layout-first-image-large","11":"ast-product-tabs-layout-horizontal","13":"first","14":"instock","15":"sale","16":"downloadable","17":"virtual","18":"sold-individually","19":"purchasable","20":"product-type-simple"},"acf":[],"_links":{"self":[{"href":"https:\/\/kastenkidz.com\/sk\/wp-json\/wp\/v2\/product\/8103","targetHints":{"allow":["GET"]}}],"collection":[{"href":"https:\/\/kastenkidz.com\/sk\/wp-json\/wp\/v2\/product"}],"about":[{"href":"https:\/\/kastenkidz.com\/sk\/wp-json\/wp\/v2\/types\/product"}],"replies":[{"embeddable":true,"href":"https:\/\/kastenkidz.com\/sk\/wp-json\/wp\/v2\/comments?post=8103"}],"wp:featuredmedia":[{"embeddable":true,"href":"https:\/\/kastenkidz.com\/sk\/wp-json\/wp\/v2\/media\/8105"}],"wp:attachment":[{"href":"https:\/\/kastenkidz.com\/sk\/wp-json\/wp\/v2\/media?parent=8103"}],"wp:term":[{"taxonomy":"product_brand","embeddable":true,"href":"https:\/\/kastenkidz.com\/sk\/wp-json\/wp\/v2\/product_brand?post=8103"},{"taxonomy":"product_cat","embeddable":true,"href":"https:\/\/kastenkidz.com\/sk\/wp-json\/wp\/v2\/product_cat?post=8103"},{"taxonomy":"product_tag","embeddable":true,"href":"https:\/\/kastenkidz.com\/sk\/wp-json\/wp\/v2\/product_tag?post=8103"}],"curies":[{"name":"wp","href":"https:\/\/api.w.org\/{rel}","templated":true}]}}