{"id":8065,"date":"2025-02-06T16:45:43","date_gmt":"2025-02-06T16:45:43","guid":{"rendered":"https:\/\/kastenkidz.com\/product\/hra-samotar\/"},"modified":"2025-07-20T19:09:34","modified_gmt":"2025-07-20T19:09:34","slug":"hra-samotar","status":"publish","type":"product","link":"https:\/\/kastenkidz.com\/sk\/produkt\/hra-samotar\/","title":{"rendered":"Hra Samot\u00e1r"},"content":{"rendered":"<p>Hra je ur\u010den\u00e1 pre skupinu 2 a\u017e 5 \u013eud\u00ed. Hr\u00e1\u010dom sa rozdaj\u00fa karty. Na za\u010diatku hry si ka\u017ed\u00fd hr\u00e1\u010d pozrie karty, ktor\u00e9 m\u00e1 na ruke, a ak n\u00e1jde dvojicu rovnak\u00fdch obr\u00e1zkov, odlo\u017e\u00ed ich na st\u00f4l. Potom hru za\u010d\u00edna hr\u00e1\u010d, ktor\u00e9mu na ruke zostalo najviac kariet. In\u00e9mu hr\u00e1\u010dovi dovol\u00ed vytiahnu\u0165 si jednu kartu spomedzi svojich. Ak si druh\u00fd hr\u00e1\u010d vytiahne kartu, ktor\u00e1 tvor\u00ed p\u00e1r s inou, ktor\u00fa u\u017e m\u00e1 na ruke, odlo\u017e\u00ed p\u00e1r na st\u00f4l. Potom nech\u00e1 \u010fal\u0161ieho hr\u00e1\u010da vytiahnu\u0165 si kartu spomedzi t\u00fdch, ktor\u00e9 mu zostali na ruke. Hra kon\u010d\u00ed, ke\u010f jedn\u00e9mu z hr\u00e1\u010dov zostane posledn\u00e1 karta, ktor\u00e1 u\u017e nem\u00e1 p\u00e1r, teda mu zostane karta \u201eSamot\u00e1r\u201c. Vyhr\u00e1va ten, komu ako prv\u00e9mu d\u00f4jdu karty.<\/p>\n<p>Obsah: 4 h\u00e1rky form\u00e1tu A4. <\/p>\n","protected":false},"excerpt":{"rendered":"<p>Hra je ur\u010den\u00e1 pre skupinu 2 a\u017e 5 \u013eud\u00ed. Hr\u00e1\u010dom sa rozdaj\u00fa karty. Na za\u010diatku hry si ka\u017ed\u00fd hr\u00e1\u010d pozrie karty, ktor\u00e9 m\u00e1 na ruke, a ak n\u00e1jde dvojicu rovnak\u00fdch obr\u00e1zkov, odlo\u017e\u00ed ich na st\u00f4l. Potom hru za\u010d\u00edna hr\u00e1\u010d, ktor\u00e9mu na ruke zostalo najviac kariet. In\u00e9mu hr\u00e1\u010dovi dovol\u00ed vytiahnu\u0165 si jednu kartu spomedzi svojich. Ak [&hellip;]<\/p>\n","protected":false},"featured_media":8067,"comment_status":"closed","ping_status":"closed","template":"","meta":{"_acf_changed":false,"site-sidebar-layout":"default","site-content-layout":"","ast-site-content-layout":"default","site-content-style":"default","site-sidebar-style":"default","ast-global-header-display":"","ast-banner-title-visibility":"","ast-main-header-display":"","ast-hfb-above-header-display":"","ast-hfb-below-header-display":"","ast-hfb-mobile-header-display":"","site-post-title":"","ast-breadcrumbs-content":"","ast-featured-img":"","footer-sml-layout":"","ast-disable-related-posts":"","theme-transparent-header-meta":"default","adv-header-id-meta":"","stick-header-meta":"default","header-above-stick-meta":"","header-main-stick-meta":"","header-below-stick-meta":"","astra-migrate-meta-layouts":"default","ast-page-background-enabled":"default","ast-page-background-meta":{"desktop":{"background-color":"","background-image":"","background-repeat":"repeat","background-position":"center center","background-size":"auto","background-attachment":"scroll","background-type":"","background-media":"","overlay-type":"","overlay-color":"","overlay-opacity":"","overlay-gradient":""},"tablet":{"background-color":"","background-image":"","background-repeat":"repeat","background-position":"center center","background-size":"auto","background-attachment":"scroll","background-type":"","background-media":"","overlay-type":"","overlay-color":"","overlay-opacity":"","overlay-gradient":""},"mobile":{"background-color":"","background-image":"","background-repeat":"repeat","background-position":"center center","background-size":"auto","background-attachment":"scroll","background-type":"","background-media":"","overlay-type":"","overlay-color":"","overlay-opacity":"","overlay-gradient":""}},"ast-content-background-meta":{"desktop":{"background-color":"var(--ast-global-color-5)","background-image":"","background-repeat":"repeat","background-position":"center center","background-size":"auto","background-attachment":"scroll","background-type":"","background-media":"","overlay-type":"","overlay-color":"","overlay-opacity":"","overlay-gradient":""},"tablet":{"background-color":"var(--ast-global-color-5)","background-image":"","background-repeat":"repeat","background-position":"center center","background-size":"auto","background-attachment":"scroll","background-type":"","background-media":"","overlay-type":"","overlay-color":"","overlay-opacity":"","overlay-gradient":""},"mobile":{"background-color":"var(--ast-global-color-5)","background-image":"","background-repeat":"repeat","background-position":"center center","background-size":"auto","background-attachment":"scroll","background-type":"","background-media":"","overlay-type":"","overlay-color":"","overlay-opacity":"","overlay-gradient":""}}},"product_brand":[],"product_cat":[137],"product_tag":[],"class_list":{"0":"post-8065","1":"product","2":"type-product","3":"status-publish","4":"has-post-thumbnail","6":"product_cat-hry-sk","7":"desktop-align-center","8":"tablet-align-left","9":"mobile-align-center","10":"ast-product-gallery-layout-first-image-large","11":"ast-product-gallery-with-no-image","12":"ast-product-tabs-layout-horizontal","14":"first","15":"instock","16":"sale","17":"downloadable","18":"virtual","19":"sold-individually","20":"purchasable","21":"product-type-simple"},"acf":[],"_links":{"self":[{"href":"https:\/\/kastenkidz.com\/sk\/wp-json\/wp\/v2\/product\/8065","targetHints":{"allow":["GET"]}}],"collection":[{"href":"https:\/\/kastenkidz.com\/sk\/wp-json\/wp\/v2\/product"}],"about":[{"href":"https:\/\/kastenkidz.com\/sk\/wp-json\/wp\/v2\/types\/product"}],"replies":[{"embeddable":true,"href":"https:\/\/kastenkidz.com\/sk\/wp-json\/wp\/v2\/comments?post=8065"}],"wp:featuredmedia":[{"embeddable":true,"href":"https:\/\/kastenkidz.com\/sk\/wp-json\/wp\/v2\/media\/8067"}],"wp:attachment":[{"href":"https:\/\/kastenkidz.com\/sk\/wp-json\/wp\/v2\/media?parent=8065"}],"wp:term":[{"taxonomy":"product_brand","embeddable":true,"href":"https:\/\/kastenkidz.com\/sk\/wp-json\/wp\/v2\/product_brand?post=8065"},{"taxonomy":"product_cat","embeddable":true,"href":"https:\/\/kastenkidz.com\/sk\/wp-json\/wp\/v2\/product_cat?post=8065"},{"taxonomy":"product_tag","embeddable":true,"href":"https:\/\/kastenkidz.com\/sk\/wp-json\/wp\/v2\/product_tag?post=8065"}],"curies":[{"name":"wp","href":"https:\/\/api.w.org\/{rel}","templated":true}]}}