{"id":8055,"date":"2025-02-06T16:45:43","date_gmt":"2025-02-06T16:45:43","guid":{"rendered":"https:\/\/kastenkidz.com\/product\/nauc-sa-minuty\/"},"modified":"2025-09-11T07:51:12","modified_gmt":"2025-09-11T07:51:12","slug":"nauc-sa-minuty","status":"publish","type":"product","link":"https:\/\/kastenkidz.com\/sk\/produkt\/nauc-sa-minuty\/","title":{"rendered":"Nau\u010d sa min\u00faty"},"content":{"rendered":"<p>\u23f0 Pochopenie \u010dasu m\u00f4\u017ee by\u0165 pre deti zlo\u017eit\u00e9, no t\u00e1to pom\u00f4cka ho zmen\u00ed na nie\u010do z\u00e1bavn\u00e9 a jednoduch\u00e9!! \u23f0<br \/>\nTento u\u017eito\u010dn\u00fd plag\u00e1t deti nau\u010d\u00ed rozpozn\u00e1va\u0165 \u010dasov\u00e9 \u00faseky na mechanick\u00fdch hodin\u00e1ch s min\u00fatami rozdelen\u00fdmi do 5-min\u00fatov\u00fdch intervalov od 5 do 60. \u00daloha deti nab\u00e1da, aby na\u0161li a nalepili spr\u00e1vne karty, \u010d\u00edm sa posil\u0148uje ich ch\u00e1panie \u010dasu. Ide o fantastick\u00fd vizu\u00e1lny a praktick\u00fd sp\u00f4sob, ako deti nau\u010di\u0165 ch\u00e1pa\u0165 \u010das! Z\u00edskajte svoju pom\u00f4cku e\u0161te dnes a u\u013eah\u010dite si u\u010denie!<\/p>\n","protected":false},"excerpt":{"rendered":"<p>\u23f0 Pochopenie \u010dasu m\u00f4\u017ee by\u0165 pre deti zlo\u017eit\u00e9, no t\u00e1to pom\u00f4cka ho zmen\u00ed na nie\u010do z\u00e1bavn\u00e9 a jednoduch\u00e9!! \u23f0 Tento u\u017eito\u010dn\u00fd plag\u00e1t deti nau\u010d\u00ed rozpozn\u00e1va\u0165 \u010dasov\u00e9 \u00faseky na mechanick\u00fdch hodin\u00e1ch s min\u00fatami rozdelen\u00fdmi do 5-min\u00fatov\u00fdch intervalov od 5 do 60. \u00daloha deti nab\u00e1da, aby na\u0161li a nalepili spr\u00e1vne karty, \u010d\u00edm sa posil\u0148uje ich ch\u00e1panie \u010dasu. [&hellip;]<\/p>\n","protected":false},"featured_media":9327,"comment_status":"closed","ping_status":"closed","template":"","meta":{"_acf_changed":false,"site-sidebar-layout":"default","site-content-layout":"","ast-site-content-layout":"default","site-content-style":"default","site-sidebar-style":"default","ast-global-header-display":"","ast-banner-title-visibility":"","ast-main-header-display":"","ast-hfb-above-header-display":"","ast-hfb-below-header-display":"","ast-hfb-mobile-header-display":"","site-post-title":"","ast-breadcrumbs-content":"","ast-featured-img":"","footer-sml-layout":"","ast-disable-related-posts":"","theme-transparent-header-meta":"default","adv-header-id-meta":"","stick-header-meta":"default","header-above-stick-meta":"","header-main-stick-meta":"","header-below-stick-meta":"","astra-migrate-meta-layouts":"set","ast-page-background-enabled":"default","ast-page-background-meta":{"desktop":{"background-color":"","background-image":"","background-repeat":"repeat","background-position":"center center","background-size":"auto","background-attachment":"scroll","background-type":"","background-media":"","overlay-type":"","overlay-color":"","overlay-opacity":"","overlay-gradient":""},"tablet":{"background-color":"","background-image":"","background-repeat":"repeat","background-position":"center center","background-size":"auto","background-attachment":"scroll","background-type":"","background-media":"","overlay-type":"","overlay-color":"","overlay-opacity":"","overlay-gradient":""},"mobile":{"background-color":"","background-image":"","background-repeat":"repeat","background-position":"center center","background-size":"auto","background-attachment":"scroll","background-type":"","background-media":"","overlay-type":"","overlay-color":"","overlay-opacity":"","overlay-gradient":""}},"ast-content-background-meta":{"desktop":{"background-color":"var(--ast-global-color-5)","background-image":"","background-repeat":"repeat","background-position":"center center","background-size":"auto","background-attachment":"scroll","background-type":"","background-media":"","overlay-type":"","overlay-color":"","overlay-opacity":"","overlay-gradient":""},"tablet":{"background-color":"var(--ast-global-color-5)","background-image":"","background-repeat":"repeat","background-position":"center center","background-size":"auto","background-attachment":"scroll","background-type":"","background-media":"","overlay-type":"","overlay-color":"","overlay-opacity":"","overlay-gradient":""},"mobile":{"background-color":"var(--ast-global-color-5)","background-image":"","background-repeat":"repeat","background-position":"center center","background-size":"auto","background-attachment":"scroll","background-type":"","background-media":"","overlay-type":"","overlay-color":"","overlay-opacity":"","overlay-gradient":""}}},"product_brand":[],"product_cat":[141],"product_tag":[],"class_list":{"0":"post-8055","1":"product","2":"type-product","3":"status-publish","4":"has-post-thumbnail","6":"product_cat-skladacky-a-karty","7":"desktop-align-center","8":"tablet-align-left","9":"mobile-align-center","10":"ast-product-gallery-layout-first-image-large","11":"ast-product-gallery-with-no-image","12":"ast-product-tabs-layout-horizontal","14":"first","15":"instock","16":"sale","17":"downloadable","18":"virtual","19":"sold-individually","20":"purchasable","21":"product-type-simple"},"acf":[],"_links":{"self":[{"href":"https:\/\/kastenkidz.com\/sk\/wp-json\/wp\/v2\/product\/8055","targetHints":{"allow":["GET"]}}],"collection":[{"href":"https:\/\/kastenkidz.com\/sk\/wp-json\/wp\/v2\/product"}],"about":[{"href":"https:\/\/kastenkidz.com\/sk\/wp-json\/wp\/v2\/types\/product"}],"replies":[{"embeddable":true,"href":"https:\/\/kastenkidz.com\/sk\/wp-json\/wp\/v2\/comments?post=8055"}],"wp:featuredmedia":[{"embeddable":true,"href":"https:\/\/kastenkidz.com\/sk\/wp-json\/wp\/v2\/media\/9327"}],"wp:attachment":[{"href":"https:\/\/kastenkidz.com\/sk\/wp-json\/wp\/v2\/media?parent=8055"}],"wp:term":[{"taxonomy":"product_brand","embeddable":true,"href":"https:\/\/kastenkidz.com\/sk\/wp-json\/wp\/v2\/product_brand?post=8055"},{"taxonomy":"product_cat","embeddable":true,"href":"https:\/\/kastenkidz.com\/sk\/wp-json\/wp\/v2\/product_cat?post=8055"},{"taxonomy":"product_tag","embeddable":true,"href":"https:\/\/kastenkidz.com\/sk\/wp-json\/wp\/v2\/product_tag?post=8055"}],"curies":[{"name":"wp","href":"https:\/\/api.w.org\/{rel}","templated":true}]}}