{"id":8053,"date":"2025-02-06T16:45:43","date_gmt":"2025-02-06T16:45:43","guid":{"rendered":"https:\/\/kastenkidz.com\/product\/hodinove-domino\/"},"modified":"2025-12-11T17:49:20","modified_gmt":"2025-12-11T17:49:20","slug":"hodinove-domino","status":"publish","type":"product","link":"https:\/\/kastenkidz.com\/sk\/produkt\/hodinove-domino\/","title":{"rendered":"Hodinov\u00e9 domino"},"content":{"rendered":"<p>\u23f0 Pre\u010do \u010daka\u0165 do zajtra, ke\u010f m\u00f4\u017eete za\u010da\u0165 u\u017e dnes? \u23f0  Vysk\u00fa\u0161ajte si t\u00fato z\u00e1bavn\u00fa hru, ktor\u00e1 deti nau\u010d\u00ed ur\u010dova\u0165 \u010das! Rovnako ako pri be\u017enom domine je cie\u013eom tejto hry priradi\u0165 zhodn\u00e9 \u010dasy na elektronick\u00fdch a anal\u00f3gov\u00fdch hodin\u00e1ch. Po\u010das hry si deti prirodzene upev\u0148uj\u00fa vedomosti o \u010dase a u\u010denie je tak z\u00e1bavn\u00e9 a efekt\u00edvne! Z\u00edskajte t\u00fato hru e\u0161te dnes a sledujte, ako sa va\u0161e die\u0165a hravo nau\u010d\u00ed ur\u010di\u0165 \u010das! \u23f0 <\/p>\n<p>Obsah: 28 dielikov domina, 3 h\u00e1rky, form\u00e1t A4. <\/p>\n","protected":false},"excerpt":{"rendered":"<p>\u23f0 Pre\u010do \u010daka\u0165 do zajtra, ke\u010f m\u00f4\u017eete za\u010da\u0165 u\u017e dnes? \u23f0 Vysk\u00fa\u0161ajte si t\u00fato z\u00e1bavn\u00fa hru, ktor\u00e1 deti nau\u010d\u00ed ur\u010dova\u0165 \u010das! Rovnako ako pri be\u017enom domine je cie\u013eom tejto hry priradi\u0165 zhodn\u00e9 \u010dasy na elektronick\u00fdch a anal\u00f3gov\u00fdch hodin\u00e1ch. Po\u010das hry si deti prirodzene upev\u0148uj\u00fa vedomosti o \u010dase a u\u010denie je tak z\u00e1bavn\u00e9 a efekt\u00edvne! Z\u00edskajte [&hellip;]<\/p>\n","protected":false},"featured_media":7236,"comment_status":"closed","ping_status":"closed","template":"","meta":{"_acf_changed":false,"site-sidebar-layout":"default","site-content-layout":"","ast-site-content-layout":"default","site-content-style":"default","site-sidebar-style":"default","ast-global-header-display":"","ast-banner-title-visibility":"","ast-main-header-display":"","ast-hfb-above-header-display":"","ast-hfb-below-header-display":"","ast-hfb-mobile-header-display":"","site-post-title":"","ast-breadcrumbs-content":"","ast-featured-img":"","footer-sml-layout":"","ast-disable-related-posts":"","theme-transparent-header-meta":"default","adv-header-id-meta":"","stick-header-meta":"default","header-above-stick-meta":"","header-main-stick-meta":"","header-below-stick-meta":"","astra-migrate-meta-layouts":"default","ast-page-background-enabled":"default","ast-page-background-meta":{"desktop":{"background-color":"","background-image":"","background-repeat":"repeat","background-position":"center center","background-size":"auto","background-attachment":"scroll","background-type":"","background-media":"","overlay-type":"","overlay-color":"","overlay-opacity":"","overlay-gradient":""},"tablet":{"background-color":"","background-image":"","background-repeat":"repeat","background-position":"center center","background-size":"auto","background-attachment":"scroll","background-type":"","background-media":"","overlay-type":"","overlay-color":"","overlay-opacity":"","overlay-gradient":""},"mobile":{"background-color":"","background-image":"","background-repeat":"repeat","background-position":"center center","background-size":"auto","background-attachment":"scroll","background-type":"","background-media":"","overlay-type":"","overlay-color":"","overlay-opacity":"","overlay-gradient":""}},"ast-content-background-meta":{"desktop":{"background-color":"var(--ast-global-color-5)","background-image":"","background-repeat":"repeat","background-position":"center center","background-size":"auto","background-attachment":"scroll","background-type":"","background-media":"","overlay-type":"","overlay-color":"","overlay-opacity":"","overlay-gradient":""},"tablet":{"background-color":"var(--ast-global-color-5)","background-image":"","background-repeat":"repeat","background-position":"center center","background-size":"auto","background-attachment":"scroll","background-type":"","background-media":"","overlay-type":"","overlay-color":"","overlay-opacity":"","overlay-gradient":""},"mobile":{"background-color":"var(--ast-global-color-5)","background-image":"","background-repeat":"repeat","background-position":"center center","background-size":"auto","background-attachment":"scroll","background-type":"","background-media":"","overlay-type":"","overlay-color":"","overlay-opacity":"","overlay-gradient":""}}},"product_brand":[],"product_cat":[137],"product_tag":[],"class_list":{"0":"post-8053","1":"product","2":"type-product","3":"status-publish","4":"has-post-thumbnail","6":"product_cat-hry-sk","7":"desktop-align-center","8":"tablet-align-left","9":"mobile-align-center","10":"ast-product-gallery-layout-first-image-large","11":"ast-product-gallery-with-no-image","12":"ast-product-tabs-layout-horizontal","14":"first","15":"instock","16":"sale","17":"downloadable","18":"virtual","19":"sold-individually","20":"purchasable","21":"product-type-simple"},"acf":[],"_links":{"self":[{"href":"https:\/\/kastenkidz.com\/sk\/wp-json\/wp\/v2\/product\/8053","targetHints":{"allow":["GET"]}}],"collection":[{"href":"https:\/\/kastenkidz.com\/sk\/wp-json\/wp\/v2\/product"}],"about":[{"href":"https:\/\/kastenkidz.com\/sk\/wp-json\/wp\/v2\/types\/product"}],"replies":[{"embeddable":true,"href":"https:\/\/kastenkidz.com\/sk\/wp-json\/wp\/v2\/comments?post=8053"}],"wp:featuredmedia":[{"embeddable":true,"href":"https:\/\/kastenkidz.com\/sk\/wp-json\/wp\/v2\/media\/7236"}],"wp:attachment":[{"href":"https:\/\/kastenkidz.com\/sk\/wp-json\/wp\/v2\/media?parent=8053"}],"wp:term":[{"taxonomy":"product_brand","embeddable":true,"href":"https:\/\/kastenkidz.com\/sk\/wp-json\/wp\/v2\/product_brand?post=8053"},{"taxonomy":"product_cat","embeddable":true,"href":"https:\/\/kastenkidz.com\/sk\/wp-json\/wp\/v2\/product_cat?post=8053"},{"taxonomy":"product_tag","embeddable":true,"href":"https:\/\/kastenkidz.com\/sk\/wp-json\/wp\/v2\/product_tag?post=8053"}],"curies":[{"name":"wp","href":"https:\/\/api.w.org\/{rel}","templated":true}]}}