{"id":8043,"date":"2025-02-06T16:45:39","date_gmt":"2025-02-06T16:45:39","guid":{"rendered":"https:\/\/kastenkidz.com\/product\/hra-porozpravaj-pribeh\/"},"modified":"2025-07-20T19:09:26","modified_gmt":"2025-07-20T19:09:26","slug":"hra-porozpravaj-pribeh","status":"publish","type":"product","link":"https:\/\/kastenkidz.com\/sk\/produkt\/hra-porozpravaj-pribeh\/","title":{"rendered":"Hra \u201ePorozpr\u00e1vaj pr\u00edbeh\u201c"},"content":{"rendered":"<p>Podporte kreativitu a komunika\u010dn\u00e9 zru\u010dnosti det\u00ed touto z\u00e1bavnou pr\u00edbehovou hrou!   H\u00e1d\u017ete 8\u00a0kockami s r\u00f4znymi obr\u00e1zkami a zo v\u0161etk\u00fdch hoden\u00fdch obr\u00e1zkov zostavte vlastn\u00fd pr\u00edbeh. Ide o ide\u00e1lny sp\u00f4sob rozvoja jazykov\u00fdch zru\u010dnost\u00ed a dokonca aj u\u010denia sa cudz\u00edch jazykov.   \u010ci u\u017e rozpr\u00e1vate cel\u00fd pr\u00edbeh, alebo sa pri ka\u017edom obr\u00e1zku striedate, t\u00e1to hra predstavuje skvel\u00fd sp\u00f4sob, ako zauja\u0165 mlad\u00fa myse\u013e!<\/p>\n<p>Obsah: 8 h\u00e1rkov, form\u00e1t A4. <\/p>\n","protected":false},"excerpt":{"rendered":"<p>Podporte kreativitu a komunika\u010dn\u00e9 zru\u010dnosti det\u00ed touto z\u00e1bavnou pr\u00edbehovou hrou! H\u00e1d\u017ete 8\u00a0kockami s r\u00f4znymi obr\u00e1zkami a zo v\u0161etk\u00fdch hoden\u00fdch obr\u00e1zkov zostavte vlastn\u00fd pr\u00edbeh. Ide o ide\u00e1lny sp\u00f4sob rozvoja jazykov\u00fdch zru\u010dnost\u00ed a dokonca aj u\u010denia sa cudz\u00edch jazykov. \u010ci u\u017e rozpr\u00e1vate cel\u00fd pr\u00edbeh, alebo sa pri ka\u017edom obr\u00e1zku striedate, t\u00e1to hra predstavuje skvel\u00fd sp\u00f4sob, ako zauja\u0165 [&hellip;]<\/p>\n","protected":false},"featured_media":8045,"comment_status":"closed","ping_status":"closed","template":"","meta":{"_acf_changed":false,"site-sidebar-layout":"default","site-content-layout":"","ast-site-content-layout":"default","site-content-style":"default","site-sidebar-style":"default","ast-global-header-display":"","ast-banner-title-visibility":"","ast-main-header-display":"","ast-hfb-above-header-display":"","ast-hfb-below-header-display":"","ast-hfb-mobile-header-display":"","site-post-title":"","ast-breadcrumbs-content":"","ast-featured-img":"","footer-sml-layout":"","ast-disable-related-posts":"","theme-transparent-header-meta":"default","adv-header-id-meta":"","stick-header-meta":"default","header-above-stick-meta":"","header-main-stick-meta":"","header-below-stick-meta":"","astra-migrate-meta-layouts":"default","ast-page-background-enabled":"default","ast-page-background-meta":{"desktop":{"background-color":"","background-image":"","background-repeat":"repeat","background-position":"center center","background-size":"auto","background-attachment":"scroll","background-type":"","background-media":"","overlay-type":"","overlay-color":"","overlay-opacity":"","overlay-gradient":""},"tablet":{"background-color":"","background-image":"","background-repeat":"repeat","background-position":"center center","background-size":"auto","background-attachment":"scroll","background-type":"","background-media":"","overlay-type":"","overlay-color":"","overlay-opacity":"","overlay-gradient":""},"mobile":{"background-color":"","background-image":"","background-repeat":"repeat","background-position":"center center","background-size":"auto","background-attachment":"scroll","background-type":"","background-media":"","overlay-type":"","overlay-color":"","overlay-opacity":"","overlay-gradient":""}},"ast-content-background-meta":{"desktop":{"background-color":"var(--ast-global-color-5)","background-image":"","background-repeat":"repeat","background-position":"center center","background-size":"auto","background-attachment":"scroll","background-type":"","background-media":"","overlay-type":"","overlay-color":"","overlay-opacity":"","overlay-gradient":""},"tablet":{"background-color":"var(--ast-global-color-5)","background-image":"","background-repeat":"repeat","background-position":"center center","background-size":"auto","background-attachment":"scroll","background-type":"","background-media":"","overlay-type":"","overlay-color":"","overlay-opacity":"","overlay-gradient":""},"mobile":{"background-color":"var(--ast-global-color-5)","background-image":"","background-repeat":"repeat","background-position":"center center","background-size":"auto","background-attachment":"scroll","background-type":"","background-media":"","overlay-type":"","overlay-color":"","overlay-opacity":"","overlay-gradient":""}}},"product_brand":[],"product_cat":[137,138],"product_tag":[],"class_list":{"0":"post-8043","1":"product","2":"type-product","3":"status-publish","4":"has-post-thumbnail","6":"product_cat-hry-sk","7":"product_cat-jazyk-sk","8":"desktop-align-center","9":"tablet-align-left","10":"mobile-align-center","11":"ast-product-gallery-layout-first-image-large","12":"ast-product-gallery-with-no-image","13":"ast-product-tabs-layout-horizontal","15":"first","16":"instock","17":"sale","18":"downloadable","19":"virtual","20":"sold-individually","21":"purchasable","22":"product-type-simple"},"acf":[],"_links":{"self":[{"href":"https:\/\/kastenkidz.com\/sk\/wp-json\/wp\/v2\/product\/8043","targetHints":{"allow":["GET"]}}],"collection":[{"href":"https:\/\/kastenkidz.com\/sk\/wp-json\/wp\/v2\/product"}],"about":[{"href":"https:\/\/kastenkidz.com\/sk\/wp-json\/wp\/v2\/types\/product"}],"replies":[{"embeddable":true,"href":"https:\/\/kastenkidz.com\/sk\/wp-json\/wp\/v2\/comments?post=8043"}],"wp:featuredmedia":[{"embeddable":true,"href":"https:\/\/kastenkidz.com\/sk\/wp-json\/wp\/v2\/media\/8045"}],"wp:attachment":[{"href":"https:\/\/kastenkidz.com\/sk\/wp-json\/wp\/v2\/media?parent=8043"}],"wp:term":[{"taxonomy":"product_brand","embeddable":true,"href":"https:\/\/kastenkidz.com\/sk\/wp-json\/wp\/v2\/product_brand?post=8043"},{"taxonomy":"product_cat","embeddable":true,"href":"https:\/\/kastenkidz.com\/sk\/wp-json\/wp\/v2\/product_cat?post=8043"},{"taxonomy":"product_tag","embeddable":true,"href":"https:\/\/kastenkidz.com\/sk\/wp-json\/wp\/v2\/product_tag?post=8043"}],"curies":[{"name":"wp","href":"https:\/\/api.w.org\/{rel}","templated":true}]}}