{"id":8035,"date":"2025-02-06T16:45:39","date_gmt":"2025-02-06T16:45:39","guid":{"rendered":"https:\/\/kastenkidz.com\/product\/skladacka-dni-v-tyzdni\/"},"modified":"2025-07-20T19:09:24","modified_gmt":"2025-07-20T19:09:24","slug":"skladacka-dni-v-tyzdni","status":"publish","type":"product","link":"https:\/\/kastenkidz.com\/sk\/produkt\/skladacka-dni-v-tyzdni\/","title":{"rendered":"Sklada\u010dka \u201eDni v t\u00fd\u017edni\u201c"},"content":{"rendered":"<p>Urobte die\u0165a\u0165u z u\u010denia sa dn\u00ed v t\u00fd\u017edni z\u00e1bavu s touto farebnou vl\u00e1\u010dikovou pom\u00f4ckou!   Vl\u00e1\u010dik sa sklad\u00e1 zo 7\u00a0vag\u00f3nov, z ktor\u00fdch ka\u017ed\u00fd predstavuje jeden de\u0148 v t\u00fd\u017edni a obsahuje jedine\u010dn\u00fd po\u010det zvierat, ktor\u00e9 de\u0165om pom\u00f4\u017eu r\u00fdchlej\u0161ie si zapam\u00e4ta\u0165 jednotliv\u00e9 dni.  <\/p>\n<p>Obsah: 4 h\u00e1rky, form\u00e1t A4. <\/p>\n","protected":false},"excerpt":{"rendered":"<p>Urobte die\u0165a\u0165u z u\u010denia sa dn\u00ed v t\u00fd\u017edni z\u00e1bavu s touto farebnou vl\u00e1\u010dikovou pom\u00f4ckou! Vl\u00e1\u010dik sa sklad\u00e1 zo 7\u00a0vag\u00f3nov, z ktor\u00fdch ka\u017ed\u00fd predstavuje jeden de\u0148 v t\u00fd\u017edni a obsahuje jedine\u010dn\u00fd po\u010det zvierat, ktor\u00e9 de\u0165om pom\u00f4\u017eu r\u00fdchlej\u0161ie si zapam\u00e4ta\u0165 jednotliv\u00e9 dni. Obsah: 4 h\u00e1rky, form\u00e1t A4.<\/p>\n","protected":false},"featured_media":8037,"comment_status":"closed","ping_status":"closed","template":"","meta":{"_acf_changed":false,"site-sidebar-layout":"default","site-content-layout":"","ast-site-content-layout":"default","site-content-style":"default","site-sidebar-style":"default","ast-global-header-display":"","ast-banner-title-visibility":"","ast-main-header-display":"","ast-hfb-above-header-display":"","ast-hfb-below-header-display":"","ast-hfb-mobile-header-display":"","site-post-title":"","ast-breadcrumbs-content":"","ast-featured-img":"","footer-sml-layout":"","ast-disable-related-posts":"","theme-transparent-header-meta":"default","adv-header-id-meta":"","stick-header-meta":"default","header-above-stick-meta":"","header-main-stick-meta":"","header-below-stick-meta":"","astra-migrate-meta-layouts":"default","ast-page-background-enabled":"default","ast-page-background-meta":{"desktop":{"background-color":"","background-image":"","background-repeat":"repeat","background-position":"center center","background-size":"auto","background-attachment":"scroll","background-type":"","background-media":"","overlay-type":"","overlay-color":"","overlay-opacity":"","overlay-gradient":""},"tablet":{"background-color":"","background-image":"","background-repeat":"repeat","background-position":"center center","background-size":"auto","background-attachment":"scroll","background-type":"","background-media":"","overlay-type":"","overlay-color":"","overlay-opacity":"","overlay-gradient":""},"mobile":{"background-color":"","background-image":"","background-repeat":"repeat","background-position":"center center","background-size":"auto","background-attachment":"scroll","background-type":"","background-media":"","overlay-type":"","overlay-color":"","overlay-opacity":"","overlay-gradient":""}},"ast-content-background-meta":{"desktop":{"background-color":"var(--ast-global-color-5)","background-image":"","background-repeat":"repeat","background-position":"center center","background-size":"auto","background-attachment":"scroll","background-type":"","background-media":"","overlay-type":"","overlay-color":"","overlay-opacity":"","overlay-gradient":""},"tablet":{"background-color":"var(--ast-global-color-5)","background-image":"","background-repeat":"repeat","background-position":"center center","background-size":"auto","background-attachment":"scroll","background-type":"","background-media":"","overlay-type":"","overlay-color":"","overlay-opacity":"","overlay-gradient":""},"mobile":{"background-color":"var(--ast-global-color-5)","background-image":"","background-repeat":"repeat","background-position":"center center","background-size":"auto","background-attachment":"scroll","background-type":"","background-media":"","overlay-type":"","overlay-color":"","overlay-opacity":"","overlay-gradient":""}}},"product_brand":[],"product_cat":[141],"product_tag":[],"class_list":{"0":"post-8035","1":"product","2":"type-product","3":"status-publish","4":"has-post-thumbnail","6":"product_cat-skladacky-a-karty","7":"desktop-align-center","8":"tablet-align-left","9":"mobile-align-center","10":"ast-product-gallery-layout-first-image-large","11":"ast-product-gallery-with-no-image","12":"ast-product-tabs-layout-horizontal","14":"first","15":"instock","16":"sale","17":"downloadable","18":"virtual","19":"sold-individually","20":"purchasable","21":"product-type-simple"},"acf":[],"_links":{"self":[{"href":"https:\/\/kastenkidz.com\/sk\/wp-json\/wp\/v2\/product\/8035","targetHints":{"allow":["GET"]}}],"collection":[{"href":"https:\/\/kastenkidz.com\/sk\/wp-json\/wp\/v2\/product"}],"about":[{"href":"https:\/\/kastenkidz.com\/sk\/wp-json\/wp\/v2\/types\/product"}],"replies":[{"embeddable":true,"href":"https:\/\/kastenkidz.com\/sk\/wp-json\/wp\/v2\/comments?post=8035"}],"wp:featuredmedia":[{"embeddable":true,"href":"https:\/\/kastenkidz.com\/sk\/wp-json\/wp\/v2\/media\/8037"}],"wp:attachment":[{"href":"https:\/\/kastenkidz.com\/sk\/wp-json\/wp\/v2\/media?parent=8035"}],"wp:term":[{"taxonomy":"product_brand","embeddable":true,"href":"https:\/\/kastenkidz.com\/sk\/wp-json\/wp\/v2\/product_brand?post=8035"},{"taxonomy":"product_cat","embeddable":true,"href":"https:\/\/kastenkidz.com\/sk\/wp-json\/wp\/v2\/product_cat?post=8035"},{"taxonomy":"product_tag","embeddable":true,"href":"https:\/\/kastenkidz.com\/sk\/wp-json\/wp\/v2\/product_tag?post=8035"}],"curies":[{"name":"wp","href":"https:\/\/api.w.org\/{rel}","templated":true}]}}