{"id":8027,"date":"2025-02-06T16:45:39","date_gmt":"2025-02-06T16:45:39","guid":{"rendered":"https:\/\/kastenkidz.com\/product\/mozgovy-trening-s-priserkami\/"},"modified":"2025-07-20T19:09:24","modified_gmt":"2025-07-20T19:09:24","slug":"mozgovy-trening-s-priserkami","status":"publish","type":"product","link":"https:\/\/kastenkidz.com\/sk\/produkt\/mozgovy-trening-s-priserkami\/","title":{"rendered":"Mozgov\u00fd tr\u00e9ning s pr\u00ed\u0161erkami"},"content":{"rendered":"<p>U\u010dte a zabavte deti pomocou logickej sklada\u010dky \u201ePr\u00ed\u0161erky\u201c!   T\u00e1to hra je navrhnut\u00e1 na podporu pozornosti, logick\u00e9ho myslenia a vizu\u00e1lnych schopnost\u00ed. Obsahuje 1 hracie pole a 12 vzru\u0161uj\u00facich hern\u00fdch kariet. Ide o skvel\u00fd sp\u00f4sob, ako de\u0165om pom\u00f4c\u0165 zdokonali\u0165 si schopnosti rie\u0161i\u0165 probl\u00e9my a z\u00e1rove\u0148 ich zabavi\u0165!  <\/p>\n<p>Obsah: sklada\u010dka a r\u00e1m, 2 h\u00e1rky, form\u00e1t A4. <\/p>\n","protected":false},"excerpt":{"rendered":"<p>U\u010dte a zabavte deti pomocou logickej sklada\u010dky \u201ePr\u00ed\u0161erky\u201c! T\u00e1to hra je navrhnut\u00e1 na podporu pozornosti, logick\u00e9ho myslenia a vizu\u00e1lnych schopnost\u00ed. Obsahuje 1 hracie pole a 12 vzru\u0161uj\u00facich hern\u00fdch kariet. Ide o skvel\u00fd sp\u00f4sob, ako de\u0165om pom\u00f4c\u0165 zdokonali\u0165 si schopnosti rie\u0161i\u0165 probl\u00e9my a z\u00e1rove\u0148 ich zabavi\u0165! Obsah: sklada\u010dka a r\u00e1m, 2 h\u00e1rky, form\u00e1t A4.<\/p>\n","protected":false},"featured_media":8029,"comment_status":"closed","ping_status":"closed","template":"","meta":{"_acf_changed":false,"site-sidebar-layout":"default","site-content-layout":"","ast-site-content-layout":"default","site-content-style":"default","site-sidebar-style":"default","ast-global-header-display":"","ast-banner-title-visibility":"","ast-main-header-display":"","ast-hfb-above-header-display":"","ast-hfb-below-header-display":"","ast-hfb-mobile-header-display":"","site-post-title":"","ast-breadcrumbs-content":"","ast-featured-img":"","footer-sml-layout":"","ast-disable-related-posts":"","theme-transparent-header-meta":"default","adv-header-id-meta":"","stick-header-meta":"default","header-above-stick-meta":"","header-main-stick-meta":"","header-below-stick-meta":"","astra-migrate-meta-layouts":"default","ast-page-background-enabled":"default","ast-page-background-meta":{"desktop":{"background-color":"","background-image":"","background-repeat":"repeat","background-position":"center center","background-size":"auto","background-attachment":"scroll","background-type":"","background-media":"","overlay-type":"","overlay-color":"","overlay-opacity":"","overlay-gradient":""},"tablet":{"background-color":"","background-image":"","background-repeat":"repeat","background-position":"center center","background-size":"auto","background-attachment":"scroll","background-type":"","background-media":"","overlay-type":"","overlay-color":"","overlay-opacity":"","overlay-gradient":""},"mobile":{"background-color":"","background-image":"","background-repeat":"repeat","background-position":"center center","background-size":"auto","background-attachment":"scroll","background-type":"","background-media":"","overlay-type":"","overlay-color":"","overlay-opacity":"","overlay-gradient":""}},"ast-content-background-meta":{"desktop":{"background-color":"var(--ast-global-color-5)","background-image":"","background-repeat":"repeat","background-position":"center center","background-size":"auto","background-attachment":"scroll","background-type":"","background-media":"","overlay-type":"","overlay-color":"","overlay-opacity":"","overlay-gradient":""},"tablet":{"background-color":"var(--ast-global-color-5)","background-image":"","background-repeat":"repeat","background-position":"center center","background-size":"auto","background-attachment":"scroll","background-type":"","background-media":"","overlay-type":"","overlay-color":"","overlay-opacity":"","overlay-gradient":""},"mobile":{"background-color":"var(--ast-global-color-5)","background-image":"","background-repeat":"repeat","background-position":"center center","background-size":"auto","background-attachment":"scroll","background-type":"","background-media":"","overlay-type":"","overlay-color":"","overlay-opacity":"","overlay-gradient":""}}},"product_brand":[],"product_cat":[137,140],"product_tag":[],"class_list":{"0":"post-8027","1":"product","2":"type-product","3":"status-publish","4":"has-post-thumbnail","6":"product_cat-hry-sk","7":"product_cat-pamat-a-pozornost","8":"desktop-align-center","9":"tablet-align-left","10":"mobile-align-center","11":"ast-product-gallery-layout-first-image-large","12":"ast-product-gallery-with-no-image","13":"ast-product-tabs-layout-horizontal","15":"first","16":"instock","17":"sale","18":"downloadable","19":"virtual","20":"sold-individually","21":"purchasable","22":"product-type-simple"},"acf":[],"_links":{"self":[{"href":"https:\/\/kastenkidz.com\/sk\/wp-json\/wp\/v2\/product\/8027","targetHints":{"allow":["GET"]}}],"collection":[{"href":"https:\/\/kastenkidz.com\/sk\/wp-json\/wp\/v2\/product"}],"about":[{"href":"https:\/\/kastenkidz.com\/sk\/wp-json\/wp\/v2\/types\/product"}],"replies":[{"embeddable":true,"href":"https:\/\/kastenkidz.com\/sk\/wp-json\/wp\/v2\/comments?post=8027"}],"wp:featuredmedia":[{"embeddable":true,"href":"https:\/\/kastenkidz.com\/sk\/wp-json\/wp\/v2\/media\/8029"}],"wp:attachment":[{"href":"https:\/\/kastenkidz.com\/sk\/wp-json\/wp\/v2\/media?parent=8027"}],"wp:term":[{"taxonomy":"product_brand","embeddable":true,"href":"https:\/\/kastenkidz.com\/sk\/wp-json\/wp\/v2\/product_brand?post=8027"},{"taxonomy":"product_cat","embeddable":true,"href":"https:\/\/kastenkidz.com\/sk\/wp-json\/wp\/v2\/product_cat?post=8027"},{"taxonomy":"product_tag","embeddable":true,"href":"https:\/\/kastenkidz.com\/sk\/wp-json\/wp\/v2\/product_tag?post=8027"}],"curies":[{"name":"wp","href":"https:\/\/api.w.org\/{rel}","templated":true}]}}