{"id":8019,"date":"2025-02-06T16:45:39","date_gmt":"2025-02-06T16:45:39","guid":{"rendered":"https:\/\/kastenkidz.com\/product\/skladacka-s-malou-nasobilkou\/"},"modified":"2025-07-20T19:09:22","modified_gmt":"2025-07-20T19:09:22","slug":"skladacka-s-malou-nasobilkou","status":"publish","type":"product","link":"https:\/\/kastenkidz.com\/sk\/produkt\/skladacka-s-malou-nasobilkou\/","title":{"rendered":"Sklada\u010dka s malou n\u00e1sobilkou"},"content":{"rendered":"<p>Urobte de\u0165om z u\u010denia malej n\u00e1sobilky z\u00e1bavu v\u010faka tejto hravej sklada\u010dke! \u2716\ufe0f   T\u00e1to pom\u00f4cka premen\u00ed po\u010d\u00edtanie na vzru\u0161uj\u00facu hru a pom\u00f4\u017ee de\u0165om \u013eahko sa nau\u010di\u0165 a upevni\u0165 si vedomosti z malej n\u00e1sobilky. V\u010faka interakt\u00edvnym a p\u00fatav\u00fdm \u00faloh\u00e1m si deti osvoja matematick\u00e9 zru\u010dnosti bez toho, aby si uvedomili, \u017ee sa u\u010dia!  \u200d <\/p>\n<p>\u00dalohu tvor\u00ed 41 pr\u00edkladov n\u00e1sobenia. Jeden pr\u00edklad pozost\u00e1va z 3 \u010dast\u00ed sklada\u010dky. Dva men\u0161ie spodn\u00e9 dieliky sklada\u010dky predstavuj\u00fa pr\u00edklady n\u00e1sobenia a ve\u013ek\u00fd horn\u00fd dielik obsahuje v\u00fdsledky pr\u00edkladu. Die\u0165a mus\u00ed vypo\u010d\u00edta\u0165 pr\u00edklad n\u00e1sobenia a po n\u00e1jden\u00ed spr\u00e1vnej odpovede posklada\u0165 dieliky do sklada\u010dky.<\/p>\n<p>Obsah: 14 str\u00e1n. <\/p>\n","protected":false},"excerpt":{"rendered":"<p>Urobte de\u0165om z u\u010denia malej n\u00e1sobilky z\u00e1bavu v\u010faka tejto hravej sklada\u010dke! \u2716\ufe0f T\u00e1to pom\u00f4cka premen\u00ed po\u010d\u00edtanie na vzru\u0161uj\u00facu hru a pom\u00f4\u017ee de\u0165om \u013eahko sa nau\u010di\u0165 a upevni\u0165 si vedomosti z malej n\u00e1sobilky. V\u010faka interakt\u00edvnym a p\u00fatav\u00fdm \u00faloh\u00e1m si deti osvoja matematick\u00e9 zru\u010dnosti bez toho, aby si uvedomili, \u017ee sa u\u010dia! \u200d \u00dalohu tvor\u00ed 41 pr\u00edkladov [&hellip;]<\/p>\n","protected":false},"featured_media":8021,"comment_status":"closed","ping_status":"closed","template":"","meta":{"_acf_changed":false,"site-sidebar-layout":"default","site-content-layout":"","ast-site-content-layout":"default","site-content-style":"default","site-sidebar-style":"default","ast-global-header-display":"","ast-banner-title-visibility":"","ast-main-header-display":"","ast-hfb-above-header-display":"","ast-hfb-below-header-display":"","ast-hfb-mobile-header-display":"","site-post-title":"","ast-breadcrumbs-content":"","ast-featured-img":"","footer-sml-layout":"","ast-disable-related-posts":"","theme-transparent-header-meta":"default","adv-header-id-meta":"","stick-header-meta":"default","header-above-stick-meta":"","header-main-stick-meta":"","header-below-stick-meta":"","astra-migrate-meta-layouts":"default","ast-page-background-enabled":"default","ast-page-background-meta":{"desktop":{"background-color":"","background-image":"","background-repeat":"repeat","background-position":"center center","background-size":"auto","background-attachment":"scroll","background-type":"","background-media":"","overlay-type":"","overlay-color":"","overlay-opacity":"","overlay-gradient":""},"tablet":{"background-color":"","background-image":"","background-repeat":"repeat","background-position":"center center","background-size":"auto","background-attachment":"scroll","background-type":"","background-media":"","overlay-type":"","overlay-color":"","overlay-opacity":"","overlay-gradient":""},"mobile":{"background-color":"","background-image":"","background-repeat":"repeat","background-position":"center center","background-size":"auto","background-attachment":"scroll","background-type":"","background-media":"","overlay-type":"","overlay-color":"","overlay-opacity":"","overlay-gradient":""}},"ast-content-background-meta":{"desktop":{"background-color":"var(--ast-global-color-5)","background-image":"","background-repeat":"repeat","background-position":"center center","background-size":"auto","background-attachment":"scroll","background-type":"","background-media":"","overlay-type":"","overlay-color":"","overlay-opacity":"","overlay-gradient":""},"tablet":{"background-color":"var(--ast-global-color-5)","background-image":"","background-repeat":"repeat","background-position":"center center","background-size":"auto","background-attachment":"scroll","background-type":"","background-media":"","overlay-type":"","overlay-color":"","overlay-opacity":"","overlay-gradient":""},"mobile":{"background-color":"var(--ast-global-color-5)","background-image":"","background-repeat":"repeat","background-position":"center center","background-size":"auto","background-attachment":"scroll","background-type":"","background-media":"","overlay-type":"","overlay-color":"","overlay-opacity":"","overlay-gradient":""}}},"product_brand":[],"product_cat":[137,139],"product_tag":[],"class_list":{"0":"post-8019","1":"product","2":"type-product","3":"status-publish","4":"has-post-thumbnail","6":"product_cat-hry-sk","7":"product_cat-matematika-sk","8":"desktop-align-center","9":"tablet-align-left","10":"mobile-align-center","11":"ast-product-gallery-layout-first-image-large","12":"ast-product-gallery-with-no-image","13":"ast-product-tabs-layout-horizontal","15":"first","16":"instock","17":"sale","18":"downloadable","19":"virtual","20":"sold-individually","21":"purchasable","22":"product-type-simple"},"acf":[],"_links":{"self":[{"href":"https:\/\/kastenkidz.com\/sk\/wp-json\/wp\/v2\/product\/8019","targetHints":{"allow":["GET"]}}],"collection":[{"href":"https:\/\/kastenkidz.com\/sk\/wp-json\/wp\/v2\/product"}],"about":[{"href":"https:\/\/kastenkidz.com\/sk\/wp-json\/wp\/v2\/types\/product"}],"replies":[{"embeddable":true,"href":"https:\/\/kastenkidz.com\/sk\/wp-json\/wp\/v2\/comments?post=8019"}],"wp:featuredmedia":[{"embeddable":true,"href":"https:\/\/kastenkidz.com\/sk\/wp-json\/wp\/v2\/media\/8021"}],"wp:attachment":[{"href":"https:\/\/kastenkidz.com\/sk\/wp-json\/wp\/v2\/media?parent=8019"}],"wp:term":[{"taxonomy":"product_brand","embeddable":true,"href":"https:\/\/kastenkidz.com\/sk\/wp-json\/wp\/v2\/product_brand?post=8019"},{"taxonomy":"product_cat","embeddable":true,"href":"https:\/\/kastenkidz.com\/sk\/wp-json\/wp\/v2\/product_cat?post=8019"},{"taxonomy":"product_tag","embeddable":true,"href":"https:\/\/kastenkidz.com\/sk\/wp-json\/wp\/v2\/product_tag?post=8019"}],"curies":[{"name":"wp","href":"https:\/\/api.w.org\/{rel}","templated":true}]}}