{"id":8005,"date":"2025-02-06T16:45:39","date_gmt":"2025-02-06T16:45:39","guid":{"rendered":"https:\/\/kastenkidz.com\/product\/ciselne-puzzle\/"},"modified":"2025-07-20T19:09:20","modified_gmt":"2025-07-20T19:09:20","slug":"ciselne-puzzle","status":"publish","type":"product","link":"https:\/\/kastenkidz.com\/sk\/produkt\/ciselne-puzzle\/","title":{"rendered":"\u010c\u00edseln\u00e9 puzzle"},"content":{"rendered":"<p>\u00daloha obsahuje desa\u0165 \u010d\u00edsel od 1 do 10. Ka\u017ed\u00e9 \u010d\u00edslo sa sklad\u00e1 z puzzle dielikov. Vystrihnite v\u0161etky \u010d\u00edsla a rozde\u013ete ich na \u010dasti, aby ich die\u0165a mohlo posklada\u0165 a vytvori\u0165 tak \u010d\u00edsla. Ka\u017ed\u00fd \u010d\u00edseln\u00fd dielik obsahuje obr\u00e1zky s rovnak\u00fdm po\u010dtom polo\u017eiek, ako m\u00e1 \u010d\u00edslo, do ktor\u00e9ho patr\u00ed. Po\u017eiadajte die\u0165a, aby v\u00e1m povedalo, ko\u013eko obr\u00e1zkov napo\u010d\u00edtalo na vybranom \u010d\u00edselnom dieliku! <\/p>\n","protected":false},"excerpt":{"rendered":"<p>\u00daloha obsahuje desa\u0165 \u010d\u00edsel od 1 do 10. Ka\u017ed\u00e9 \u010d\u00edslo sa sklad\u00e1 z puzzle dielikov. Vystrihnite v\u0161etky \u010d\u00edsla a rozde\u013ete ich na \u010dasti, aby ich die\u0165a mohlo posklada\u0165 a vytvori\u0165 tak \u010d\u00edsla. Ka\u017ed\u00fd \u010d\u00edseln\u00fd dielik obsahuje obr\u00e1zky s rovnak\u00fdm po\u010dtom polo\u017eiek, ako m\u00e1 \u010d\u00edslo, do ktor\u00e9ho patr\u00ed. Po\u017eiadajte die\u0165a, aby v\u00e1m povedalo, ko\u013eko obr\u00e1zkov napo\u010d\u00edtalo [&hellip;]<\/p>\n","protected":false},"featured_media":8007,"comment_status":"closed","ping_status":"closed","template":"","meta":{"_acf_changed":false,"site-sidebar-layout":"default","site-content-layout":"","ast-site-content-layout":"default","site-content-style":"default","site-sidebar-style":"default","ast-global-header-display":"","ast-banner-title-visibility":"","ast-main-header-display":"","ast-hfb-above-header-display":"","ast-hfb-below-header-display":"","ast-hfb-mobile-header-display":"","site-post-title":"","ast-breadcrumbs-content":"","ast-featured-img":"","footer-sml-layout":"","ast-disable-related-posts":"","theme-transparent-header-meta":"default","adv-header-id-meta":"","stick-header-meta":"default","header-above-stick-meta":"","header-main-stick-meta":"","header-below-stick-meta":"","astra-migrate-meta-layouts":"default","ast-page-background-enabled":"default","ast-page-background-meta":{"desktop":{"background-color":"","background-image":"","background-repeat":"repeat","background-position":"center center","background-size":"auto","background-attachment":"scroll","background-type":"","background-media":"","overlay-type":"","overlay-color":"","overlay-opacity":"","overlay-gradient":""},"tablet":{"background-color":"","background-image":"","background-repeat":"repeat","background-position":"center center","background-size":"auto","background-attachment":"scroll","background-type":"","background-media":"","overlay-type":"","overlay-color":"","overlay-opacity":"","overlay-gradient":""},"mobile":{"background-color":"","background-image":"","background-repeat":"repeat","background-position":"center center","background-size":"auto","background-attachment":"scroll","background-type":"","background-media":"","overlay-type":"","overlay-color":"","overlay-opacity":"","overlay-gradient":""}},"ast-content-background-meta":{"desktop":{"background-color":"var(--ast-global-color-5)","background-image":"","background-repeat":"repeat","background-position":"center center","background-size":"auto","background-attachment":"scroll","background-type":"","background-media":"","overlay-type":"","overlay-color":"","overlay-opacity":"","overlay-gradient":""},"tablet":{"background-color":"var(--ast-global-color-5)","background-image":"","background-repeat":"repeat","background-position":"center center","background-size":"auto","background-attachment":"scroll","background-type":"","background-media":"","overlay-type":"","overlay-color":"","overlay-opacity":"","overlay-gradient":""},"mobile":{"background-color":"var(--ast-global-color-5)","background-image":"","background-repeat":"repeat","background-position":"center center","background-size":"auto","background-attachment":"scroll","background-type":"","background-media":"","overlay-type":"","overlay-color":"","overlay-opacity":"","overlay-gradient":""}}},"product_brand":[],"product_cat":[139],"product_tag":[],"class_list":{"0":"post-8005","1":"product","2":"type-product","3":"status-publish","4":"has-post-thumbnail","6":"product_cat-matematika-sk","7":"desktop-align-center","8":"tablet-align-left","9":"mobile-align-center","10":"ast-product-gallery-layout-first-image-large","11":"ast-product-tabs-layout-horizontal","13":"first","14":"instock","15":"sale","16":"downloadable","17":"virtual","18":"sold-individually","19":"purchasable","20":"product-type-simple"},"acf":[],"_links":{"self":[{"href":"https:\/\/kastenkidz.com\/sk\/wp-json\/wp\/v2\/product\/8005","targetHints":{"allow":["GET"]}}],"collection":[{"href":"https:\/\/kastenkidz.com\/sk\/wp-json\/wp\/v2\/product"}],"about":[{"href":"https:\/\/kastenkidz.com\/sk\/wp-json\/wp\/v2\/types\/product"}],"replies":[{"embeddable":true,"href":"https:\/\/kastenkidz.com\/sk\/wp-json\/wp\/v2\/comments?post=8005"}],"wp:featuredmedia":[{"embeddable":true,"href":"https:\/\/kastenkidz.com\/sk\/wp-json\/wp\/v2\/media\/8007"}],"wp:attachment":[{"href":"https:\/\/kastenkidz.com\/sk\/wp-json\/wp\/v2\/media?parent=8005"}],"wp:term":[{"taxonomy":"product_brand","embeddable":true,"href":"https:\/\/kastenkidz.com\/sk\/wp-json\/wp\/v2\/product_brand?post=8005"},{"taxonomy":"product_cat","embeddable":true,"href":"https:\/\/kastenkidz.com\/sk\/wp-json\/wp\/v2\/product_cat?post=8005"},{"taxonomy":"product_tag","embeddable":true,"href":"https:\/\/kastenkidz.com\/sk\/wp-json\/wp\/v2\/product_tag?post=8005"}],"curies":[{"name":"wp","href":"https:\/\/api.w.org\/{rel}","templated":true}]}}