{"id":7997,"date":"2025-02-06T16:45:39","date_gmt":"2025-02-06T16:45:39","guid":{"rendered":"https:\/\/kastenkidz.com\/product\/hra-na-ano-nie-so-zvieratami\/"},"modified":"2025-07-20T19:09:19","modified_gmt":"2025-07-20T19:09:19","slug":"hra-na-ano-nie-so-zvieratami","status":"publish","type":"product","link":"https:\/\/kastenkidz.com\/sk\/produkt\/hra-na-ano-nie-so-zvieratami\/","title":{"rendered":"Hra na \u00e1no\/nie so zvieratami"},"content":{"rendered":"<p>Pam\u00e4t\u00e1te si hru, v ktorej smiete odpoveda\u0165 len slovami \u00e1no alebo nie? Na mot\u00edvy tejto hry sme vytvorili verziu, do ktorej sa zapoj\u00ed cel\u00e1 rodina a ktor\u00e1 t\u00fdch najmen\u0161\u00edch podnieti k rozli\u0161ovaniu dom\u00e1cich a divok\u00fdch zvierat.<\/p>\n<p>Mus\u00edte si vytla\u010di\u0165 2 k\u00f3pie hern\u00fdch kariet.<br \/>\nPravidl\u00e1 hry. Jedna k\u00f3pia kariet mus\u00ed by\u0165 polo\u017een\u00e1 na stole l\u00edcom nahor, aby hr\u00e1\u010di videli, \u010do na kart\u00e1ch je, \u010di\u017ee zvierat\u00e1. Druh\u00fd bal\u00edk kariet polo\u017ete ako k\u00f4pku l\u00edcom nadol. Prv\u00fd hr\u00e1\u010d si z k\u00f4pky vezme kartu oto\u010den\u00fa l\u00edcom nadol, no neuk\u00e1\u017ee ju ostatn\u00fdm hr\u00e1\u010dom. Ostatn\u00ed hr\u00e1\u010di, ktor\u00ed vidia zvierat\u00e1 na vylo\u017een\u00fdch kart\u00e1ch, musia zisti\u0165, ak\u00e9 zviera si na karte vytiahol prv\u00fd hr\u00e1\u010d. Robia to tak, \u017ee mu klad\u00fa jednu ot\u00e1zku za druhou. Prv\u00fd hr\u00e1\u010d odpoved\u00e1 na ot\u00e1zky slovami \u00e1no alebo nie. Ke\u010f sa jeden z hr\u00e1\u010dov rozhodne, \u017ee u\u017e vie, o ak\u00e9 zviera ide, vezme zo stola kartu so zviera\u0165om. Ak je karta so zviera\u0165om spr\u00e1vna, hr\u00e1\u010d si ju ponech\u00e1 pre seba a karta s uh\u00e1dnut\u00fdm zviera\u0165om z k\u00f4pky s kartami l\u00edcom nadol sa z hry vyrad\u00ed. Potom si z k\u00f4pky potiahne kartu \u010fal\u0161\u00ed hr\u00e1\u010d a hra pokra\u010duje. Ak hr\u00e1\u010d neuh\u00e1dne spr\u00e1vne, odhalen\u00fa kartu mus\u00ed vr\u00e1ti\u0165 sp\u00e4\u0165 na st\u00f4l. Vyhr\u00e1va hr\u00e1\u010d, ktor\u00fd nazbiera najviac kariet.<\/p>\n<p>Obsah: 36 kariet so zvieratami. <\/p>\n","protected":false},"excerpt":{"rendered":"<p>Pam\u00e4t\u00e1te si hru, v ktorej smiete odpoveda\u0165 len slovami \u00e1no alebo nie? Na mot\u00edvy tejto hry sme vytvorili verziu, do ktorej sa zapoj\u00ed cel\u00e1 rodina a ktor\u00e1 t\u00fdch najmen\u0161\u00edch podnieti k rozli\u0161ovaniu dom\u00e1cich a divok\u00fdch zvierat. Mus\u00edte si vytla\u010di\u0165 2 k\u00f3pie hern\u00fdch kariet. Pravidl\u00e1 hry. Jedna k\u00f3pia kariet mus\u00ed by\u0165 polo\u017een\u00e1 na stole l\u00edcom nahor, [&hellip;]<\/p>\n","protected":false},"featured_media":7999,"comment_status":"closed","ping_status":"closed","template":"","meta":{"_acf_changed":false,"site-sidebar-layout":"default","site-content-layout":"","ast-site-content-layout":"default","site-content-style":"default","site-sidebar-style":"default","ast-global-header-display":"","ast-banner-title-visibility":"","ast-main-header-display":"","ast-hfb-above-header-display":"","ast-hfb-below-header-display":"","ast-hfb-mobile-header-display":"","site-post-title":"","ast-breadcrumbs-content":"","ast-featured-img":"","footer-sml-layout":"","ast-disable-related-posts":"","theme-transparent-header-meta":"default","adv-header-id-meta":"","stick-header-meta":"default","header-above-stick-meta":"","header-main-stick-meta":"","header-below-stick-meta":"","astra-migrate-meta-layouts":"default","ast-page-background-enabled":"default","ast-page-background-meta":{"desktop":{"background-color":"","background-image":"","background-repeat":"repeat","background-position":"center center","background-size":"auto","background-attachment":"scroll","background-type":"","background-media":"","overlay-type":"","overlay-color":"","overlay-opacity":"","overlay-gradient":""},"tablet":{"background-color":"","background-image":"","background-repeat":"repeat","background-position":"center center","background-size":"auto","background-attachment":"scroll","background-type":"","background-media":"","overlay-type":"","overlay-color":"","overlay-opacity":"","overlay-gradient":""},"mobile":{"background-color":"","background-image":"","background-repeat":"repeat","background-position":"center center","background-size":"auto","background-attachment":"scroll","background-type":"","background-media":"","overlay-type":"","overlay-color":"","overlay-opacity":"","overlay-gradient":""}},"ast-content-background-meta":{"desktop":{"background-color":"var(--ast-global-color-5)","background-image":"","background-repeat":"repeat","background-position":"center center","background-size":"auto","background-attachment":"scroll","background-type":"","background-media":"","overlay-type":"","overlay-color":"","overlay-opacity":"","overlay-gradient":""},"tablet":{"background-color":"var(--ast-global-color-5)","background-image":"","background-repeat":"repeat","background-position":"center center","background-size":"auto","background-attachment":"scroll","background-type":"","background-media":"","overlay-type":"","overlay-color":"","overlay-opacity":"","overlay-gradient":""},"mobile":{"background-color":"var(--ast-global-color-5)","background-image":"","background-repeat":"repeat","background-position":"center center","background-size":"auto","background-attachment":"scroll","background-type":"","background-media":"","overlay-type":"","overlay-color":"","overlay-opacity":"","overlay-gradient":""}}},"product_brand":[],"product_cat":[137],"product_tag":[],"class_list":{"0":"post-7997","1":"product","2":"type-product","3":"status-publish","4":"has-post-thumbnail","6":"product_cat-hry-sk","7":"desktop-align-center","8":"tablet-align-left","9":"mobile-align-center","10":"ast-product-gallery-layout-first-image-large","11":"ast-product-gallery-with-no-image","12":"ast-product-tabs-layout-horizontal","14":"first","15":"instock","16":"sale","17":"downloadable","18":"virtual","19":"sold-individually","20":"purchasable","21":"product-type-simple"},"acf":[],"_links":{"self":[{"href":"https:\/\/kastenkidz.com\/sk\/wp-json\/wp\/v2\/product\/7997","targetHints":{"allow":["GET"]}}],"collection":[{"href":"https:\/\/kastenkidz.com\/sk\/wp-json\/wp\/v2\/product"}],"about":[{"href":"https:\/\/kastenkidz.com\/sk\/wp-json\/wp\/v2\/types\/product"}],"replies":[{"embeddable":true,"href":"https:\/\/kastenkidz.com\/sk\/wp-json\/wp\/v2\/comments?post=7997"}],"wp:featuredmedia":[{"embeddable":true,"href":"https:\/\/kastenkidz.com\/sk\/wp-json\/wp\/v2\/media\/7999"}],"wp:attachment":[{"href":"https:\/\/kastenkidz.com\/sk\/wp-json\/wp\/v2\/media?parent=7997"}],"wp:term":[{"taxonomy":"product_brand","embeddable":true,"href":"https:\/\/kastenkidz.com\/sk\/wp-json\/wp\/v2\/product_brand?post=7997"},{"taxonomy":"product_cat","embeddable":true,"href":"https:\/\/kastenkidz.com\/sk\/wp-json\/wp\/v2\/product_cat?post=7997"},{"taxonomy":"product_tag","embeddable":true,"href":"https:\/\/kastenkidz.com\/sk\/wp-json\/wp\/v2\/product_tag?post=7997"}],"curies":[{"name":"wp","href":"https:\/\/api.w.org\/{rel}","templated":true}]}}