{"id":7983,"date":"2025-02-06T16:45:39","date_gmt":"2025-02-06T16:45:39","guid":{"rendered":"https:\/\/kastenkidz.com\/product\/hra-mam-so-zeleninou-a-plodmi\/"},"modified":"2025-07-20T19:09:16","modified_gmt":"2025-07-20T19:09:16","slug":"hra-mam-so-zeleninou-a-plodmi","status":"publish","type":"product","link":"https:\/\/kastenkidz.com\/sk\/produkt\/hra-mam-so-zeleninou-a-plodmi\/","title":{"rendered":"Hra \u201eM\u00e1m\u2026\u201c so zeleninou a  plodmi"},"content":{"rendered":"<p>\u201eM\u00e1m\u2026\u201c so zeleninou a ovoc\u00edm je nielen hra, ale aj pom\u00f4cka, ktor\u00e1 de\u0165om pom\u00f4\u017ee rozpozna\u0165 a nau\u010di\u0165 sa najbe\u017enej\u0161ie druhy ovocia a zeleniny.<br \/>\nPravidl\u00e1 hry: V\u0161etky karty rozdajte hr\u00e1\u010dom. Vyberte die\u0165a, ktor\u00e9 za\u010dne hru. Hr\u00e1\u010d mus\u00ed nahlas poveda\u0165 \u201eKto m\u00e1\u2026?\u201c a pomenova\u0165 obr\u00e1zok ni\u017e\u0161ie na karte (napr. uhorka). \u010ci\u017ee: \u201eKto m\u00e1 uhorku?\u201c Ostatn\u00ed hr\u00e1\u010di potom skontroluj\u00fa, \u010di maj\u00fa na svojich kart\u00e1ch dan\u00fa vec (uhorku). Die\u0165a, ktor\u00e9 m\u00e1 na karte uhorku, mus\u00ed zakri\u010da\u0165 \u201eM\u00e1m uhorku\u201c a sp\u00fdta\u0165 sa ostatn\u00fdch det\u00ed: \u201eKto m\u00e1\u2026?\u201c plus to, \u010do je na obr\u00e1zku ni\u017e\u0161ie (napr. anan\u00e1s). Die\u0165a kartu odlo\u017e\u00ed bokom a ak mu u\u017e nezost\u00e1vaj\u00fa na ruke \u017eiadne karty, op\u00fa\u0161\u0165a hru. Ostatn\u00e9 deti h\u013eadaj\u00fa na svojich kart\u00e1ch anan\u00e1s, a\u017e k\u00fdm ho niektor\u00e9 nen\u00e1jde\u2026 Hra kon\u010d\u00ed, ak u\u017e nezost\u00e1vaj\u00fa \u017eiadne karty.<\/p>\n<p>Obsahuje: 24 kariet s ovoc\u00edm a zeleninou <\/p>\n","protected":false},"excerpt":{"rendered":"<p>\u201eM\u00e1m\u2026\u201c so zeleninou a ovoc\u00edm je nielen hra, ale aj pom\u00f4cka, ktor\u00e1 de\u0165om pom\u00f4\u017ee rozpozna\u0165 a nau\u010di\u0165 sa najbe\u017enej\u0161ie druhy ovocia a zeleniny. Pravidl\u00e1 hry: V\u0161etky karty rozdajte hr\u00e1\u010dom. Vyberte die\u0165a, ktor\u00e9 za\u010dne hru. Hr\u00e1\u010d mus\u00ed nahlas poveda\u0165 \u201eKto m\u00e1\u2026?\u201c a pomenova\u0165 obr\u00e1zok ni\u017e\u0161ie na karte (napr. uhorka). \u010ci\u017ee: \u201eKto m\u00e1 uhorku?\u201c Ostatn\u00ed hr\u00e1\u010di potom [&hellip;]<\/p>\n","protected":false},"featured_media":7985,"comment_status":"closed","ping_status":"closed","template":"","meta":{"_acf_changed":false,"site-sidebar-layout":"default","site-content-layout":"","ast-site-content-layout":"default","site-content-style":"default","site-sidebar-style":"default","ast-global-header-display":"","ast-banner-title-visibility":"","ast-main-header-display":"","ast-hfb-above-header-display":"","ast-hfb-below-header-display":"","ast-hfb-mobile-header-display":"","site-post-title":"","ast-breadcrumbs-content":"","ast-featured-img":"","footer-sml-layout":"","ast-disable-related-posts":"","theme-transparent-header-meta":"default","adv-header-id-meta":"","stick-header-meta":"default","header-above-stick-meta":"","header-main-stick-meta":"","header-below-stick-meta":"","astra-migrate-meta-layouts":"default","ast-page-background-enabled":"default","ast-page-background-meta":{"desktop":{"background-color":"","background-image":"","background-repeat":"repeat","background-position":"center center","background-size":"auto","background-attachment":"scroll","background-type":"","background-media":"","overlay-type":"","overlay-color":"","overlay-opacity":"","overlay-gradient":""},"tablet":{"background-color":"","background-image":"","background-repeat":"repeat","background-position":"center center","background-size":"auto","background-attachment":"scroll","background-type":"","background-media":"","overlay-type":"","overlay-color":"","overlay-opacity":"","overlay-gradient":""},"mobile":{"background-color":"","background-image":"","background-repeat":"repeat","background-position":"center center","background-size":"auto","background-attachment":"scroll","background-type":"","background-media":"","overlay-type":"","overlay-color":"","overlay-opacity":"","overlay-gradient":""}},"ast-content-background-meta":{"desktop":{"background-color":"var(--ast-global-color-5)","background-image":"","background-repeat":"repeat","background-position":"center center","background-size":"auto","background-attachment":"scroll","background-type":"","background-media":"","overlay-type":"","overlay-color":"","overlay-opacity":"","overlay-gradient":""},"tablet":{"background-color":"var(--ast-global-color-5)","background-image":"","background-repeat":"repeat","background-position":"center center","background-size":"auto","background-attachment":"scroll","background-type":"","background-media":"","overlay-type":"","overlay-color":"","overlay-opacity":"","overlay-gradient":""},"mobile":{"background-color":"var(--ast-global-color-5)","background-image":"","background-repeat":"repeat","background-position":"center center","background-size":"auto","background-attachment":"scroll","background-type":"","background-media":"","overlay-type":"","overlay-color":"","overlay-opacity":"","overlay-gradient":""}}},"product_brand":[],"product_cat":[137],"product_tag":[],"class_list":{"0":"post-7983","1":"product","2":"type-product","3":"status-publish","4":"has-post-thumbnail","6":"product_cat-hry-sk","7":"desktop-align-center","8":"tablet-align-left","9":"mobile-align-center","10":"ast-product-gallery-layout-first-image-large","11":"ast-product-tabs-layout-horizontal","13":"first","14":"instock","15":"sale","16":"downloadable","17":"virtual","18":"sold-individually","19":"purchasable","20":"product-type-simple"},"acf":[],"_links":{"self":[{"href":"https:\/\/kastenkidz.com\/sk\/wp-json\/wp\/v2\/product\/7983","targetHints":{"allow":["GET"]}}],"collection":[{"href":"https:\/\/kastenkidz.com\/sk\/wp-json\/wp\/v2\/product"}],"about":[{"href":"https:\/\/kastenkidz.com\/sk\/wp-json\/wp\/v2\/types\/product"}],"replies":[{"embeddable":true,"href":"https:\/\/kastenkidz.com\/sk\/wp-json\/wp\/v2\/comments?post=7983"}],"wp:featuredmedia":[{"embeddable":true,"href":"https:\/\/kastenkidz.com\/sk\/wp-json\/wp\/v2\/media\/7985"}],"wp:attachment":[{"href":"https:\/\/kastenkidz.com\/sk\/wp-json\/wp\/v2\/media?parent=7983"}],"wp:term":[{"taxonomy":"product_brand","embeddable":true,"href":"https:\/\/kastenkidz.com\/sk\/wp-json\/wp\/v2\/product_brand?post=7983"},{"taxonomy":"product_cat","embeddable":true,"href":"https:\/\/kastenkidz.com\/sk\/wp-json\/wp\/v2\/product_cat?post=7983"},{"taxonomy":"product_tag","embeddable":true,"href":"https:\/\/kastenkidz.com\/sk\/wp-json\/wp\/v2\/product_tag?post=7983"}],"curies":[{"name":"wp","href":"https:\/\/api.w.org\/{rel}","templated":true}]}}