{"id":7969,"date":"2025-02-06T16:45:39","date_gmt":"2025-02-06T16:45:39","guid":{"rendered":"https:\/\/kastenkidz.com\/product\/rozpoznaj-emocie\/"},"modified":"2025-07-20T19:09:14","modified_gmt":"2025-07-20T19:09:14","slug":"rozpoznaj-emocie","status":"publish","type":"product","link":"https:\/\/kastenkidz.com\/sk\/produkt\/rozpoznaj-emocie\/","title":{"rendered":"Rozpoznaj em\u00f3cie"},"content":{"rendered":"<p>Hra na rozpozn\u00e1vanie em\u00f3ci\u00ed pom\u00e1ha de\u0165om lep\u0161ie porozumie\u0165 vlastn\u00fdm em\u00f3ci\u00e1m aj em\u00f3ci\u00e1m in\u00fdch \u013eud\u00ed.<br \/>\nMo\u017en\u00e9 hry:<br \/>\n1. Uh\u00e1dnite em\u00f3ciu. Vytiahnite si jednu kartu s em\u00f3ciami, pozorne ju presk\u00famajte<br \/>\na ke\u010f pochop\u00edte, ak\u00fa em\u00f3ciu zobrazuje, povedzte, kedy sa c\u00edtite rovnako.<br \/>\n2. Zahrajte em\u00f3ciu bez slov. Po vytiahnut\u00ed karty s em\u00f3ciou si \u00fa\u010dastn\u00edci hry potichu pre\u010d\u00edtaj\u00fa n\u00e1zov em\u00f3cie a pok\u00fasia sa ju ostatn\u00fdm zahra\u0165. Ostatn\u00ed hr\u00e1\u010di musia uh\u00e1dnu\u0165, o ak\u00fa em\u00f3ciu ide.<br \/>\nVhodn\u00e9 na hranie vo dvojiciach aj skupin\u00e1ch.<\/p>\n<p>Obsah: 24 kariet s em\u00f3ciami. <\/p>\n","protected":false},"excerpt":{"rendered":"<p>Hra na rozpozn\u00e1vanie em\u00f3ci\u00ed pom\u00e1ha de\u0165om lep\u0161ie porozumie\u0165 vlastn\u00fdm em\u00f3ci\u00e1m aj em\u00f3ci\u00e1m in\u00fdch \u013eud\u00ed. Mo\u017en\u00e9 hry: 1. Uh\u00e1dnite em\u00f3ciu. Vytiahnite si jednu kartu s em\u00f3ciami, pozorne ju presk\u00famajte a ke\u010f pochop\u00edte, ak\u00fa em\u00f3ciu zobrazuje, povedzte, kedy sa c\u00edtite rovnako. 2. Zahrajte em\u00f3ciu bez slov. Po vytiahnut\u00ed karty s em\u00f3ciou si \u00fa\u010dastn\u00edci hry potichu pre\u010d\u00edtaj\u00fa n\u00e1zov [&hellip;]<\/p>\n","protected":false},"featured_media":7971,"comment_status":"closed","ping_status":"closed","template":"","meta":{"_acf_changed":false,"site-sidebar-layout":"default","site-content-layout":"","ast-site-content-layout":"default","site-content-style":"default","site-sidebar-style":"default","ast-global-header-display":"","ast-banner-title-visibility":"","ast-main-header-display":"","ast-hfb-above-header-display":"","ast-hfb-below-header-display":"","ast-hfb-mobile-header-display":"","site-post-title":"","ast-breadcrumbs-content":"","ast-featured-img":"","footer-sml-layout":"","ast-disable-related-posts":"","theme-transparent-header-meta":"default","adv-header-id-meta":"","stick-header-meta":"default","header-above-stick-meta":"","header-main-stick-meta":"","header-below-stick-meta":"","astra-migrate-meta-layouts":"default","ast-page-background-enabled":"default","ast-page-background-meta":{"desktop":{"background-color":"","background-image":"","background-repeat":"repeat","background-position":"center center","background-size":"auto","background-attachment":"scroll","background-type":"","background-media":"","overlay-type":"","overlay-color":"","overlay-opacity":"","overlay-gradient":""},"tablet":{"background-color":"","background-image":"","background-repeat":"repeat","background-position":"center center","background-size":"auto","background-attachment":"scroll","background-type":"","background-media":"","overlay-type":"","overlay-color":"","overlay-opacity":"","overlay-gradient":""},"mobile":{"background-color":"","background-image":"","background-repeat":"repeat","background-position":"center center","background-size":"auto","background-attachment":"scroll","background-type":"","background-media":"","overlay-type":"","overlay-color":"","overlay-opacity":"","overlay-gradient":""}},"ast-content-background-meta":{"desktop":{"background-color":"var(--ast-global-color-5)","background-image":"","background-repeat":"repeat","background-position":"center center","background-size":"auto","background-attachment":"scroll","background-type":"","background-media":"","overlay-type":"","overlay-color":"","overlay-opacity":"","overlay-gradient":""},"tablet":{"background-color":"var(--ast-global-color-5)","background-image":"","background-repeat":"repeat","background-position":"center center","background-size":"auto","background-attachment":"scroll","background-type":"","background-media":"","overlay-type":"","overlay-color":"","overlay-opacity":"","overlay-gradient":""},"mobile":{"background-color":"var(--ast-global-color-5)","background-image":"","background-repeat":"repeat","background-position":"center center","background-size":"auto","background-attachment":"scroll","background-type":"","background-media":"","overlay-type":"","overlay-color":"","overlay-opacity":"","overlay-gradient":""}}},"product_brand":[],"product_cat":[141],"product_tag":[],"class_list":{"0":"post-7969","1":"product","2":"type-product","3":"status-publish","4":"has-post-thumbnail","6":"product_cat-skladacky-a-karty","7":"desktop-align-center","8":"tablet-align-left","9":"mobile-align-center","10":"ast-product-gallery-layout-first-image-large","11":"ast-product-tabs-layout-horizontal","13":"first","14":"instock","15":"sale","16":"downloadable","17":"virtual","18":"sold-individually","19":"purchasable","20":"product-type-simple"},"acf":[],"_links":{"self":[{"href":"https:\/\/kastenkidz.com\/sk\/wp-json\/wp\/v2\/product\/7969","targetHints":{"allow":["GET"]}}],"collection":[{"href":"https:\/\/kastenkidz.com\/sk\/wp-json\/wp\/v2\/product"}],"about":[{"href":"https:\/\/kastenkidz.com\/sk\/wp-json\/wp\/v2\/types\/product"}],"replies":[{"embeddable":true,"href":"https:\/\/kastenkidz.com\/sk\/wp-json\/wp\/v2\/comments?post=7969"}],"wp:featuredmedia":[{"embeddable":true,"href":"https:\/\/kastenkidz.com\/sk\/wp-json\/wp\/v2\/media\/7971"}],"wp:attachment":[{"href":"https:\/\/kastenkidz.com\/sk\/wp-json\/wp\/v2\/media?parent=7969"}],"wp:term":[{"taxonomy":"product_brand","embeddable":true,"href":"https:\/\/kastenkidz.com\/sk\/wp-json\/wp\/v2\/product_brand?post=7969"},{"taxonomy":"product_cat","embeddable":true,"href":"https:\/\/kastenkidz.com\/sk\/wp-json\/wp\/v2\/product_cat?post=7969"},{"taxonomy":"product_tag","embeddable":true,"href":"https:\/\/kastenkidz.com\/sk\/wp-json\/wp\/v2\/product_tag?post=7969"}],"curies":[{"name":"wp","href":"https:\/\/api.w.org\/{rel}","templated":true}]}}