{"id":7955,"date":"2025-02-06T16:45:39","date_gmt":"2025-02-06T16:45:39","guid":{"rendered":"https:\/\/kastenkidz.com\/product\/detsky-narodeninovy-kalendar\/"},"modified":"2025-07-26T09:57:02","modified_gmt":"2025-07-26T09:57:02","slug":"detsky-narodeninovy-kalendar","status":"publish","type":"product","link":"https:\/\/kastenkidz.com\/sk\/produkt\/detsky-narodeninovy-kalendar\/","title":{"rendered":"Detsk\u00fd narodeninov\u00fd kalend\u00e1r"},"content":{"rendered":"<p>So z\u00e1bavn\u00fdm narodeninov\u00fdm kalend\u00e1rom si udr\u017e\u00edte preh\u013ead o v\u0161etk\u00fdch \u0161peci\u00e1lnych d\u0148och! Tento farebn\u00fd kalend\u00e1r je ako stvoren\u00fd na zap\u00edsanie naroden\u00edn v\u0161etk\u00fdch va\u0161ich det\u00ed. Pom\u00f4\u017ee v\u00e1m osl\u00e1vi\u0165 ka\u017ed\u00fd ich m\u00ed\u013enik a s\u00fa\u010dasne na ni\u010d nezabudn\u00fa\u0165. Ide o skvel\u00fd sp\u00f4sob, ako narodeniny urobi\u0165 e\u0161te nezabudnute\u013enej\u0161\u00edmi!<\/p>\n<p>Zlo\u017eenie: 12 kol\u00e1\u010dikov \u2013 3 h\u00e1rky form\u00e1tu A4,ve\u013ek\u00fd kol\u00e1\u010dik \u2013 1 h\u00e1rok form\u00e1tu A4,<br \/>\nmal\u00e9 svie\u010dky \u2013 2 h\u00e1rky form\u00e1tu A4,<br \/>\nve\u013ek\u00e9 svie\u010dky \u2013 1 h\u00e1rok form\u00e1tu A4.<\/p>\n","protected":false},"excerpt":{"rendered":"<p>So z\u00e1bavn\u00fdm narodeninov\u00fdm kalend\u00e1rom si udr\u017e\u00edte preh\u013ead o v\u0161etk\u00fdch \u0161peci\u00e1lnych d\u0148och! Tento farebn\u00fd kalend\u00e1r je ako stvoren\u00fd na zap\u00edsanie naroden\u00edn v\u0161etk\u00fdch va\u0161ich det\u00ed. Pom\u00f4\u017ee v\u00e1m osl\u00e1vi\u0165 ka\u017ed\u00fd ich m\u00ed\u013enik a s\u00fa\u010dasne na ni\u010d nezabudn\u00fa\u0165. Ide o skvel\u00fd sp\u00f4sob, ako narodeniny urobi\u0165 e\u0161te nezabudnute\u013enej\u0161\u00edmi! Zlo\u017eenie: 12 kol\u00e1\u010dikov \u2013 3 h\u00e1rky form\u00e1tu A4,ve\u013ek\u00fd kol\u00e1\u010dik \u2013 1 h\u00e1rok [&hellip;]<\/p>\n","protected":false},"featured_media":7957,"comment_status":"closed","ping_status":"closed","template":"","meta":{"_acf_changed":false,"site-sidebar-layout":"default","site-content-layout":"","ast-site-content-layout":"default","site-content-style":"default","site-sidebar-style":"default","ast-global-header-display":"","ast-banner-title-visibility":"","ast-main-header-display":"","ast-hfb-above-header-display":"","ast-hfb-below-header-display":"","ast-hfb-mobile-header-display":"","site-post-title":"","ast-breadcrumbs-content":"","ast-featured-img":"","footer-sml-layout":"","ast-disable-related-posts":"","theme-transparent-header-meta":"default","adv-header-id-meta":"","stick-header-meta":"default","header-above-stick-meta":"","header-main-stick-meta":"","header-below-stick-meta":"","astra-migrate-meta-layouts":"set","ast-page-background-enabled":"default","ast-page-background-meta":{"desktop":{"background-color":"","background-image":"","background-repeat":"repeat","background-position":"center center","background-size":"auto","background-attachment":"scroll","background-type":"","background-media":"","overlay-type":"","overlay-color":"","overlay-opacity":"","overlay-gradient":""},"tablet":{"background-color":"","background-image":"","background-repeat":"repeat","background-position":"center center","background-size":"auto","background-attachment":"scroll","background-type":"","background-media":"","overlay-type":"","overlay-color":"","overlay-opacity":"","overlay-gradient":""},"mobile":{"background-color":"","background-image":"","background-repeat":"repeat","background-position":"center center","background-size":"auto","background-attachment":"scroll","background-type":"","background-media":"","overlay-type":"","overlay-color":"","overlay-opacity":"","overlay-gradient":""}},"ast-content-background-meta":{"desktop":{"background-color":"var(--ast-global-color-5)","background-image":"","background-repeat":"repeat","background-position":"center center","background-size":"auto","background-attachment":"scroll","background-type":"","background-media":"","overlay-type":"","overlay-color":"","overlay-opacity":"","overlay-gradient":""},"tablet":{"background-color":"var(--ast-global-color-5)","background-image":"","background-repeat":"repeat","background-position":"center center","background-size":"auto","background-attachment":"scroll","background-type":"","background-media":"","overlay-type":"","overlay-color":"","overlay-opacity":"","overlay-gradient":""},"mobile":{"background-color":"var(--ast-global-color-5)","background-image":"","background-repeat":"repeat","background-position":"center center","background-size":"auto","background-attachment":"scroll","background-type":"","background-media":"","overlay-type":"","overlay-color":"","overlay-opacity":"","overlay-gradient":""}}},"product_brand":[],"product_cat":[141],"product_tag":[],"class_list":{"0":"post-7955","1":"product","2":"type-product","3":"status-publish","4":"has-post-thumbnail","6":"product_cat-skladacky-a-karty","7":"desktop-align-center","8":"tablet-align-left","9":"mobile-align-center","10":"ast-product-gallery-layout-first-image-large","11":"ast-product-tabs-layout-horizontal","13":"first","14":"instock","15":"sale","16":"downloadable","17":"virtual","18":"sold-individually","19":"purchasable","20":"product-type-simple"},"acf":[],"_links":{"self":[{"href":"https:\/\/kastenkidz.com\/sk\/wp-json\/wp\/v2\/product\/7955","targetHints":{"allow":["GET"]}}],"collection":[{"href":"https:\/\/kastenkidz.com\/sk\/wp-json\/wp\/v2\/product"}],"about":[{"href":"https:\/\/kastenkidz.com\/sk\/wp-json\/wp\/v2\/types\/product"}],"replies":[{"embeddable":true,"href":"https:\/\/kastenkidz.com\/sk\/wp-json\/wp\/v2\/comments?post=7955"}],"wp:featuredmedia":[{"embeddable":true,"href":"https:\/\/kastenkidz.com\/sk\/wp-json\/wp\/v2\/media\/7957"}],"wp:attachment":[{"href":"https:\/\/kastenkidz.com\/sk\/wp-json\/wp\/v2\/media?parent=7955"}],"wp:term":[{"taxonomy":"product_brand","embeddable":true,"href":"https:\/\/kastenkidz.com\/sk\/wp-json\/wp\/v2\/product_brand?post=7955"},{"taxonomy":"product_cat","embeddable":true,"href":"https:\/\/kastenkidz.com\/sk\/wp-json\/wp\/v2\/product_cat?post=7955"},{"taxonomy":"product_tag","embeddable":true,"href":"https:\/\/kastenkidz.com\/sk\/wp-json\/wp\/v2\/product_tag?post=7955"}],"curies":[{"name":"wp","href":"https:\/\/api.w.org\/{rel}","templated":true}]}}