{"id":7947,"date":"2025-02-06T16:45:39","date_gmt":"2025-02-06T16:45:39","guid":{"rendered":"https:\/\/kastenkidz.com\/product\/hra-na-rozpoznavanie-tvarov-a-farieb\/"},"modified":"2025-07-20T19:09:11","modified_gmt":"2025-07-20T19:09:11","slug":"hra-na-rozpoznavanie-tvarov-a-farieb","status":"publish","type":"product","link":"https:\/\/kastenkidz.com\/sk\/produkt\/hra-na-rozpoznavanie-tvarov-a-farieb\/","title":{"rendered":"Hra na rozpozn\u00e1vanie tvarov a farieb"},"content":{"rendered":"<p>Z\u00e1bavn\u00e1 a motivuj\u00faca stolov\u00e1 hra pre najmen\u0161\u00edch!   T\u00e1to vzru\u0161uj\u00faca hra pom\u00e1ha de\u0165om osvoji\u0165 si farby, geometrick\u00e9 tvary \u010di symboly a z\u00edskan\u00e9 vedomosti \u010falej upev\u0148ova\u0165.<br \/>\nDeti si zamiluj\u00fa k\u0155menie \u017eraloka prira\u010fovan\u00edm r\u00fdb pod\u013ea tvarov a farieb na kart\u00e1ch. Ide o hrav\u00fd sp\u00f4sob, ako rozv\u00edja\u0165 d\u00f4le\u017eit\u00e9 zru\u010dnosti a z\u00e1rove\u0148 sa zabavi\u0165!<br \/>\nVe\u013ea \u0161\u0165astia na ryb\u00e1ch! <\/p>\n","protected":false},"excerpt":{"rendered":"<p>Z\u00e1bavn\u00e1 a motivuj\u00faca stolov\u00e1 hra pre najmen\u0161\u00edch! T\u00e1to vzru\u0161uj\u00faca hra pom\u00e1ha de\u0165om osvoji\u0165 si farby, geometrick\u00e9 tvary \u010di symboly a z\u00edskan\u00e9 vedomosti \u010falej upev\u0148ova\u0165. Deti si zamiluj\u00fa k\u0155menie \u017eraloka prira\u010fovan\u00edm r\u00fdb pod\u013ea tvarov a farieb na kart\u00e1ch. Ide o hrav\u00fd sp\u00f4sob, ako rozv\u00edja\u0165 d\u00f4le\u017eit\u00e9 zru\u010dnosti a z\u00e1rove\u0148 sa zabavi\u0165! Ve\u013ea \u0161\u0165astia na ryb\u00e1ch!<\/p>\n","protected":false},"featured_media":7949,"comment_status":"closed","ping_status":"closed","template":"","meta":{"_acf_changed":false,"site-sidebar-layout":"default","site-content-layout":"","ast-site-content-layout":"default","site-content-style":"default","site-sidebar-style":"default","ast-global-header-display":"","ast-banner-title-visibility":"","ast-main-header-display":"","ast-hfb-above-header-display":"","ast-hfb-below-header-display":"","ast-hfb-mobile-header-display":"","site-post-title":"","ast-breadcrumbs-content":"","ast-featured-img":"","footer-sml-layout":"","ast-disable-related-posts":"","theme-transparent-header-meta":"default","adv-header-id-meta":"","stick-header-meta":"default","header-above-stick-meta":"","header-main-stick-meta":"","header-below-stick-meta":"","astra-migrate-meta-layouts":"default","ast-page-background-enabled":"default","ast-page-background-meta":{"desktop":{"background-color":"","background-image":"","background-repeat":"repeat","background-position":"center center","background-size":"auto","background-attachment":"scroll","background-type":"","background-media":"","overlay-type":"","overlay-color":"","overlay-opacity":"","overlay-gradient":""},"tablet":{"background-color":"","background-image":"","background-repeat":"repeat","background-position":"center center","background-size":"auto","background-attachment":"scroll","background-type":"","background-media":"","overlay-type":"","overlay-color":"","overlay-opacity":"","overlay-gradient":""},"mobile":{"background-color":"","background-image":"","background-repeat":"repeat","background-position":"center center","background-size":"auto","background-attachment":"scroll","background-type":"","background-media":"","overlay-type":"","overlay-color":"","overlay-opacity":"","overlay-gradient":""}},"ast-content-background-meta":{"desktop":{"background-color":"var(--ast-global-color-5)","background-image":"","background-repeat":"repeat","background-position":"center center","background-size":"auto","background-attachment":"scroll","background-type":"","background-media":"","overlay-type":"","overlay-color":"","overlay-opacity":"","overlay-gradient":""},"tablet":{"background-color":"var(--ast-global-color-5)","background-image":"","background-repeat":"repeat","background-position":"center center","background-size":"auto","background-attachment":"scroll","background-type":"","background-media":"","overlay-type":"","overlay-color":"","overlay-opacity":"","overlay-gradient":""},"mobile":{"background-color":"var(--ast-global-color-5)","background-image":"","background-repeat":"repeat","background-position":"center center","background-size":"auto","background-attachment":"scroll","background-type":"","background-media":"","overlay-type":"","overlay-color":"","overlay-opacity":"","overlay-gradient":""}}},"product_brand":[],"product_cat":[137],"product_tag":[],"class_list":{"0":"post-7947","1":"product","2":"type-product","3":"status-publish","4":"has-post-thumbnail","6":"product_cat-hry-sk","7":"desktop-align-center","8":"tablet-align-left","9":"mobile-align-center","10":"ast-product-gallery-layout-first-image-large","11":"ast-product-gallery-with-no-image","12":"ast-product-tabs-layout-horizontal","14":"first","15":"instock","16":"sale","17":"downloadable","18":"virtual","19":"sold-individually","20":"purchasable","21":"product-type-simple"},"acf":[],"_links":{"self":[{"href":"https:\/\/kastenkidz.com\/sk\/wp-json\/wp\/v2\/product\/7947","targetHints":{"allow":["GET"]}}],"collection":[{"href":"https:\/\/kastenkidz.com\/sk\/wp-json\/wp\/v2\/product"}],"about":[{"href":"https:\/\/kastenkidz.com\/sk\/wp-json\/wp\/v2\/types\/product"}],"replies":[{"embeddable":true,"href":"https:\/\/kastenkidz.com\/sk\/wp-json\/wp\/v2\/comments?post=7947"}],"wp:featuredmedia":[{"embeddable":true,"href":"https:\/\/kastenkidz.com\/sk\/wp-json\/wp\/v2\/media\/7949"}],"wp:attachment":[{"href":"https:\/\/kastenkidz.com\/sk\/wp-json\/wp\/v2\/media?parent=7947"}],"wp:term":[{"taxonomy":"product_brand","embeddable":true,"href":"https:\/\/kastenkidz.com\/sk\/wp-json\/wp\/v2\/product_brand?post=7947"},{"taxonomy":"product_cat","embeddable":true,"href":"https:\/\/kastenkidz.com\/sk\/wp-json\/wp\/v2\/product_cat?post=7947"},{"taxonomy":"product_tag","embeddable":true,"href":"https:\/\/kastenkidz.com\/sk\/wp-json\/wp\/v2\/product_tag?post=7947"}],"curies":[{"name":"wp","href":"https:\/\/api.w.org\/{rel}","templated":true}]}}