{"id":7933,"date":"2025-02-06T16:45:39","date_gmt":"2025-02-06T16:45:39","guid":{"rendered":"https:\/\/kastenkidz.com\/product\/vzdelavacia-pomocka-verejne-a-sukromne\/"},"modified":"2025-07-20T19:09:10","modified_gmt":"2025-07-20T19:09:10","slug":"vzdelavacia-pomocka-verejne-a-sukromne","status":"publish","type":"product","link":"https:\/\/kastenkidz.com\/sk\/produkt\/vzdelavacia-pomocka-verejne-a-sukromne\/","title":{"rendered":"Vzdel\u00e1vacia pom\u00f4cka \u201eVerejn\u00e9 a s\u00fakromn\u00e9\u201c"},"content":{"rendered":"<p>T\u00e1to vzdel\u00e1vacia pom\u00f4cka die\u0165a nau\u010d\u00ed rozli\u0161ova\u0165 medzi spolo\u010dn\u00fdmi a osobn\u00fdmi predmetmi, medzi verejn\u00fdmi a s\u00fakromn\u00fdmi miestami, ako aj rozli\u0161ova\u0165 rodinn\u00fdch pr\u00edslu\u0161n\u00edkov od zn\u00e1mych \u010di \u013eud\u00ed, ktor\u00ed pom\u00e1haj\u00fa komunite, od t\u00fdch, ktor\u00ed h\u013eadaj\u00fa osobn\u00fd prospech.<br \/>\nAby si die\u0165a lep\u0161ie osvojilo inform\u00e1cie, nechajte ho spoji\u0165 obr\u00e1zky \u010diarami, ktor\u00e9 ved\u00fa k spr\u00e1vnej odpovedi.<br \/>\nHovorte s die\u0165a\u0165om o pojmoch ako \u201eVEREJN\u00c9 A S\u00daKROMN\u00c9\u201c (spolo\u010dn\u00e9 a osobn\u00e9 predmety \u010di verejn\u00e9 a s\u00fakromn\u00e9 miesta) a o r\u00f4znych skupin\u00e1ch \u013eud\u00ed (pravidl\u00e1 komunik\u00e1cie s \u013eu\u010fmi v jednotliv\u00fdch skupin\u00e1ch).<\/p>\n<p>Obsah: 4 h\u00e1rky. <\/p>\n","protected":false},"excerpt":{"rendered":"<p>T\u00e1to vzdel\u00e1vacia pom\u00f4cka die\u0165a nau\u010d\u00ed rozli\u0161ova\u0165 medzi spolo\u010dn\u00fdmi a osobn\u00fdmi predmetmi, medzi verejn\u00fdmi a s\u00fakromn\u00fdmi miestami, ako aj rozli\u0161ova\u0165 rodinn\u00fdch pr\u00edslu\u0161n\u00edkov od zn\u00e1mych \u010di \u013eud\u00ed, ktor\u00ed pom\u00e1haj\u00fa komunite, od t\u00fdch, ktor\u00ed h\u013eadaj\u00fa osobn\u00fd prospech. Aby si die\u0165a lep\u0161ie osvojilo inform\u00e1cie, nechajte ho spoji\u0165 obr\u00e1zky \u010diarami, ktor\u00e9 ved\u00fa k spr\u00e1vnej odpovedi. Hovorte s die\u0165a\u0165om o pojmoch [&hellip;]<\/p>\n","protected":false},"featured_media":7935,"comment_status":"closed","ping_status":"closed","template":"","meta":{"_acf_changed":false,"site-sidebar-layout":"default","site-content-layout":"","ast-site-content-layout":"default","site-content-style":"default","site-sidebar-style":"default","ast-global-header-display":"","ast-banner-title-visibility":"","ast-main-header-display":"","ast-hfb-above-header-display":"","ast-hfb-below-header-display":"","ast-hfb-mobile-header-display":"","site-post-title":"","ast-breadcrumbs-content":"","ast-featured-img":"","footer-sml-layout":"","ast-disable-related-posts":"","theme-transparent-header-meta":"default","adv-header-id-meta":"","stick-header-meta":"default","header-above-stick-meta":"","header-main-stick-meta":"","header-below-stick-meta":"","astra-migrate-meta-layouts":"default","ast-page-background-enabled":"default","ast-page-background-meta":{"desktop":{"background-color":"","background-image":"","background-repeat":"repeat","background-position":"center center","background-size":"auto","background-attachment":"scroll","background-type":"","background-media":"","overlay-type":"","overlay-color":"","overlay-opacity":"","overlay-gradient":""},"tablet":{"background-color":"","background-image":"","background-repeat":"repeat","background-position":"center center","background-size":"auto","background-attachment":"scroll","background-type":"","background-media":"","overlay-type":"","overlay-color":"","overlay-opacity":"","overlay-gradient":""},"mobile":{"background-color":"","background-image":"","background-repeat":"repeat","background-position":"center center","background-size":"auto","background-attachment":"scroll","background-type":"","background-media":"","overlay-type":"","overlay-color":"","overlay-opacity":"","overlay-gradient":""}},"ast-content-background-meta":{"desktop":{"background-color":"var(--ast-global-color-5)","background-image":"","background-repeat":"repeat","background-position":"center center","background-size":"auto","background-attachment":"scroll","background-type":"","background-media":"","overlay-type":"","overlay-color":"","overlay-opacity":"","overlay-gradient":""},"tablet":{"background-color":"var(--ast-global-color-5)","background-image":"","background-repeat":"repeat","background-position":"center center","background-size":"auto","background-attachment":"scroll","background-type":"","background-media":"","overlay-type":"","overlay-color":"","overlay-opacity":"","overlay-gradient":""},"mobile":{"background-color":"var(--ast-global-color-5)","background-image":"","background-repeat":"repeat","background-position":"center center","background-size":"auto","background-attachment":"scroll","background-type":"","background-media":"","overlay-type":"","overlay-color":"","overlay-opacity":"","overlay-gradient":""}}},"product_brand":[],"product_cat":[142],"product_tag":[],"class_list":{"0":"post-7933","1":"product","2":"type-product","3":"status-publish","4":"has-post-thumbnail","6":"product_cat-triedenie","7":"desktop-align-center","8":"tablet-align-left","9":"mobile-align-center","10":"ast-product-gallery-layout-first-image-large","11":"ast-product-tabs-layout-horizontal","13":"first","14":"instock","15":"sale","16":"downloadable","17":"virtual","18":"sold-individually","19":"purchasable","20":"product-type-simple"},"acf":[],"_links":{"self":[{"href":"https:\/\/kastenkidz.com\/sk\/wp-json\/wp\/v2\/product\/7933","targetHints":{"allow":["GET"]}}],"collection":[{"href":"https:\/\/kastenkidz.com\/sk\/wp-json\/wp\/v2\/product"}],"about":[{"href":"https:\/\/kastenkidz.com\/sk\/wp-json\/wp\/v2\/types\/product"}],"replies":[{"embeddable":true,"href":"https:\/\/kastenkidz.com\/sk\/wp-json\/wp\/v2\/comments?post=7933"}],"wp:featuredmedia":[{"embeddable":true,"href":"https:\/\/kastenkidz.com\/sk\/wp-json\/wp\/v2\/media\/7935"}],"wp:attachment":[{"href":"https:\/\/kastenkidz.com\/sk\/wp-json\/wp\/v2\/media?parent=7933"}],"wp:term":[{"taxonomy":"product_brand","embeddable":true,"href":"https:\/\/kastenkidz.com\/sk\/wp-json\/wp\/v2\/product_brand?post=7933"},{"taxonomy":"product_cat","embeddable":true,"href":"https:\/\/kastenkidz.com\/sk\/wp-json\/wp\/v2\/product_cat?post=7933"},{"taxonomy":"product_tag","embeddable":true,"href":"https:\/\/kastenkidz.com\/sk\/wp-json\/wp\/v2\/product_tag?post=7933"}],"curies":[{"name":"wp","href":"https:\/\/api.w.org\/{rel}","templated":true}]}}