{"id":7911,"date":"2025-02-06T16:45:39","date_gmt":"2025-02-06T16:45:39","guid":{"rendered":"https:\/\/kastenkidz.com\/product\/korunky-s-rozpravkovymi-hrdinami\/"},"modified":"2025-07-26T09:58:12","modified_gmt":"2025-07-26T09:58:12","slug":"korunky-s-rozpravkovymi-hrdinami","status":"publish","type":"product","link":"https:\/\/kastenkidz.com\/sk\/produkt\/korunky-s-rozpravkovymi-hrdinami\/","title":{"rendered":"Korunky s rozpr\u00e1vkov\u00fdmi hrdinami"},"content":{"rendered":"<p>O\u017eivte rozpr\u00e1vky s t\u00fdmito z\u00e1bavn\u00fdmi korunkov\u00fdmi maskami! \u2728 Sta\u010d\u00ed ich vytla\u010di\u0165, vystrihn\u00fa\u0165, zlepi\u0165 a necha\u0165 svoje ratolesti pohr\u00fa\u017ei\u0165 sa do sveta ich ob\u013e\u00faben\u00fdch rozpr\u00e1vkov\u00fdch postavi\u010diek. Hrdinovia, medzi ktor\u00fdch patr\u00ed aj repka, dedko, \u010cerven\u00e1 \u010diapo\u010dka, tri prasiatka a mnoh\u00ed \u010fal\u0161\u00ed, predstavuj\u00fa ide\u00e1lny sp\u00f4sob, ako podnieti\u0165 kreativitu a predstavivos\u0165. Z\u00edskajte t\u00fato hru s korunkov\u00fdmi maskami a e\u0161te dnes si m\u00f4\u017eete rozpr\u00e1va\u0165 pr\u00edbehy!<br \/>\n\u2b50\ufe0f Rozpr\u00e1vkov\u00ed hrdinovia:<br \/>\nrepka, dedko, babka, vnu\u010dka, ps\u00edk, ma\u010di\u010dka, my\u0161ka, tri prasiatka, vlk, \u010cerven\u00e1 \u010diapo\u010dka, mama, lovec, drak, princezn\u00e1, princ, trpasl\u00edk, \u010darodejnica, Santa Claus, medve\u010f, l\u00ed\u0161ka, zajac, je\u017eko, sliepka, koh\u00fatik, kuriatko, kravi\u010dka, koza, kozliatko, zlat\u00e1 rybka, \u017eaba.<\/p>\n<p>Obsah: 34 str\u00e1n.<\/p>\n","protected":false},"excerpt":{"rendered":"<p>O\u017eivte rozpr\u00e1vky s t\u00fdmito z\u00e1bavn\u00fdmi korunkov\u00fdmi maskami! \u2728 Sta\u010d\u00ed ich vytla\u010di\u0165, vystrihn\u00fa\u0165, zlepi\u0165 a necha\u0165 svoje ratolesti pohr\u00fa\u017ei\u0165 sa do sveta ich ob\u013e\u00faben\u00fdch rozpr\u00e1vkov\u00fdch postavi\u010diek. Hrdinovia, medzi ktor\u00fdch patr\u00ed aj repka, dedko, \u010cerven\u00e1 \u010diapo\u010dka, tri prasiatka a mnoh\u00ed \u010fal\u0161\u00ed, predstavuj\u00fa ide\u00e1lny sp\u00f4sob, ako podnieti\u0165 kreativitu a predstavivos\u0165. Z\u00edskajte t\u00fato hru s korunkov\u00fdmi maskami a e\u0161te [&hellip;]<\/p>\n","protected":false},"featured_media":7913,"comment_status":"closed","ping_status":"closed","template":"","meta":{"_acf_changed":false,"site-sidebar-layout":"default","site-content-layout":"","ast-site-content-layout":"default","site-content-style":"default","site-sidebar-style":"default","ast-global-header-display":"","ast-banner-title-visibility":"","ast-main-header-display":"","ast-hfb-above-header-display":"","ast-hfb-below-header-display":"","ast-hfb-mobile-header-display":"","site-post-title":"","ast-breadcrumbs-content":"","ast-featured-img":"","footer-sml-layout":"","ast-disable-related-posts":"","theme-transparent-header-meta":"default","adv-header-id-meta":"","stick-header-meta":"default","header-above-stick-meta":"","header-main-stick-meta":"","header-below-stick-meta":"","astra-migrate-meta-layouts":"set","ast-page-background-enabled":"default","ast-page-background-meta":{"desktop":{"background-color":"","background-image":"","background-repeat":"repeat","background-position":"center center","background-size":"auto","background-attachment":"scroll","background-type":"","background-media":"","overlay-type":"","overlay-color":"","overlay-opacity":"","overlay-gradient":""},"tablet":{"background-color":"","background-image":"","background-repeat":"repeat","background-position":"center center","background-size":"auto","background-attachment":"scroll","background-type":"","background-media":"","overlay-type":"","overlay-color":"","overlay-opacity":"","overlay-gradient":""},"mobile":{"background-color":"","background-image":"","background-repeat":"repeat","background-position":"center center","background-size":"auto","background-attachment":"scroll","background-type":"","background-media":"","overlay-type":"","overlay-color":"","overlay-opacity":"","overlay-gradient":""}},"ast-content-background-meta":{"desktop":{"background-color":"var(--ast-global-color-5)","background-image":"","background-repeat":"repeat","background-position":"center center","background-size":"auto","background-attachment":"scroll","background-type":"","background-media":"","overlay-type":"","overlay-color":"","overlay-opacity":"","overlay-gradient":""},"tablet":{"background-color":"var(--ast-global-color-5)","background-image":"","background-repeat":"repeat","background-position":"center center","background-size":"auto","background-attachment":"scroll","background-type":"","background-media":"","overlay-type":"","overlay-color":"","overlay-opacity":"","overlay-gradient":""},"mobile":{"background-color":"var(--ast-global-color-5)","background-image":"","background-repeat":"repeat","background-position":"center center","background-size":"auto","background-attachment":"scroll","background-type":"","background-media":"","overlay-type":"","overlay-color":"","overlay-opacity":"","overlay-gradient":""}}},"product_brand":[],"product_cat":[137],"product_tag":[],"class_list":{"0":"post-7911","1":"product","2":"type-product","3":"status-publish","4":"has-post-thumbnail","6":"product_cat-hry-sk","7":"desktop-align-center","8":"tablet-align-left","9":"mobile-align-center","10":"ast-product-gallery-layout-first-image-large","11":"ast-product-tabs-layout-horizontal","13":"first","14":"instock","15":"sale","16":"downloadable","17":"virtual","18":"sold-individually","19":"purchasable","20":"product-type-simple"},"acf":[],"_links":{"self":[{"href":"https:\/\/kastenkidz.com\/sk\/wp-json\/wp\/v2\/product\/7911","targetHints":{"allow":["GET"]}}],"collection":[{"href":"https:\/\/kastenkidz.com\/sk\/wp-json\/wp\/v2\/product"}],"about":[{"href":"https:\/\/kastenkidz.com\/sk\/wp-json\/wp\/v2\/types\/product"}],"replies":[{"embeddable":true,"href":"https:\/\/kastenkidz.com\/sk\/wp-json\/wp\/v2\/comments?post=7911"}],"wp:featuredmedia":[{"embeddable":true,"href":"https:\/\/kastenkidz.com\/sk\/wp-json\/wp\/v2\/media\/7913"}],"wp:attachment":[{"href":"https:\/\/kastenkidz.com\/sk\/wp-json\/wp\/v2\/media?parent=7911"}],"wp:term":[{"taxonomy":"product_brand","embeddable":true,"href":"https:\/\/kastenkidz.com\/sk\/wp-json\/wp\/v2\/product_brand?post=7911"},{"taxonomy":"product_cat","embeddable":true,"href":"https:\/\/kastenkidz.com\/sk\/wp-json\/wp\/v2\/product_cat?post=7911"},{"taxonomy":"product_tag","embeddable":true,"href":"https:\/\/kastenkidz.com\/sk\/wp-json\/wp\/v2\/product_tag?post=7911"}],"curies":[{"name":"wp","href":"https:\/\/api.w.org\/{rel}","templated":true}]}}