{"id":7897,"date":"2025-02-06T16:45:39","date_gmt":"2025-02-06T16:45:39","guid":{"rendered":"https:\/\/kastenkidz.com\/product\/matematicke-ulohy-pre-predskolakov\/"},"modified":"2025-07-26T10:00:00","modified_gmt":"2025-07-26T10:00:00","slug":"matematicke-ulohy-pre-predskolakov","status":"publish","type":"product","link":"https:\/\/kastenkidz.com\/sk\/produkt\/matematicke-ulohy-pre-predskolakov\/","title":{"rendered":"Matematick\u00e9 \u00falohy pre pred\u0161kol\u00e1kov"},"content":{"rendered":"<p>Posilnite matematick\u00e9 zru\u010dnosti svojho pred\u0161kol\u00e1ka pomocou tohto z\u00e1bavn\u00e9ho pracovn\u00e9ho zo\u0161ita! \u2795\u2796 V\u010faka p\u00fatav\u00fdm \u00faloh\u00e1m va\u0161e die\u0165a:<br \/>\nbude porovn\u00e1va\u0165 skupiny predmetov,<br \/>\npochop\u00ed skladbu \u010d\u00edsel,<br \/>\nosvoj\u00ed si k\u013e\u00fa\u010dov\u00e9 matematick\u00e9 v\u00fdrazy ako \u201eviac ako\u201c, \u201emenej ako\u201c \u010di \u201erovn\u00e1 sa\u201c,<br \/>\nprecvi\u010d\u00ed si s\u010d\u00edtanie a od\u010d\u00edtanie,<br \/>\nnau\u010d\u00ed sa rozpozn\u00e1va\u0165 matematick\u00e9 znamienka.<br \/>\nIde o ide\u00e1lny sp\u00f4sob, ako u die\u0165a\u0165a vybudova\u0165 pevn\u00e9 matematick\u00e9 z\u00e1klady! Z\u00edskajte svoj pracovn\u00fd zo\u0161it e\u0161te dnes!<\/p>\n<p>Obsah: 20 str\u00e1n \u2013 20 \u00faloh.<\/p>\n","protected":false},"excerpt":{"rendered":"<p>Posilnite matematick\u00e9 zru\u010dnosti svojho pred\u0161kol\u00e1ka pomocou tohto z\u00e1bavn\u00e9ho pracovn\u00e9ho zo\u0161ita! \u2795\u2796 V\u010faka p\u00fatav\u00fdm \u00faloh\u00e1m va\u0161e die\u0165a: bude porovn\u00e1va\u0165 skupiny predmetov, pochop\u00ed skladbu \u010d\u00edsel, osvoj\u00ed si k\u013e\u00fa\u010dov\u00e9 matematick\u00e9 v\u00fdrazy ako \u201eviac ako\u201c, \u201emenej ako\u201c \u010di \u201erovn\u00e1 sa\u201c, precvi\u010d\u00ed si s\u010d\u00edtanie a od\u010d\u00edtanie, nau\u010d\u00ed sa rozpozn\u00e1va\u0165 matematick\u00e9 znamienka. Ide o ide\u00e1lny sp\u00f4sob, ako u die\u0165a\u0165a vybudova\u0165 pevn\u00e9 [&hellip;]<\/p>\n","protected":false},"featured_media":7899,"comment_status":"closed","ping_status":"closed","template":"","meta":{"_acf_changed":false,"site-sidebar-layout":"default","site-content-layout":"","ast-site-content-layout":"default","site-content-style":"default","site-sidebar-style":"default","ast-global-header-display":"","ast-banner-title-visibility":"","ast-main-header-display":"","ast-hfb-above-header-display":"","ast-hfb-below-header-display":"","ast-hfb-mobile-header-display":"","site-post-title":"","ast-breadcrumbs-content":"","ast-featured-img":"","footer-sml-layout":"","ast-disable-related-posts":"","theme-transparent-header-meta":"default","adv-header-id-meta":"","stick-header-meta":"default","header-above-stick-meta":"","header-main-stick-meta":"","header-below-stick-meta":"","astra-migrate-meta-layouts":"set","ast-page-background-enabled":"default","ast-page-background-meta":{"desktop":{"background-color":"","background-image":"","background-repeat":"repeat","background-position":"center center","background-size":"auto","background-attachment":"scroll","background-type":"","background-media":"","overlay-type":"","overlay-color":"","overlay-opacity":"","overlay-gradient":""},"tablet":{"background-color":"","background-image":"","background-repeat":"repeat","background-position":"center center","background-size":"auto","background-attachment":"scroll","background-type":"","background-media":"","overlay-type":"","overlay-color":"","overlay-opacity":"","overlay-gradient":""},"mobile":{"background-color":"","background-image":"","background-repeat":"repeat","background-position":"center center","background-size":"auto","background-attachment":"scroll","background-type":"","background-media":"","overlay-type":"","overlay-color":"","overlay-opacity":"","overlay-gradient":""}},"ast-content-background-meta":{"desktop":{"background-color":"var(--ast-global-color-5)","background-image":"","background-repeat":"repeat","background-position":"center center","background-size":"auto","background-attachment":"scroll","background-type":"","background-media":"","overlay-type":"","overlay-color":"","overlay-opacity":"","overlay-gradient":""},"tablet":{"background-color":"var(--ast-global-color-5)","background-image":"","background-repeat":"repeat","background-position":"center center","background-size":"auto","background-attachment":"scroll","background-type":"","background-media":"","overlay-type":"","overlay-color":"","overlay-opacity":"","overlay-gradient":""},"mobile":{"background-color":"var(--ast-global-color-5)","background-image":"","background-repeat":"repeat","background-position":"center center","background-size":"auto","background-attachment":"scroll","background-type":"","background-media":"","overlay-type":"","overlay-color":"","overlay-opacity":"","overlay-gradient":""}}},"product_brand":[],"product_cat":[139],"product_tag":[],"class_list":{"0":"post-7897","1":"product","2":"type-product","3":"status-publish","4":"has-post-thumbnail","6":"product_cat-matematika-sk","7":"desktop-align-center","8":"tablet-align-left","9":"mobile-align-center","10":"ast-product-gallery-layout-first-image-large","11":"ast-product-tabs-layout-horizontal","13":"first","14":"instock","15":"sale","16":"downloadable","17":"virtual","18":"sold-individually","19":"purchasable","20":"product-type-simple"},"acf":[],"_links":{"self":[{"href":"https:\/\/kastenkidz.com\/sk\/wp-json\/wp\/v2\/product\/7897","targetHints":{"allow":["GET"]}}],"collection":[{"href":"https:\/\/kastenkidz.com\/sk\/wp-json\/wp\/v2\/product"}],"about":[{"href":"https:\/\/kastenkidz.com\/sk\/wp-json\/wp\/v2\/types\/product"}],"replies":[{"embeddable":true,"href":"https:\/\/kastenkidz.com\/sk\/wp-json\/wp\/v2\/comments?post=7897"}],"wp:featuredmedia":[{"embeddable":true,"href":"https:\/\/kastenkidz.com\/sk\/wp-json\/wp\/v2\/media\/7899"}],"wp:attachment":[{"href":"https:\/\/kastenkidz.com\/sk\/wp-json\/wp\/v2\/media?parent=7897"}],"wp:term":[{"taxonomy":"product_brand","embeddable":true,"href":"https:\/\/kastenkidz.com\/sk\/wp-json\/wp\/v2\/product_brand?post=7897"},{"taxonomy":"product_cat","embeddable":true,"href":"https:\/\/kastenkidz.com\/sk\/wp-json\/wp\/v2\/product_cat?post=7897"},{"taxonomy":"product_tag","embeddable":true,"href":"https:\/\/kastenkidz.com\/sk\/wp-json\/wp\/v2\/product_tag?post=7897"}],"curies":[{"name":"wp","href":"https:\/\/api.w.org\/{rel}","templated":true}]}}