{"id":7869,"date":"2025-02-06T16:45:39","date_gmt":"2025-02-06T16:45:39","guid":{"rendered":"https:\/\/kastenkidz.com\/product\/hra-rozvijajuca-pamat-a-jazykove-zrucnosti\/"},"modified":"2025-07-20T19:09:00","modified_gmt":"2025-07-20T19:09:00","slug":"hra-rozvijajuca-pamat-a-jazykove-zrucnosti","status":"publish","type":"product","link":"https:\/\/kastenkidz.com\/sk\/produkt\/hra-rozvijajuca-pamat-a-jazykove-zrucnosti\/","title":{"rendered":"Hra rozv\u00edjaj\u00faca pam\u00e4\u0165 a jazykov\u00e9 zru\u010dnosti"},"content":{"rendered":"<p>Hrajte a u\u010dte sa so \u0161teniatkom Pukasom v z\u00e1bavnej hre rozv\u00edjaj\u00facej pam\u00e4\u0165 a jazyk!<br \/>\nNa obr\u00e1zkov\u00fdch kart\u00e1ch s\u00fa zn\u00e1zornen\u00e9 r\u00f4zne miesta, kde sa nach\u00e1dza \u0161teniatko Pukas, jeho kos\u0165 \u010di rastlina, napr\u00edklad na predmetoch, bl\u00edzko nich \u010di pod nimi. Hr\u00e1\u010di si kr\u00e1tko prezr\u00fa kartu a potom musia sc\u00e9nu op\u00e4\u0165 vytvori\u0165 z pam\u00e4ti a nahlas ju op\u00edsa\u0165. Ide o skvel\u00fd sp\u00f4sob, ako si zlep\u0161i\u0165 pam\u00e4\u0165, jazykov\u00e9 zru\u010dnosti \u010di cit pre detail!  <\/p>\n<p>Obsah:<br \/>\n1 hlavn\u00fd hern\u00fd h\u00e1rok,<br \/>\n3 meniace sa predmety (pes, rastlina a kos\u0165),<br \/>\n24 kariet. <\/p>\n","protected":false},"excerpt":{"rendered":"<p>Hrajte a u\u010dte sa so \u0161teniatkom Pukasom v z\u00e1bavnej hre rozv\u00edjaj\u00facej pam\u00e4\u0165 a jazyk! Na obr\u00e1zkov\u00fdch kart\u00e1ch s\u00fa zn\u00e1zornen\u00e9 r\u00f4zne miesta, kde sa nach\u00e1dza \u0161teniatko Pukas, jeho kos\u0165 \u010di rastlina, napr\u00edklad na predmetoch, bl\u00edzko nich \u010di pod nimi. Hr\u00e1\u010di si kr\u00e1tko prezr\u00fa kartu a potom musia sc\u00e9nu op\u00e4\u0165 vytvori\u0165 z pam\u00e4ti a nahlas ju op\u00edsa\u0165. [&hellip;]<\/p>\n","protected":false},"featured_media":7871,"comment_status":"closed","ping_status":"closed","template":"","meta":{"_acf_changed":false,"site-sidebar-layout":"default","site-content-layout":"","ast-site-content-layout":"default","site-content-style":"default","site-sidebar-style":"default","ast-global-header-display":"","ast-banner-title-visibility":"","ast-main-header-display":"","ast-hfb-above-header-display":"","ast-hfb-below-header-display":"","ast-hfb-mobile-header-display":"","site-post-title":"","ast-breadcrumbs-content":"","ast-featured-img":"","footer-sml-layout":"","ast-disable-related-posts":"","theme-transparent-header-meta":"default","adv-header-id-meta":"","stick-header-meta":"default","header-above-stick-meta":"","header-main-stick-meta":"","header-below-stick-meta":"","astra-migrate-meta-layouts":"default","ast-page-background-enabled":"default","ast-page-background-meta":{"desktop":{"background-color":"","background-image":"","background-repeat":"repeat","background-position":"center center","background-size":"auto","background-attachment":"scroll","background-type":"","background-media":"","overlay-type":"","overlay-color":"","overlay-opacity":"","overlay-gradient":""},"tablet":{"background-color":"","background-image":"","background-repeat":"repeat","background-position":"center center","background-size":"auto","background-attachment":"scroll","background-type":"","background-media":"","overlay-type":"","overlay-color":"","overlay-opacity":"","overlay-gradient":""},"mobile":{"background-color":"","background-image":"","background-repeat":"repeat","background-position":"center center","background-size":"auto","background-attachment":"scroll","background-type":"","background-media":"","overlay-type":"","overlay-color":"","overlay-opacity":"","overlay-gradient":""}},"ast-content-background-meta":{"desktop":{"background-color":"var(--ast-global-color-5)","background-image":"","background-repeat":"repeat","background-position":"center center","background-size":"auto","background-attachment":"scroll","background-type":"","background-media":"","overlay-type":"","overlay-color":"","overlay-opacity":"","overlay-gradient":""},"tablet":{"background-color":"var(--ast-global-color-5)","background-image":"","background-repeat":"repeat","background-position":"center center","background-size":"auto","background-attachment":"scroll","background-type":"","background-media":"","overlay-type":"","overlay-color":"","overlay-opacity":"","overlay-gradient":""},"mobile":{"background-color":"var(--ast-global-color-5)","background-image":"","background-repeat":"repeat","background-position":"center center","background-size":"auto","background-attachment":"scroll","background-type":"","background-media":"","overlay-type":"","overlay-color":"","overlay-opacity":"","overlay-gradient":""}}},"product_brand":[],"product_cat":[137,140],"product_tag":[],"class_list":{"0":"post-7869","1":"product","2":"type-product","3":"status-publish","4":"has-post-thumbnail","6":"product_cat-hry-sk","7":"product_cat-pamat-a-pozornost","8":"desktop-align-center","9":"tablet-align-left","10":"mobile-align-center","11":"ast-product-gallery-layout-first-image-large","12":"ast-product-tabs-layout-horizontal","14":"first","15":"instock","16":"sale","17":"downloadable","18":"virtual","19":"sold-individually","20":"purchasable","21":"product-type-simple"},"acf":[],"_links":{"self":[{"href":"https:\/\/kastenkidz.com\/sk\/wp-json\/wp\/v2\/product\/7869","targetHints":{"allow":["GET"]}}],"collection":[{"href":"https:\/\/kastenkidz.com\/sk\/wp-json\/wp\/v2\/product"}],"about":[{"href":"https:\/\/kastenkidz.com\/sk\/wp-json\/wp\/v2\/types\/product"}],"replies":[{"embeddable":true,"href":"https:\/\/kastenkidz.com\/sk\/wp-json\/wp\/v2\/comments?post=7869"}],"wp:featuredmedia":[{"embeddable":true,"href":"https:\/\/kastenkidz.com\/sk\/wp-json\/wp\/v2\/media\/7871"}],"wp:attachment":[{"href":"https:\/\/kastenkidz.com\/sk\/wp-json\/wp\/v2\/media?parent=7869"}],"wp:term":[{"taxonomy":"product_brand","embeddable":true,"href":"https:\/\/kastenkidz.com\/sk\/wp-json\/wp\/v2\/product_brand?post=7869"},{"taxonomy":"product_cat","embeddable":true,"href":"https:\/\/kastenkidz.com\/sk\/wp-json\/wp\/v2\/product_cat?post=7869"},{"taxonomy":"product_tag","embeddable":true,"href":"https:\/\/kastenkidz.com\/sk\/wp-json\/wp\/v2\/product_tag?post=7869"}],"curies":[{"name":"wp","href":"https:\/\/api.w.org\/{rel}","templated":true}]}}