{"id":7855,"date":"2025-02-06T16:45:39","date_gmt":"2025-02-06T16:45:39","guid":{"rendered":"https:\/\/kastenkidz.com\/product\/logicka-hra-geometricke-tvary\/"},"modified":"2025-07-20T19:08:58","modified_gmt":"2025-07-20T19:08:58","slug":"logicka-hra-geometricke-tvary","status":"publish","type":"product","link":"https:\/\/kastenkidz.com\/sk\/produkt\/logicka-hra-geometricke-tvary\/","title":{"rendered":"Logick\u00e1 hra \u201eGeometrick\u00e9 tvary\u201c"},"content":{"rendered":"<p>Pravidl\u00e1: Vezmite si kartu s \u00falohami. N\u00e1jdite po\u017eadovan\u00e9 geometrick\u00e9 tvary a poskladajte ich jeden na druh\u00fd tak, aby presne zodpovedali obr\u00e1zku s \u00falohou.<\/p>\n<p>Obsah: 4 tvary (trojuholn\u00edk, kruh, \u0161tvorec a obd\u013a\u017enik), 30 kariet s vyobrazen\u00fdmi tvarmi na poskladanie. <\/p>\n","protected":false},"excerpt":{"rendered":"<p>Pravidl\u00e1: Vezmite si kartu s \u00falohami. N\u00e1jdite po\u017eadovan\u00e9 geometrick\u00e9 tvary a poskladajte ich jeden na druh\u00fd tak, aby presne zodpovedali obr\u00e1zku s \u00falohou. Obsah: 4 tvary (trojuholn\u00edk, kruh, \u0161tvorec a obd\u013a\u017enik), 30 kariet s vyobrazen\u00fdmi tvarmi na poskladanie.<\/p>\n","protected":false},"featured_media":7857,"comment_status":"closed","ping_status":"closed","template":"","meta":{"_acf_changed":false,"site-sidebar-layout":"default","site-content-layout":"","ast-site-content-layout":"default","site-content-style":"default","site-sidebar-style":"default","ast-global-header-display":"","ast-banner-title-visibility":"","ast-main-header-display":"","ast-hfb-above-header-display":"","ast-hfb-below-header-display":"","ast-hfb-mobile-header-display":"","site-post-title":"","ast-breadcrumbs-content":"","ast-featured-img":"","footer-sml-layout":"","ast-disable-related-posts":"","theme-transparent-header-meta":"default","adv-header-id-meta":"","stick-header-meta":"default","header-above-stick-meta":"","header-main-stick-meta":"","header-below-stick-meta":"","astra-migrate-meta-layouts":"default","ast-page-background-enabled":"default","ast-page-background-meta":{"desktop":{"background-color":"","background-image":"","background-repeat":"repeat","background-position":"center center","background-size":"auto","background-attachment":"scroll","background-type":"","background-media":"","overlay-type":"","overlay-color":"","overlay-opacity":"","overlay-gradient":""},"tablet":{"background-color":"","background-image":"","background-repeat":"repeat","background-position":"center center","background-size":"auto","background-attachment":"scroll","background-type":"","background-media":"","overlay-type":"","overlay-color":"","overlay-opacity":"","overlay-gradient":""},"mobile":{"background-color":"","background-image":"","background-repeat":"repeat","background-position":"center center","background-size":"auto","background-attachment":"scroll","background-type":"","background-media":"","overlay-type":"","overlay-color":"","overlay-opacity":"","overlay-gradient":""}},"ast-content-background-meta":{"desktop":{"background-color":"var(--ast-global-color-5)","background-image":"","background-repeat":"repeat","background-position":"center center","background-size":"auto","background-attachment":"scroll","background-type":"","background-media":"","overlay-type":"","overlay-color":"","overlay-opacity":"","overlay-gradient":""},"tablet":{"background-color":"var(--ast-global-color-5)","background-image":"","background-repeat":"repeat","background-position":"center center","background-size":"auto","background-attachment":"scroll","background-type":"","background-media":"","overlay-type":"","overlay-color":"","overlay-opacity":"","overlay-gradient":""},"mobile":{"background-color":"var(--ast-global-color-5)","background-image":"","background-repeat":"repeat","background-position":"center center","background-size":"auto","background-attachment":"scroll","background-type":"","background-media":"","overlay-type":"","overlay-color":"","overlay-opacity":"","overlay-gradient":""}}},"product_brand":[],"product_cat":[137],"product_tag":[],"class_list":{"0":"post-7855","1":"product","2":"type-product","3":"status-publish","4":"has-post-thumbnail","6":"product_cat-hry-sk","7":"desktop-align-center","8":"tablet-align-left","9":"mobile-align-center","10":"ast-product-gallery-layout-first-image-large","11":"ast-product-tabs-layout-horizontal","13":"first","14":"instock","15":"sale","16":"downloadable","17":"virtual","18":"sold-individually","19":"purchasable","20":"product-type-simple"},"acf":[],"_links":{"self":[{"href":"https:\/\/kastenkidz.com\/sk\/wp-json\/wp\/v2\/product\/7855","targetHints":{"allow":["GET"]}}],"collection":[{"href":"https:\/\/kastenkidz.com\/sk\/wp-json\/wp\/v2\/product"}],"about":[{"href":"https:\/\/kastenkidz.com\/sk\/wp-json\/wp\/v2\/types\/product"}],"replies":[{"embeddable":true,"href":"https:\/\/kastenkidz.com\/sk\/wp-json\/wp\/v2\/comments?post=7855"}],"wp:featuredmedia":[{"embeddable":true,"href":"https:\/\/kastenkidz.com\/sk\/wp-json\/wp\/v2\/media\/7857"}],"wp:attachment":[{"href":"https:\/\/kastenkidz.com\/sk\/wp-json\/wp\/v2\/media?parent=7855"}],"wp:term":[{"taxonomy":"product_brand","embeddable":true,"href":"https:\/\/kastenkidz.com\/sk\/wp-json\/wp\/v2\/product_brand?post=7855"},{"taxonomy":"product_cat","embeddable":true,"href":"https:\/\/kastenkidz.com\/sk\/wp-json\/wp\/v2\/product_cat?post=7855"},{"taxonomy":"product_tag","embeddable":true,"href":"https:\/\/kastenkidz.com\/sk\/wp-json\/wp\/v2\/product_tag?post=7855"}],"curies":[{"name":"wp","href":"https:\/\/api.w.org\/{rel}","templated":true}]}}