{"id":7841,"date":"2025-02-06T16:45:39","date_gmt":"2025-02-06T16:45:39","guid":{"rendered":"https:\/\/kastenkidz.com\/product\/bezpecne-alebo-nebezpecne\/"},"modified":"2025-07-20T19:08:57","modified_gmt":"2025-07-20T19:08:57","slug":"bezpecne-alebo-nebezpecne","status":"publish","type":"product","link":"https:\/\/kastenkidz.com\/sk\/produkt\/bezpecne-alebo-nebezpecne\/","title":{"rendered":"Bezpe\u010dn\u00e9 alebo nebezpe\u010dn\u00e9?"},"content":{"rendered":"<p>\u274e\u2705 Nau\u010dte svoje die\u0165a o bezpe\u010dnosti s pom\u00f4ckou \u201eBEZPE\u010cN\u00c9 ALEBO NEBEZPE\u010cN\u00c9?\u201c.  \u26a0\ufe0f S touto vzdel\u00e1vacou pom\u00f4ckou deti pochopia, \u010domu sa maj\u00fa vyhn\u00fa\u0165 a ako reagova\u0165 v nebezpe\u010dn\u00fdch situ\u00e1ci\u00e1ch. Od rozpozn\u00e1vania nebezpe\u010denstiev a\u017e po vedomosti o tom, \u010do robi\u0165 v \u010dase tiesne, ide o skvel\u00fd sp\u00f4sob, ako u det\u00ed podpori\u0165 bezpe\u010dnostn\u00e9 povedomie a kritick\u00e9 myslenie. \u274e\u2705<\/p>\n<p>Obsah: Plag\u00e1ty \u201eBezpe\u010dn\u00e9 a nebezpe\u010dn\u00e9\u201c \u2013 2 h\u00e1rky, karty s vyobrazen\u00fdmi bezpe\u010dn\u00fdmi a nebezpe\u010dn\u00fdmi situ\u00e1ciami \u2013 2 h\u00e1rky, pozn\u00e1mka o pravidl\u00e1ch bezpe\u010dn\u00e9ho spr\u00e1vania sa \u2013 1 h\u00e1rok. <\/p>\n","protected":false},"excerpt":{"rendered":"<p>\u274e\u2705 Nau\u010dte svoje die\u0165a o bezpe\u010dnosti s pom\u00f4ckou \u201eBEZPE\u010cN\u00c9 ALEBO NEBEZPE\u010cN\u00c9?\u201c. \u26a0\ufe0f S touto vzdel\u00e1vacou pom\u00f4ckou deti pochopia, \u010domu sa maj\u00fa vyhn\u00fa\u0165 a ako reagova\u0165 v nebezpe\u010dn\u00fdch situ\u00e1ci\u00e1ch. Od rozpozn\u00e1vania nebezpe\u010denstiev a\u017e po vedomosti o tom, \u010do robi\u0165 v \u010dase tiesne, ide o skvel\u00fd sp\u00f4sob, ako u det\u00ed podpori\u0165 bezpe\u010dnostn\u00e9 povedomie a kritick\u00e9 myslenie. \u274e\u2705 [&hellip;]<\/p>\n","protected":false},"featured_media":7843,"comment_status":"closed","ping_status":"closed","template":"","meta":{"_acf_changed":false,"site-sidebar-layout":"default","site-content-layout":"","ast-site-content-layout":"default","site-content-style":"default","site-sidebar-style":"default","ast-global-header-display":"","ast-banner-title-visibility":"","ast-main-header-display":"","ast-hfb-above-header-display":"","ast-hfb-below-header-display":"","ast-hfb-mobile-header-display":"","site-post-title":"","ast-breadcrumbs-content":"","ast-featured-img":"","footer-sml-layout":"","ast-disable-related-posts":"","theme-transparent-header-meta":"default","adv-header-id-meta":"","stick-header-meta":"default","header-above-stick-meta":"","header-main-stick-meta":"","header-below-stick-meta":"","astra-migrate-meta-layouts":"default","ast-page-background-enabled":"default","ast-page-background-meta":{"desktop":{"background-color":"","background-image":"","background-repeat":"repeat","background-position":"center center","background-size":"auto","background-attachment":"scroll","background-type":"","background-media":"","overlay-type":"","overlay-color":"","overlay-opacity":"","overlay-gradient":""},"tablet":{"background-color":"","background-image":"","background-repeat":"repeat","background-position":"center center","background-size":"auto","background-attachment":"scroll","background-type":"","background-media":"","overlay-type":"","overlay-color":"","overlay-opacity":"","overlay-gradient":""},"mobile":{"background-color":"","background-image":"","background-repeat":"repeat","background-position":"center center","background-size":"auto","background-attachment":"scroll","background-type":"","background-media":"","overlay-type":"","overlay-color":"","overlay-opacity":"","overlay-gradient":""}},"ast-content-background-meta":{"desktop":{"background-color":"var(--ast-global-color-5)","background-image":"","background-repeat":"repeat","background-position":"center center","background-size":"auto","background-attachment":"scroll","background-type":"","background-media":"","overlay-type":"","overlay-color":"","overlay-opacity":"","overlay-gradient":""},"tablet":{"background-color":"var(--ast-global-color-5)","background-image":"","background-repeat":"repeat","background-position":"center center","background-size":"auto","background-attachment":"scroll","background-type":"","background-media":"","overlay-type":"","overlay-color":"","overlay-opacity":"","overlay-gradient":""},"mobile":{"background-color":"var(--ast-global-color-5)","background-image":"","background-repeat":"repeat","background-position":"center center","background-size":"auto","background-attachment":"scroll","background-type":"","background-media":"","overlay-type":"","overlay-color":"","overlay-opacity":"","overlay-gradient":""}}},"product_brand":[],"product_cat":[142],"product_tag":[],"class_list":{"0":"post-7841","1":"product","2":"type-product","3":"status-publish","4":"has-post-thumbnail","6":"product_cat-triedenie","7":"desktop-align-center","8":"tablet-align-left","9":"mobile-align-center","10":"ast-product-gallery-layout-first-image-large","11":"ast-product-tabs-layout-horizontal","13":"first","14":"instock","15":"sale","16":"downloadable","17":"virtual","18":"sold-individually","19":"purchasable","20":"product-type-simple"},"acf":[],"_links":{"self":[{"href":"https:\/\/kastenkidz.com\/sk\/wp-json\/wp\/v2\/product\/7841","targetHints":{"allow":["GET"]}}],"collection":[{"href":"https:\/\/kastenkidz.com\/sk\/wp-json\/wp\/v2\/product"}],"about":[{"href":"https:\/\/kastenkidz.com\/sk\/wp-json\/wp\/v2\/types\/product"}],"replies":[{"embeddable":true,"href":"https:\/\/kastenkidz.com\/sk\/wp-json\/wp\/v2\/comments?post=7841"}],"wp:featuredmedia":[{"embeddable":true,"href":"https:\/\/kastenkidz.com\/sk\/wp-json\/wp\/v2\/media\/7843"}],"wp:attachment":[{"href":"https:\/\/kastenkidz.com\/sk\/wp-json\/wp\/v2\/media?parent=7841"}],"wp:term":[{"taxonomy":"product_brand","embeddable":true,"href":"https:\/\/kastenkidz.com\/sk\/wp-json\/wp\/v2\/product_brand?post=7841"},{"taxonomy":"product_cat","embeddable":true,"href":"https:\/\/kastenkidz.com\/sk\/wp-json\/wp\/v2\/product_cat?post=7841"},{"taxonomy":"product_tag","embeddable":true,"href":"https:\/\/kastenkidz.com\/sk\/wp-json\/wp\/v2\/product_tag?post=7841"}],"curies":[{"name":"wp","href":"https:\/\/api.w.org\/{rel}","templated":true}]}}