{"id":7833,"date":"2025-02-06T16:45:39","date_gmt":"2025-02-06T16:45:39","guid":{"rendered":"https:\/\/kastenkidz.com\/product\/obkreslovanie-cisel\/"},"modified":"2025-07-20T19:08:56","modified_gmt":"2025-07-20T19:08:56","slug":"obkreslovanie-cisel","status":"publish","type":"product","link":"https:\/\/kastenkidz.com\/sk\/produkt\/obkreslovanie-cisel\/","title":{"rendered":"Obkres\u013eovanie \u010d\u00edsel"},"content":{"rendered":"<p>Pom\u00f4\u017ete svojmu die\u0165a\u0165u po\u013eahky zvl\u00e1dnu\u0165 p\u00edsanie \u010d\u00edslic! \u270d\ufe0f  T\u00e1to pom\u00f4cka deti nav\u00e1dza, ako spr\u00e1vne p\u00edsa\u0165 \u010d\u00edslice, a z\u00e1rove\u0148 rozv\u00edja ich jemn\u00fa motoriku. \u0160\u00edpky ukazuj\u00fa spr\u00e1vny smer p\u00edsania a bodka ozna\u010duje, kde za\u010da\u0165. Ide o z\u00e1bavn\u00fd a interakt\u00edvny sp\u00f4sob, ako zlep\u0161i\u0165 p\u00edsanie rukou! Z\u00edskajte e\u0161te dnes!  <\/p>\n<p>Obsah: 10\u00a0h\u00e1rkov vo form\u00e1te A4. <\/p>\n","protected":false},"excerpt":{"rendered":"<p>Pom\u00f4\u017ete svojmu die\u0165a\u0165u po\u013eahky zvl\u00e1dnu\u0165 p\u00edsanie \u010d\u00edslic! \u270d\ufe0f T\u00e1to pom\u00f4cka deti nav\u00e1dza, ako spr\u00e1vne p\u00edsa\u0165 \u010d\u00edslice, a z\u00e1rove\u0148 rozv\u00edja ich jemn\u00fa motoriku. \u0160\u00edpky ukazuj\u00fa spr\u00e1vny smer p\u00edsania a bodka ozna\u010duje, kde za\u010da\u0165. Ide o z\u00e1bavn\u00fd a interakt\u00edvny sp\u00f4sob, ako zlep\u0161i\u0165 p\u00edsanie rukou! Z\u00edskajte e\u0161te dnes! Obsah: 10\u00a0h\u00e1rkov vo form\u00e1te A4.<\/p>\n","protected":false},"featured_media":7835,"comment_status":"closed","ping_status":"closed","template":"","meta":{"_acf_changed":false,"site-sidebar-layout":"default","site-content-layout":"","ast-site-content-layout":"default","site-content-style":"default","site-sidebar-style":"default","ast-global-header-display":"","ast-banner-title-visibility":"","ast-main-header-display":"","ast-hfb-above-header-display":"","ast-hfb-below-header-display":"","ast-hfb-mobile-header-display":"","site-post-title":"","ast-breadcrumbs-content":"","ast-featured-img":"","footer-sml-layout":"","ast-disable-related-posts":"","theme-transparent-header-meta":"default","adv-header-id-meta":"","stick-header-meta":"default","header-above-stick-meta":"","header-main-stick-meta":"","header-below-stick-meta":"","astra-migrate-meta-layouts":"default","ast-page-background-enabled":"default","ast-page-background-meta":{"desktop":{"background-color":"","background-image":"","background-repeat":"repeat","background-position":"center center","background-size":"auto","background-attachment":"scroll","background-type":"","background-media":"","overlay-type":"","overlay-color":"","overlay-opacity":"","overlay-gradient":""},"tablet":{"background-color":"","background-image":"","background-repeat":"repeat","background-position":"center center","background-size":"auto","background-attachment":"scroll","background-type":"","background-media":"","overlay-type":"","overlay-color":"","overlay-opacity":"","overlay-gradient":""},"mobile":{"background-color":"","background-image":"","background-repeat":"repeat","background-position":"center center","background-size":"auto","background-attachment":"scroll","background-type":"","background-media":"","overlay-type":"","overlay-color":"","overlay-opacity":"","overlay-gradient":""}},"ast-content-background-meta":{"desktop":{"background-color":"var(--ast-global-color-5)","background-image":"","background-repeat":"repeat","background-position":"center center","background-size":"auto","background-attachment":"scroll","background-type":"","background-media":"","overlay-type":"","overlay-color":"","overlay-opacity":"","overlay-gradient":""},"tablet":{"background-color":"var(--ast-global-color-5)","background-image":"","background-repeat":"repeat","background-position":"center center","background-size":"auto","background-attachment":"scroll","background-type":"","background-media":"","overlay-type":"","overlay-color":"","overlay-opacity":"","overlay-gradient":""},"mobile":{"background-color":"var(--ast-global-color-5)","background-image":"","background-repeat":"repeat","background-position":"center center","background-size":"auto","background-attachment":"scroll","background-type":"","background-media":"","overlay-type":"","overlay-color":"","overlay-opacity":"","overlay-gradient":""}}},"product_brand":[],"product_cat":[139],"product_tag":[],"class_list":{"0":"post-7833","1":"product","2":"type-product","3":"status-publish","4":"has-post-thumbnail","6":"product_cat-matematika-sk","7":"desktop-align-center","8":"tablet-align-left","9":"mobile-align-center","10":"ast-product-gallery-layout-first-image-large","11":"ast-product-gallery-with-no-image","12":"ast-product-tabs-layout-horizontal","14":"first","15":"instock","16":"sale","17":"downloadable","18":"virtual","19":"sold-individually","20":"purchasable","21":"product-type-simple"},"acf":[],"_links":{"self":[{"href":"https:\/\/kastenkidz.com\/sk\/wp-json\/wp\/v2\/product\/7833","targetHints":{"allow":["GET"]}}],"collection":[{"href":"https:\/\/kastenkidz.com\/sk\/wp-json\/wp\/v2\/product"}],"about":[{"href":"https:\/\/kastenkidz.com\/sk\/wp-json\/wp\/v2\/types\/product"}],"replies":[{"embeddable":true,"href":"https:\/\/kastenkidz.com\/sk\/wp-json\/wp\/v2\/comments?post=7833"}],"wp:featuredmedia":[{"embeddable":true,"href":"https:\/\/kastenkidz.com\/sk\/wp-json\/wp\/v2\/media\/7835"}],"wp:attachment":[{"href":"https:\/\/kastenkidz.com\/sk\/wp-json\/wp\/v2\/media?parent=7833"}],"wp:term":[{"taxonomy":"product_brand","embeddable":true,"href":"https:\/\/kastenkidz.com\/sk\/wp-json\/wp\/v2\/product_brand?post=7833"},{"taxonomy":"product_cat","embeddable":true,"href":"https:\/\/kastenkidz.com\/sk\/wp-json\/wp\/v2\/product_cat?post=7833"},{"taxonomy":"product_tag","embeddable":true,"href":"https:\/\/kastenkidz.com\/sk\/wp-json\/wp\/v2\/product_tag?post=7833"}],"curies":[{"name":"wp","href":"https:\/\/api.w.org\/{rel}","templated":true}]}}