{"id":7753,"date":"2025-02-06T16:45:36","date_gmt":"2025-02-06T16:45:36","guid":{"rendered":"https:\/\/kastenkidz.com\/product\/zakodovane-zvierata\/"},"modified":"2025-07-20T19:08:44","modified_gmt":"2025-07-20T19:08:44","slug":"zakodovane-zvierata","status":"publish","type":"product","link":"https:\/\/kastenkidz.com\/sk\/produkt\/zakodovane-zvierata\/","title":{"rendered":"Zak\u00f3dovan\u00e9 zvierat\u00e1"},"content":{"rendered":"<p>Vydajte sa na zvieracie dobrodru\u017estvo s touto z\u00e1bavnou hrou!  \u27a1\ufe0f\u2b05\ufe0f\u2b06\ufe0f\u2b07\ufe0f Cie\u013eom je n\u00e1js\u0165 ch\u00fdbaj\u00face zvierat\u00e1 pod\u013ea \u0161\u00edpok na hern\u00fdch kart\u00e1ch. Jednoducho si vyberte kartu, n\u00e1jdite zviera v tabu\u013eke zvierat a pod\u013ea \u0161\u00edpok objavte \u010fal\u0161ie. Ide o skvel\u00fd sp\u00f4sob, ako posilni\u0165 schopnosti logick\u00e9ho uva\u017eovania a rozpozn\u00e1vania zvierat!<\/p>\n<p>Obsah: 7 h\u00e1rkov vo form\u00e1te A4.<br \/>\nTabu\u013eka so zvieratami, 16\u00a0zvierac\u00edch kariet, 16\u00a0kariet so \u0161\u00edpkami. <\/p>\n","protected":false},"excerpt":{"rendered":"<p>Vydajte sa na zvieracie dobrodru\u017estvo s touto z\u00e1bavnou hrou! \u27a1\ufe0f\u2b05\ufe0f\u2b06\ufe0f\u2b07\ufe0f Cie\u013eom je n\u00e1js\u0165 ch\u00fdbaj\u00face zvierat\u00e1 pod\u013ea \u0161\u00edpok na hern\u00fdch kart\u00e1ch. Jednoducho si vyberte kartu, n\u00e1jdite zviera v tabu\u013eke zvierat a pod\u013ea \u0161\u00edpok objavte \u010fal\u0161ie. Ide o skvel\u00fd sp\u00f4sob, ako posilni\u0165 schopnosti logick\u00e9ho uva\u017eovania a rozpozn\u00e1vania zvierat! Obsah: 7 h\u00e1rkov vo form\u00e1te A4. Tabu\u013eka so zvieratami, [&hellip;]<\/p>\n","protected":false},"featured_media":7755,"comment_status":"closed","ping_status":"closed","template":"","meta":{"_acf_changed":false,"site-sidebar-layout":"default","site-content-layout":"","ast-site-content-layout":"default","site-content-style":"default","site-sidebar-style":"default","ast-global-header-display":"","ast-banner-title-visibility":"","ast-main-header-display":"","ast-hfb-above-header-display":"","ast-hfb-below-header-display":"","ast-hfb-mobile-header-display":"","site-post-title":"","ast-breadcrumbs-content":"","ast-featured-img":"","footer-sml-layout":"","ast-disable-related-posts":"","theme-transparent-header-meta":"default","adv-header-id-meta":"","stick-header-meta":"default","header-above-stick-meta":"","header-main-stick-meta":"","header-below-stick-meta":"","astra-migrate-meta-layouts":"default","ast-page-background-enabled":"default","ast-page-background-meta":{"desktop":{"background-color":"","background-image":"","background-repeat":"repeat","background-position":"center center","background-size":"auto","background-attachment":"scroll","background-type":"","background-media":"","overlay-type":"","overlay-color":"","overlay-opacity":"","overlay-gradient":""},"tablet":{"background-color":"","background-image":"","background-repeat":"repeat","background-position":"center center","background-size":"auto","background-attachment":"scroll","background-type":"","background-media":"","overlay-type":"","overlay-color":"","overlay-opacity":"","overlay-gradient":""},"mobile":{"background-color":"","background-image":"","background-repeat":"repeat","background-position":"center center","background-size":"auto","background-attachment":"scroll","background-type":"","background-media":"","overlay-type":"","overlay-color":"","overlay-opacity":"","overlay-gradient":""}},"ast-content-background-meta":{"desktop":{"background-color":"var(--ast-global-color-5)","background-image":"","background-repeat":"repeat","background-position":"center center","background-size":"auto","background-attachment":"scroll","background-type":"","background-media":"","overlay-type":"","overlay-color":"","overlay-opacity":"","overlay-gradient":""},"tablet":{"background-color":"var(--ast-global-color-5)","background-image":"","background-repeat":"repeat","background-position":"center center","background-size":"auto","background-attachment":"scroll","background-type":"","background-media":"","overlay-type":"","overlay-color":"","overlay-opacity":"","overlay-gradient":""},"mobile":{"background-color":"var(--ast-global-color-5)","background-image":"","background-repeat":"repeat","background-position":"center center","background-size":"auto","background-attachment":"scroll","background-type":"","background-media":"","overlay-type":"","overlay-color":"","overlay-opacity":"","overlay-gradient":""}}},"product_brand":[],"product_cat":[140],"product_tag":[],"class_list":{"0":"post-7753","1":"product","2":"type-product","3":"status-publish","4":"has-post-thumbnail","6":"product_cat-pamat-a-pozornost","7":"desktop-align-center","8":"tablet-align-left","9":"mobile-align-center","10":"ast-product-gallery-layout-first-image-large","11":"ast-product-gallery-with-no-image","12":"ast-product-tabs-layout-horizontal","14":"first","15":"instock","16":"sale","17":"downloadable","18":"virtual","19":"sold-individually","20":"purchasable","21":"product-type-simple"},"acf":[],"_links":{"self":[{"href":"https:\/\/kastenkidz.com\/sk\/wp-json\/wp\/v2\/product\/7753","targetHints":{"allow":["GET"]}}],"collection":[{"href":"https:\/\/kastenkidz.com\/sk\/wp-json\/wp\/v2\/product"}],"about":[{"href":"https:\/\/kastenkidz.com\/sk\/wp-json\/wp\/v2\/types\/product"}],"replies":[{"embeddable":true,"href":"https:\/\/kastenkidz.com\/sk\/wp-json\/wp\/v2\/comments?post=7753"}],"wp:featuredmedia":[{"embeddable":true,"href":"https:\/\/kastenkidz.com\/sk\/wp-json\/wp\/v2\/media\/7755"}],"wp:attachment":[{"href":"https:\/\/kastenkidz.com\/sk\/wp-json\/wp\/v2\/media?parent=7753"}],"wp:term":[{"taxonomy":"product_brand","embeddable":true,"href":"https:\/\/kastenkidz.com\/sk\/wp-json\/wp\/v2\/product_brand?post=7753"},{"taxonomy":"product_cat","embeddable":true,"href":"https:\/\/kastenkidz.com\/sk\/wp-json\/wp\/v2\/product_cat?post=7753"},{"taxonomy":"product_tag","embeddable":true,"href":"https:\/\/kastenkidz.com\/sk\/wp-json\/wp\/v2\/product_tag?post=7753"}],"curies":[{"name":"wp","href":"https:\/\/api.w.org\/{rel}","templated":true}]}}