{"id":7739,"date":"2025-02-06T16:45:36","date_gmt":"2025-02-06T16:45:36","guid":{"rendered":"https:\/\/kastenkidz.com\/product\/hra-povedz-a-zarad\/"},"modified":"2025-12-11T17:49:20","modified_gmt":"2025-12-11T17:49:20","slug":"hra-povedz-a-zarad","status":"publish","type":"product","link":"https:\/\/kastenkidz.com\/sk\/produkt\/hra-povedz-a-zarad\/","title":{"rendered":"Hra \u201eZara\u010f a pomenuj\u201c"},"content":{"rendered":"<p>Zabavte sa pri u\u010den\u00ed s hrou \u201ePovedz a zara\u010f\u201c! T\u00e1to hra obsahuje 4\u00a0farebn\u00e9 plag\u00e1ty (ovocie a zeleninu, oble\u010denie, \u010dasti tela a n\u00e1bytok) a 36\u00a0obr\u00e1zkov\u00fdch kariet. Pravidl\u00e1 s\u00fa jednoduch\u00e9: hr\u00e1\u010di si potiahnu kartu, nahlas vyslovia slovo a zaradia ju do spr\u00e1vneho dom\u010deka. Ide o skvel\u00fd sp\u00f4sob, ako si precvi\u010di\u0165 slovn\u00fa z\u00e1sobu a triedenie!<br \/>\n\u010eal\u0161ie odpor\u00fa\u010dan\u00e9 \u00falohy:<br \/>\n\u2013 op\u00ed\u0161 nakreslen\u00fd predmet,<br \/>\n\u2013 vymysli vetu s predmetom na obr\u00e1zku,<br \/>\n\u2013 op\u00ed\u0161 v\u0161eobecn\u00fd koncept obr\u00e1zka.<\/p>\n<p>Obsah: 6\u00a0h\u00e1rkov vo form\u00e1te A4.<\/p>\n","protected":false},"excerpt":{"rendered":"<p>Zabavte sa pri u\u010den\u00ed s hrou \u201ePovedz a zara\u010f\u201c! T\u00e1to hra obsahuje 4\u00a0farebn\u00e9 plag\u00e1ty (ovocie a zeleninu, oble\u010denie, \u010dasti tela a n\u00e1bytok) a 36\u00a0obr\u00e1zkov\u00fdch kariet. Pravidl\u00e1 s\u00fa jednoduch\u00e9: hr\u00e1\u010di si potiahnu kartu, nahlas vyslovia slovo a zaradia ju do spr\u00e1vneho dom\u010deka. Ide o skvel\u00fd sp\u00f4sob, ako si precvi\u010di\u0165 slovn\u00fa z\u00e1sobu a triedenie! \u010eal\u0161ie odpor\u00fa\u010dan\u00e9 \u00falohy: [&hellip;]<\/p>\n","protected":false},"featured_media":7741,"comment_status":"closed","ping_status":"closed","template":"","meta":{"_acf_changed":false,"site-sidebar-layout":"default","site-content-layout":"","ast-site-content-layout":"default","site-content-style":"default","site-sidebar-style":"default","ast-global-header-display":"","ast-banner-title-visibility":"","ast-main-header-display":"","ast-hfb-above-header-display":"","ast-hfb-below-header-display":"","ast-hfb-mobile-header-display":"","site-post-title":"","ast-breadcrumbs-content":"","ast-featured-img":"","footer-sml-layout":"","ast-disable-related-posts":"","theme-transparent-header-meta":"default","adv-header-id-meta":"","stick-header-meta":"default","header-above-stick-meta":"","header-main-stick-meta":"","header-below-stick-meta":"","astra-migrate-meta-layouts":"set","ast-page-background-enabled":"default","ast-page-background-meta":{"desktop":{"background-color":"","background-image":"","background-repeat":"repeat","background-position":"center center","background-size":"auto","background-attachment":"scroll","background-type":"","background-media":"","overlay-type":"","overlay-color":"","overlay-opacity":"","overlay-gradient":""},"tablet":{"background-color":"","background-image":"","background-repeat":"repeat","background-position":"center center","background-size":"auto","background-attachment":"scroll","background-type":"","background-media":"","overlay-type":"","overlay-color":"","overlay-opacity":"","overlay-gradient":""},"mobile":{"background-color":"","background-image":"","background-repeat":"repeat","background-position":"center center","background-size":"auto","background-attachment":"scroll","background-type":"","background-media":"","overlay-type":"","overlay-color":"","overlay-opacity":"","overlay-gradient":""}},"ast-content-background-meta":{"desktop":{"background-color":"var(--ast-global-color-5)","background-image":"","background-repeat":"repeat","background-position":"center center","background-size":"auto","background-attachment":"scroll","background-type":"","background-media":"","overlay-type":"","overlay-color":"","overlay-opacity":"","overlay-gradient":""},"tablet":{"background-color":"var(--ast-global-color-5)","background-image":"","background-repeat":"repeat","background-position":"center center","background-size":"auto","background-attachment":"scroll","background-type":"","background-media":"","overlay-type":"","overlay-color":"","overlay-opacity":"","overlay-gradient":""},"mobile":{"background-color":"var(--ast-global-color-5)","background-image":"","background-repeat":"repeat","background-position":"center center","background-size":"auto","background-attachment":"scroll","background-type":"","background-media":"","overlay-type":"","overlay-color":"","overlay-opacity":"","overlay-gradient":""}}},"product_brand":[],"product_cat":[138,142],"product_tag":[],"class_list":{"0":"post-7739","1":"product","2":"type-product","3":"status-publish","4":"has-post-thumbnail","6":"product_cat-jazyk-sk","7":"product_cat-triedenie","8":"desktop-align-center","9":"tablet-align-left","10":"mobile-align-center","11":"ast-product-gallery-layout-first-image-large","12":"ast-product-tabs-layout-horizontal","14":"first","15":"instock","16":"sale","17":"downloadable","18":"virtual","19":"sold-individually","20":"purchasable","21":"product-type-simple"},"acf":[],"_links":{"self":[{"href":"https:\/\/kastenkidz.com\/sk\/wp-json\/wp\/v2\/product\/7739","targetHints":{"allow":["GET"]}}],"collection":[{"href":"https:\/\/kastenkidz.com\/sk\/wp-json\/wp\/v2\/product"}],"about":[{"href":"https:\/\/kastenkidz.com\/sk\/wp-json\/wp\/v2\/types\/product"}],"replies":[{"embeddable":true,"href":"https:\/\/kastenkidz.com\/sk\/wp-json\/wp\/v2\/comments?post=7739"}],"wp:featuredmedia":[{"embeddable":true,"href":"https:\/\/kastenkidz.com\/sk\/wp-json\/wp\/v2\/media\/7741"}],"wp:attachment":[{"href":"https:\/\/kastenkidz.com\/sk\/wp-json\/wp\/v2\/media?parent=7739"}],"wp:term":[{"taxonomy":"product_brand","embeddable":true,"href":"https:\/\/kastenkidz.com\/sk\/wp-json\/wp\/v2\/product_brand?post=7739"},{"taxonomy":"product_cat","embeddable":true,"href":"https:\/\/kastenkidz.com\/sk\/wp-json\/wp\/v2\/product_cat?post=7739"},{"taxonomy":"product_tag","embeddable":true,"href":"https:\/\/kastenkidz.com\/sk\/wp-json\/wp\/v2\/product_tag?post=7739"}],"curies":[{"name":"wp","href":"https:\/\/api.w.org\/{rel}","templated":true}]}}