{"id":7731,"date":"2025-02-06T16:45:36","date_gmt":"2025-02-06T16:45:36","guid":{"rendered":"https:\/\/kastenkidz.com\/product\/farebne-priradovacie-medvediky\/"},"modified":"2025-07-20T19:08:42","modified_gmt":"2025-07-20T19:08:42","slug":"farebne-priradovacie-medvediky","status":"publish","type":"product","link":"https:\/\/kastenkidz.com\/sk\/produkt\/farebne-priradovacie-medvediky\/","title":{"rendered":"Farebn\u00e9 prira\u010fovacie medved\u00edky"},"content":{"rendered":"<p>Podporte l\u00e1sku svojho die\u0165a\u0165a k farb\u00e1m s touto z\u00e1bavnou triediacou pom\u00f4ckou!   Ka\u017ed\u00fd medved\u00edk je vyfarben\u00fd \u0161tvoricou farieb a deti musia ku ka\u017ed\u00e9mu medved\u00edkovi priradi\u0165 spr\u00e1vnu kombin\u00e1ciu farieb. Ide o hrav\u00fd sp\u00f4sob, ako sa u\u010di\u0165 a triedi\u0165 farby, a z\u00e1rove\u0148 rozv\u00edja\u0165 pozorovacie schopnosti!  <\/p>\n<p>Obsah: 6\u00a0h\u00e1rkov vo form\u00e1te A4.<br \/>\n18\u00a0kariet s farebn\u00fdmi medved\u00edkmi, 18\u00a0kariet s kombin\u00e1ciami farieb <\/p>\n","protected":false},"excerpt":{"rendered":"<p>Podporte l\u00e1sku svojho die\u0165a\u0165a k farb\u00e1m s touto z\u00e1bavnou triediacou pom\u00f4ckou! Ka\u017ed\u00fd medved\u00edk je vyfarben\u00fd \u0161tvoricou farieb a deti musia ku ka\u017ed\u00e9mu medved\u00edkovi priradi\u0165 spr\u00e1vnu kombin\u00e1ciu farieb. Ide o hrav\u00fd sp\u00f4sob, ako sa u\u010di\u0165 a triedi\u0165 farby, a z\u00e1rove\u0148 rozv\u00edja\u0165 pozorovacie schopnosti! Obsah: 6\u00a0h\u00e1rkov vo form\u00e1te A4. 18\u00a0kariet s farebn\u00fdmi medved\u00edkmi, 18\u00a0kariet s kombin\u00e1ciami farieb<\/p>\n","protected":false},"featured_media":7733,"comment_status":"closed","ping_status":"closed","template":"","meta":{"_acf_changed":false,"site-sidebar-layout":"default","site-content-layout":"","ast-site-content-layout":"default","site-content-style":"default","site-sidebar-style":"default","ast-global-header-display":"","ast-banner-title-visibility":"","ast-main-header-display":"","ast-hfb-above-header-display":"","ast-hfb-below-header-display":"","ast-hfb-mobile-header-display":"","site-post-title":"","ast-breadcrumbs-content":"","ast-featured-img":"","footer-sml-layout":"","ast-disable-related-posts":"","theme-transparent-header-meta":"default","adv-header-id-meta":"","stick-header-meta":"default","header-above-stick-meta":"","header-main-stick-meta":"","header-below-stick-meta":"","astra-migrate-meta-layouts":"default","ast-page-background-enabled":"default","ast-page-background-meta":{"desktop":{"background-color":"","background-image":"","background-repeat":"repeat","background-position":"center center","background-size":"auto","background-attachment":"scroll","background-type":"","background-media":"","overlay-type":"","overlay-color":"","overlay-opacity":"","overlay-gradient":""},"tablet":{"background-color":"","background-image":"","background-repeat":"repeat","background-position":"center center","background-size":"auto","background-attachment":"scroll","background-type":"","background-media":"","overlay-type":"","overlay-color":"","overlay-opacity":"","overlay-gradient":""},"mobile":{"background-color":"","background-image":"","background-repeat":"repeat","background-position":"center center","background-size":"auto","background-attachment":"scroll","background-type":"","background-media":"","overlay-type":"","overlay-color":"","overlay-opacity":"","overlay-gradient":""}},"ast-content-background-meta":{"desktop":{"background-color":"var(--ast-global-color-5)","background-image":"","background-repeat":"repeat","background-position":"center center","background-size":"auto","background-attachment":"scroll","background-type":"","background-media":"","overlay-type":"","overlay-color":"","overlay-opacity":"","overlay-gradient":""},"tablet":{"background-color":"var(--ast-global-color-5)","background-image":"","background-repeat":"repeat","background-position":"center center","background-size":"auto","background-attachment":"scroll","background-type":"","background-media":"","overlay-type":"","overlay-color":"","overlay-opacity":"","overlay-gradient":""},"mobile":{"background-color":"var(--ast-global-color-5)","background-image":"","background-repeat":"repeat","background-position":"center center","background-size":"auto","background-attachment":"scroll","background-type":"","background-media":"","overlay-type":"","overlay-color":"","overlay-opacity":"","overlay-gradient":""}}},"product_brand":[],"product_cat":[137,140],"product_tag":[],"class_list":{"0":"post-7731","1":"product","2":"type-product","3":"status-publish","4":"has-post-thumbnail","6":"product_cat-hry-sk","7":"product_cat-pamat-a-pozornost","8":"desktop-align-center","9":"tablet-align-left","10":"mobile-align-center","11":"ast-product-gallery-layout-first-image-large","12":"ast-product-gallery-with-no-image","13":"ast-product-tabs-layout-horizontal","15":"first","16":"instock","17":"sale","18":"downloadable","19":"virtual","20":"sold-individually","21":"purchasable","22":"product-type-simple"},"acf":[],"_links":{"self":[{"href":"https:\/\/kastenkidz.com\/sk\/wp-json\/wp\/v2\/product\/7731","targetHints":{"allow":["GET"]}}],"collection":[{"href":"https:\/\/kastenkidz.com\/sk\/wp-json\/wp\/v2\/product"}],"about":[{"href":"https:\/\/kastenkidz.com\/sk\/wp-json\/wp\/v2\/types\/product"}],"replies":[{"embeddable":true,"href":"https:\/\/kastenkidz.com\/sk\/wp-json\/wp\/v2\/comments?post=7731"}],"wp:featuredmedia":[{"embeddable":true,"href":"https:\/\/kastenkidz.com\/sk\/wp-json\/wp\/v2\/media\/7733"}],"wp:attachment":[{"href":"https:\/\/kastenkidz.com\/sk\/wp-json\/wp\/v2\/media?parent=7731"}],"wp:term":[{"taxonomy":"product_brand","embeddable":true,"href":"https:\/\/kastenkidz.com\/sk\/wp-json\/wp\/v2\/product_brand?post=7731"},{"taxonomy":"product_cat","embeddable":true,"href":"https:\/\/kastenkidz.com\/sk\/wp-json\/wp\/v2\/product_cat?post=7731"},{"taxonomy":"product_tag","embeddable":true,"href":"https:\/\/kastenkidz.com\/sk\/wp-json\/wp\/v2\/product_tag?post=7731"}],"curies":[{"name":"wp","href":"https:\/\/api.w.org\/{rel}","templated":true}]}}