{"id":7703,"date":"2025-02-06T16:45:36","date_gmt":"2025-02-06T16:45:36","guid":{"rendered":"https:\/\/kastenkidz.com\/product\/zvierata-pod-lupou\/"},"modified":"2025-07-26T10:05:48","modified_gmt":"2025-07-26T10:05:48","slug":"zvierata-pod-lupou","status":"publish","type":"product","link":"https:\/\/kastenkidz.com\/sk\/produkt\/zvierata-pod-lupou\/","title":{"rendered":"Zvierat\u00e1 pod lupou"},"content":{"rendered":"<p>S touto z\u00e1bavnou hrou na rozpozn\u00e1vanie zvierat v sebe die\u0165a prebud\u00ed skryt\u00e9ho detekt\u00edva! Deti bud\u00fa pomocou lupy identifikova\u0165 zvierat\u00e1 len pod\u013ea \u010dasti obr\u00e1zka. Na 60\u00a0kart\u00e1ch n\u00e1jdete zvierat\u00e1 aj ich zv\u00e4\u010d\u0161en\u00e9 \u010dasti. Ide o skvel\u00fd sp\u00f4sob, ako u det\u00ed zlep\u0161i\u0165 pozorovacie schopnosti a nau\u010di\u0165 ich nie\u010do nov\u00e9 o r\u00ed\u0161i zvierat. Z\u00edskajte t\u00fato hru e\u0161te dnes!<\/p>\n<p>10\u00a0h\u00e1rkov vo form\u00e1te A4.<\/p>\n","protected":false},"excerpt":{"rendered":"<p>S touto z\u00e1bavnou hrou na rozpozn\u00e1vanie zvierat v sebe die\u0165a prebud\u00ed skryt\u00e9ho detekt\u00edva! Deti bud\u00fa pomocou lupy identifikova\u0165 zvierat\u00e1 len pod\u013ea \u010dasti obr\u00e1zka. Na 60\u00a0kart\u00e1ch n\u00e1jdete zvierat\u00e1 aj ich zv\u00e4\u010d\u0161en\u00e9 \u010dasti. Ide o skvel\u00fd sp\u00f4sob, ako u det\u00ed zlep\u0161i\u0165 pozorovacie schopnosti a nau\u010di\u0165 ich nie\u010do nov\u00e9 o r\u00ed\u0161i zvierat. Z\u00edskajte t\u00fato hru e\u0161te dnes! 10\u00a0h\u00e1rkov [&hellip;]<\/p>\n","protected":false},"featured_media":9373,"comment_status":"closed","ping_status":"closed","template":"","meta":{"_acf_changed":false,"site-sidebar-layout":"default","site-content-layout":"","ast-site-content-layout":"default","site-content-style":"default","site-sidebar-style":"default","ast-global-header-display":"","ast-banner-title-visibility":"","ast-main-header-display":"","ast-hfb-above-header-display":"","ast-hfb-below-header-display":"","ast-hfb-mobile-header-display":"","site-post-title":"","ast-breadcrumbs-content":"","ast-featured-img":"","footer-sml-layout":"","ast-disable-related-posts":"","theme-transparent-header-meta":"default","adv-header-id-meta":"","stick-header-meta":"default","header-above-stick-meta":"","header-main-stick-meta":"","header-below-stick-meta":"","astra-migrate-meta-layouts":"set","ast-page-background-enabled":"default","ast-page-background-meta":{"desktop":{"background-color":"","background-image":"","background-repeat":"repeat","background-position":"center center","background-size":"auto","background-attachment":"scroll","background-type":"","background-media":"","overlay-type":"","overlay-color":"","overlay-opacity":"","overlay-gradient":""},"tablet":{"background-color":"","background-image":"","background-repeat":"repeat","background-position":"center center","background-size":"auto","background-attachment":"scroll","background-type":"","background-media":"","overlay-type":"","overlay-color":"","overlay-opacity":"","overlay-gradient":""},"mobile":{"background-color":"","background-image":"","background-repeat":"repeat","background-position":"center center","background-size":"auto","background-attachment":"scroll","background-type":"","background-media":"","overlay-type":"","overlay-color":"","overlay-opacity":"","overlay-gradient":""}},"ast-content-background-meta":{"desktop":{"background-color":"var(--ast-global-color-5)","background-image":"","background-repeat":"repeat","background-position":"center center","background-size":"auto","background-attachment":"scroll","background-type":"","background-media":"","overlay-type":"","overlay-color":"","overlay-opacity":"","overlay-gradient":""},"tablet":{"background-color":"var(--ast-global-color-5)","background-image":"","background-repeat":"repeat","background-position":"center center","background-size":"auto","background-attachment":"scroll","background-type":"","background-media":"","overlay-type":"","overlay-color":"","overlay-opacity":"","overlay-gradient":""},"mobile":{"background-color":"var(--ast-global-color-5)","background-image":"","background-repeat":"repeat","background-position":"center center","background-size":"auto","background-attachment":"scroll","background-type":"","background-media":"","overlay-type":"","overlay-color":"","overlay-opacity":"","overlay-gradient":""}}},"product_brand":[],"product_cat":[137,140],"product_tag":[],"class_list":{"0":"post-7703","1":"product","2":"type-product","3":"status-publish","4":"has-post-thumbnail","6":"product_cat-hry-sk","7":"product_cat-pamat-a-pozornost","8":"desktop-align-center","9":"tablet-align-left","10":"mobile-align-center","11":"ast-product-gallery-layout-first-image-large","12":"ast-product-tabs-layout-horizontal","14":"first","15":"instock","16":"sale","17":"downloadable","18":"virtual","19":"sold-individually","20":"purchasable","21":"product-type-simple"},"acf":[],"_links":{"self":[{"href":"https:\/\/kastenkidz.com\/sk\/wp-json\/wp\/v2\/product\/7703","targetHints":{"allow":["GET"]}}],"collection":[{"href":"https:\/\/kastenkidz.com\/sk\/wp-json\/wp\/v2\/product"}],"about":[{"href":"https:\/\/kastenkidz.com\/sk\/wp-json\/wp\/v2\/types\/product"}],"replies":[{"embeddable":true,"href":"https:\/\/kastenkidz.com\/sk\/wp-json\/wp\/v2\/comments?post=7703"}],"wp:featuredmedia":[{"embeddable":true,"href":"https:\/\/kastenkidz.com\/sk\/wp-json\/wp\/v2\/media\/9373"}],"wp:attachment":[{"href":"https:\/\/kastenkidz.com\/sk\/wp-json\/wp\/v2\/media?parent=7703"}],"wp:term":[{"taxonomy":"product_brand","embeddable":true,"href":"https:\/\/kastenkidz.com\/sk\/wp-json\/wp\/v2\/product_brand?post=7703"},{"taxonomy":"product_cat","embeddable":true,"href":"https:\/\/kastenkidz.com\/sk\/wp-json\/wp\/v2\/product_cat?post=7703"},{"taxonomy":"product_tag","embeddable":true,"href":"https:\/\/kastenkidz.com\/sk\/wp-json\/wp\/v2\/product_tag?post=7703"}],"curies":[{"name":"wp","href":"https:\/\/api.w.org\/{rel}","templated":true}]}}