{"id":7681,"date":"2025-02-06T16:45:36","date_gmt":"2025-02-06T16:45:36","guid":{"rendered":"https:\/\/kastenkidz.com\/product\/pamatova-hra-najdi-par\/"},"modified":"2025-07-20T19:08:36","modified_gmt":"2025-07-20T19:08:36","slug":"pamatova-hra-najdi-par","status":"publish","type":"product","link":"https:\/\/kastenkidz.com\/sk\/produkt\/pamatova-hra-najdi-par\/","title":{"rendered":"Pam\u00e4\u0165ov\u00e1 hra \u201eN\u00e1jdi p\u00e1r\u201c"},"content":{"rendered":"<p>Cie\u013eom hry je n\u00e1js\u0165 obr\u00e1zky, ktor\u00e9 k sebe patria, napr\u00edklad tak\u00fd zub so zubnou kefkou.<br \/>\nPravidl\u00e1 hry.<br \/>\nKarty sa na st\u00f4l vylo\u017eia l\u00edcom nadol.<br \/>\nPrv\u00fd hr\u00e1\u010d oto\u010d\u00ed dve karty. Ak die\u0165a oto\u010d\u00ed dvojicu, ktor\u00e1 sa k sebe nehod\u00ed, oto\u010d\u00ed karty sp\u00e4\u0165. \u010eal\u0161\u00ed hr\u00e1\u010d pokra\u010duje v hre oto\u010den\u00edm \u010fal\u0161\u00edch dvoch kariet, ktor\u00e9 si vyberie. Ke\u010f die\u0165a n\u00e1jde zhodn\u00fa dvojicu kariet, ulo\u017e\u00ed si ich na k\u00f4pku a v \u0165ahu pokra\u010duje oto\u010den\u00edm \u010fal\u0161\u00edch dvoch kariet.<br \/>\nVyhr\u00e1 hr\u00e1\u010d, ktor\u00fd nazbiera najviac kariet.<\/p>\n<p>Obsah: 48 kariet s dvojicami obr\u00e1zkov. <\/p>\n","protected":false},"excerpt":{"rendered":"<p>Cie\u013eom hry je n\u00e1js\u0165 obr\u00e1zky, ktor\u00e9 k sebe patria, napr\u00edklad tak\u00fd zub so zubnou kefkou. Pravidl\u00e1 hry. Karty sa na st\u00f4l vylo\u017eia l\u00edcom nadol. Prv\u00fd hr\u00e1\u010d oto\u010d\u00ed dve karty. Ak die\u0165a oto\u010d\u00ed dvojicu, ktor\u00e1 sa k sebe nehod\u00ed, oto\u010d\u00ed karty sp\u00e4\u0165. \u010eal\u0161\u00ed hr\u00e1\u010d pokra\u010duje v hre oto\u010den\u00edm \u010fal\u0161\u00edch dvoch kariet, ktor\u00e9 si vyberie. Ke\u010f die\u0165a [&hellip;]<\/p>\n","protected":false},"featured_media":7683,"comment_status":"closed","ping_status":"closed","template":"","meta":{"_acf_changed":false,"site-sidebar-layout":"default","site-content-layout":"","ast-site-content-layout":"default","site-content-style":"default","site-sidebar-style":"default","ast-global-header-display":"","ast-banner-title-visibility":"","ast-main-header-display":"","ast-hfb-above-header-display":"","ast-hfb-below-header-display":"","ast-hfb-mobile-header-display":"","site-post-title":"","ast-breadcrumbs-content":"","ast-featured-img":"","footer-sml-layout":"","ast-disable-related-posts":"","theme-transparent-header-meta":"default","adv-header-id-meta":"","stick-header-meta":"default","header-above-stick-meta":"","header-main-stick-meta":"","header-below-stick-meta":"","astra-migrate-meta-layouts":"default","ast-page-background-enabled":"default","ast-page-background-meta":{"desktop":{"background-color":"","background-image":"","background-repeat":"repeat","background-position":"center center","background-size":"auto","background-attachment":"scroll","background-type":"","background-media":"","overlay-type":"","overlay-color":"","overlay-opacity":"","overlay-gradient":""},"tablet":{"background-color":"","background-image":"","background-repeat":"repeat","background-position":"center center","background-size":"auto","background-attachment":"scroll","background-type":"","background-media":"","overlay-type":"","overlay-color":"","overlay-opacity":"","overlay-gradient":""},"mobile":{"background-color":"","background-image":"","background-repeat":"repeat","background-position":"center center","background-size":"auto","background-attachment":"scroll","background-type":"","background-media":"","overlay-type":"","overlay-color":"","overlay-opacity":"","overlay-gradient":""}},"ast-content-background-meta":{"desktop":{"background-color":"var(--ast-global-color-5)","background-image":"","background-repeat":"repeat","background-position":"center center","background-size":"auto","background-attachment":"scroll","background-type":"","background-media":"","overlay-type":"","overlay-color":"","overlay-opacity":"","overlay-gradient":""},"tablet":{"background-color":"var(--ast-global-color-5)","background-image":"","background-repeat":"repeat","background-position":"center center","background-size":"auto","background-attachment":"scroll","background-type":"","background-media":"","overlay-type":"","overlay-color":"","overlay-opacity":"","overlay-gradient":""},"mobile":{"background-color":"var(--ast-global-color-5)","background-image":"","background-repeat":"repeat","background-position":"center center","background-size":"auto","background-attachment":"scroll","background-type":"","background-media":"","overlay-type":"","overlay-color":"","overlay-opacity":"","overlay-gradient":""}}},"product_brand":[],"product_cat":[137,140],"product_tag":[],"class_list":{"0":"post-7681","1":"product","2":"type-product","3":"status-publish","4":"has-post-thumbnail","6":"product_cat-hry-sk","7":"product_cat-pamat-a-pozornost","8":"desktop-align-center","9":"tablet-align-left","10":"mobile-align-center","11":"ast-product-gallery-layout-first-image-large","12":"ast-product-gallery-with-no-image","13":"ast-product-tabs-layout-horizontal","15":"first","16":"instock","17":"sale","18":"downloadable","19":"virtual","20":"sold-individually","21":"purchasable","22":"product-type-simple"},"acf":[],"_links":{"self":[{"href":"https:\/\/kastenkidz.com\/sk\/wp-json\/wp\/v2\/product\/7681","targetHints":{"allow":["GET"]}}],"collection":[{"href":"https:\/\/kastenkidz.com\/sk\/wp-json\/wp\/v2\/product"}],"about":[{"href":"https:\/\/kastenkidz.com\/sk\/wp-json\/wp\/v2\/types\/product"}],"replies":[{"embeddable":true,"href":"https:\/\/kastenkidz.com\/sk\/wp-json\/wp\/v2\/comments?post=7681"}],"wp:featuredmedia":[{"embeddable":true,"href":"https:\/\/kastenkidz.com\/sk\/wp-json\/wp\/v2\/media\/7683"}],"wp:attachment":[{"href":"https:\/\/kastenkidz.com\/sk\/wp-json\/wp\/v2\/media?parent=7681"}],"wp:term":[{"taxonomy":"product_brand","embeddable":true,"href":"https:\/\/kastenkidz.com\/sk\/wp-json\/wp\/v2\/product_brand?post=7681"},{"taxonomy":"product_cat","embeddable":true,"href":"https:\/\/kastenkidz.com\/sk\/wp-json\/wp\/v2\/product_cat?post=7681"},{"taxonomy":"product_tag","embeddable":true,"href":"https:\/\/kastenkidz.com\/sk\/wp-json\/wp\/v2\/product_tag?post=7681"}],"curies":[{"name":"wp","href":"https:\/\/api.w.org\/{rel}","templated":true}]}}