{"id":7659,"date":"2025-02-06T16:45:36","date_gmt":"2025-02-06T16:45:36","guid":{"rendered":"https:\/\/kastenkidz.com\/product\/kreslenie-ciar-a-tvarov\/"},"modified":"2025-07-20T19:08:33","modified_gmt":"2025-07-20T19:08:33","slug":"kreslenie-ciar-a-tvarov","status":"publish","type":"product","link":"https:\/\/kastenkidz.com\/sk\/produkt\/kreslenie-ciar-a-tvarov\/","title":{"rendered":"Kreslenie \u010diar a tvarov"},"content":{"rendered":"<p>\u201eKreslenie \u010diar a tvarov\u201c sa sklad\u00e1 z dvoch \u00faloh. Prv\u00e1 \u00faloha obsahuje tri farebn\u00e9 hracie kocky a h\u00e1rok na kreslenie \u010diar, tvarov a obr\u00e1zkov. Druh\u00e1 \u00faloha obsahuje jednu bielu hraciu kocku s r\u00f4znymi \u010diarami a h\u00e1rok so smie\u0161nou tv\u00e1rou.<\/p>\n<p>Vytla\u010dte si v\u0161etky h\u00e1rky s \u00falohami. Z papiera vystrihnite predlohy hern\u00fdch kociek a zlepte ich do trojrozmern\u00fdch kociek. 1. \u00faloha Pri prvej \u00falohe deti h\u00e1d\u017eu svojou kockou a do prv\u00e9ho riadku h\u00e1rka s \u00falohami kreslia v\u017edy ten obr\u00e1zok, ktor\u00fd pr\u00e1ve hodili. Opakovane h\u00e1d\u017eu svojou kockou, a\u017e k\u00fdm nezaplnia v\u0161etky riadky h\u00e1rka. Ke\u010f dostan\u00fa nov\u00e9 h\u00e1rky s \u00falohami, kocky si vymenia a pokra\u010duj\u00fa v \u00falohe. 2. \u00faloha V druhej \u00falohe maj\u00fa deti nakresli\u0165 \u00fa\u010des k veselej tv\u00e1ri.<\/p>\n<p>Obsah: 5 predl\u00f4h hern\u00fdch kociek, h\u00e1rok na kreslenie \u010diar, tvarov a obr\u00e1zkov, vesel\u00e1 tv\u00e1r. <\/p>\n","protected":false},"excerpt":{"rendered":"<p>\u201eKreslenie \u010diar a tvarov\u201c sa sklad\u00e1 z dvoch \u00faloh. Prv\u00e1 \u00faloha obsahuje tri farebn\u00e9 hracie kocky a h\u00e1rok na kreslenie \u010diar, tvarov a obr\u00e1zkov. Druh\u00e1 \u00faloha obsahuje jednu bielu hraciu kocku s r\u00f4znymi \u010diarami a h\u00e1rok so smie\u0161nou tv\u00e1rou. Vytla\u010dte si v\u0161etky h\u00e1rky s \u00falohami. Z papiera vystrihnite predlohy hern\u00fdch kociek a zlepte ich do [&hellip;]<\/p>\n","protected":false},"featured_media":7661,"comment_status":"closed","ping_status":"closed","template":"","meta":{"_acf_changed":false,"site-sidebar-layout":"default","site-content-layout":"","ast-site-content-layout":"default","site-content-style":"default","site-sidebar-style":"default","ast-global-header-display":"","ast-banner-title-visibility":"","ast-main-header-display":"","ast-hfb-above-header-display":"","ast-hfb-below-header-display":"","ast-hfb-mobile-header-display":"","site-post-title":"","ast-breadcrumbs-content":"","ast-featured-img":"","footer-sml-layout":"","ast-disable-related-posts":"","theme-transparent-header-meta":"default","adv-header-id-meta":"","stick-header-meta":"default","header-above-stick-meta":"","header-main-stick-meta":"","header-below-stick-meta":"","astra-migrate-meta-layouts":"default","ast-page-background-enabled":"default","ast-page-background-meta":{"desktop":{"background-color":"","background-image":"","background-repeat":"repeat","background-position":"center center","background-size":"auto","background-attachment":"scroll","background-type":"","background-media":"","overlay-type":"","overlay-color":"","overlay-opacity":"","overlay-gradient":""},"tablet":{"background-color":"","background-image":"","background-repeat":"repeat","background-position":"center center","background-size":"auto","background-attachment":"scroll","background-type":"","background-media":"","overlay-type":"","overlay-color":"","overlay-opacity":"","overlay-gradient":""},"mobile":{"background-color":"","background-image":"","background-repeat":"repeat","background-position":"center center","background-size":"auto","background-attachment":"scroll","background-type":"","background-media":"","overlay-type":"","overlay-color":"","overlay-opacity":"","overlay-gradient":""}},"ast-content-background-meta":{"desktop":{"background-color":"var(--ast-global-color-5)","background-image":"","background-repeat":"repeat","background-position":"center center","background-size":"auto","background-attachment":"scroll","background-type":"","background-media":"","overlay-type":"","overlay-color":"","overlay-opacity":"","overlay-gradient":""},"tablet":{"background-color":"var(--ast-global-color-5)","background-image":"","background-repeat":"repeat","background-position":"center center","background-size":"auto","background-attachment":"scroll","background-type":"","background-media":"","overlay-type":"","overlay-color":"","overlay-opacity":"","overlay-gradient":""},"mobile":{"background-color":"var(--ast-global-color-5)","background-image":"","background-repeat":"repeat","background-position":"center center","background-size":"auto","background-attachment":"scroll","background-type":"","background-media":"","overlay-type":"","overlay-color":"","overlay-opacity":"","overlay-gradient":""}}},"product_brand":[],"product_cat":[140],"product_tag":[],"class_list":{"0":"post-7659","1":"product","2":"type-product","3":"status-publish","4":"has-post-thumbnail","6":"product_cat-pamat-a-pozornost","7":"desktop-align-center","8":"tablet-align-left","9":"mobile-align-center","10":"ast-product-gallery-layout-first-image-large","11":"ast-product-tabs-layout-horizontal","13":"first","14":"instock","15":"sale","16":"downloadable","17":"virtual","18":"sold-individually","19":"purchasable","20":"product-type-simple"},"acf":[],"_links":{"self":[{"href":"https:\/\/kastenkidz.com\/sk\/wp-json\/wp\/v2\/product\/7659","targetHints":{"allow":["GET"]}}],"collection":[{"href":"https:\/\/kastenkidz.com\/sk\/wp-json\/wp\/v2\/product"}],"about":[{"href":"https:\/\/kastenkidz.com\/sk\/wp-json\/wp\/v2\/types\/product"}],"replies":[{"embeddable":true,"href":"https:\/\/kastenkidz.com\/sk\/wp-json\/wp\/v2\/comments?post=7659"}],"wp:featuredmedia":[{"embeddable":true,"href":"https:\/\/kastenkidz.com\/sk\/wp-json\/wp\/v2\/media\/7661"}],"wp:attachment":[{"href":"https:\/\/kastenkidz.com\/sk\/wp-json\/wp\/v2\/media?parent=7659"}],"wp:term":[{"taxonomy":"product_brand","embeddable":true,"href":"https:\/\/kastenkidz.com\/sk\/wp-json\/wp\/v2\/product_brand?post=7659"},{"taxonomy":"product_cat","embeddable":true,"href":"https:\/\/kastenkidz.com\/sk\/wp-json\/wp\/v2\/product_cat?post=7659"},{"taxonomy":"product_tag","embeddable":true,"href":"https:\/\/kastenkidz.com\/sk\/wp-json\/wp\/v2\/product_tag?post=7659"}],"curies":[{"name":"wp","href":"https:\/\/api.w.org\/{rel}","templated":true}]}}