{"id":7651,"date":"2025-02-06T16:45:36","date_gmt":"2025-02-06T16:45:36","guid":{"rendered":"https:\/\/kastenkidz.com\/product\/hadanky-pre-najmensich\/"},"modified":"2025-07-20T19:08:32","modified_gmt":"2025-07-20T19:08:32","slug":"hadanky-pre-najmensich","status":"publish","type":"product","link":"https:\/\/kastenkidz.com\/sk\/produkt\/hadanky-pre-najmensich\/","title":{"rendered":"H\u00e1danky pre najmen\u0161\u00edch"},"content":{"rendered":"<p>Tieto h\u00e1danky o zvieratk\u00e1ch s\u00fa ve\u013emi jednoduch\u00e9, a preto s\u00fa ur\u010den\u00e9 pre najmen\u0161\u00edch. Skladaj\u00fa sa z nieko\u013ek\u00fdch ind\u00edci\u00ed, z ktor\u00fdch jedna m\u00f4\u017ee \u013eahko napoveda\u0165 spr\u00e1vnu odpove\u010f a druh\u00e1 zase pon\u00faka \u010fal\u0161ie poznatky o zvierati. Hru mo\u017eno hra\u0165 tak, \u017ee sa na vidite\u013en\u00e9 miesto na stole polo\u017eia karty zvierat a u\u010dite\u013e kladie h\u00e1danky. Pre deti je rie\u0161enie h\u00e1daniek jednoduch\u0161ie a zauj\u00edmavej\u0161ie, ke\u010f si m\u00f4\u017eu pozrie\u0165 mo\u017en\u00e9 odpovede. Z\u00e1bava je pritom zaru\u010den\u00e1.<\/p>\n<p>Obsah: 24 kariet s h\u00e1dankami a 24 kariet so zvieratami ako odpovede, spolu 48 kariet, 4 h\u00e1rky form\u00e1tu A4. <\/p>\n","protected":false},"excerpt":{"rendered":"<p>Tieto h\u00e1danky o zvieratk\u00e1ch s\u00fa ve\u013emi jednoduch\u00e9, a preto s\u00fa ur\u010den\u00e9 pre najmen\u0161\u00edch. Skladaj\u00fa sa z nieko\u013ek\u00fdch ind\u00edci\u00ed, z ktor\u00fdch jedna m\u00f4\u017ee \u013eahko napoveda\u0165 spr\u00e1vnu odpove\u010f a druh\u00e1 zase pon\u00faka \u010fal\u0161ie poznatky o zvierati. Hru mo\u017eno hra\u0165 tak, \u017ee sa na vidite\u013en\u00e9 miesto na stole polo\u017eia karty zvierat a u\u010dite\u013e kladie h\u00e1danky. Pre deti je [&hellip;]<\/p>\n","protected":false},"featured_media":7653,"comment_status":"closed","ping_status":"closed","template":"","meta":{"_acf_changed":false,"site-sidebar-layout":"default","site-content-layout":"","ast-site-content-layout":"default","site-content-style":"default","site-sidebar-style":"default","ast-global-header-display":"","ast-banner-title-visibility":"","ast-main-header-display":"","ast-hfb-above-header-display":"","ast-hfb-below-header-display":"","ast-hfb-mobile-header-display":"","site-post-title":"","ast-breadcrumbs-content":"","ast-featured-img":"","footer-sml-layout":"","ast-disable-related-posts":"","theme-transparent-header-meta":"default","adv-header-id-meta":"","stick-header-meta":"default","header-above-stick-meta":"","header-main-stick-meta":"","header-below-stick-meta":"","astra-migrate-meta-layouts":"default","ast-page-background-enabled":"default","ast-page-background-meta":{"desktop":{"background-color":"","background-image":"","background-repeat":"repeat","background-position":"center center","background-size":"auto","background-attachment":"scroll","background-type":"","background-media":"","overlay-type":"","overlay-color":"","overlay-opacity":"","overlay-gradient":""},"tablet":{"background-color":"","background-image":"","background-repeat":"repeat","background-position":"center center","background-size":"auto","background-attachment":"scroll","background-type":"","background-media":"","overlay-type":"","overlay-color":"","overlay-opacity":"","overlay-gradient":""},"mobile":{"background-color":"","background-image":"","background-repeat":"repeat","background-position":"center center","background-size":"auto","background-attachment":"scroll","background-type":"","background-media":"","overlay-type":"","overlay-color":"","overlay-opacity":"","overlay-gradient":""}},"ast-content-background-meta":{"desktop":{"background-color":"var(--ast-global-color-5)","background-image":"","background-repeat":"repeat","background-position":"center center","background-size":"auto","background-attachment":"scroll","background-type":"","background-media":"","overlay-type":"","overlay-color":"","overlay-opacity":"","overlay-gradient":""},"tablet":{"background-color":"var(--ast-global-color-5)","background-image":"","background-repeat":"repeat","background-position":"center center","background-size":"auto","background-attachment":"scroll","background-type":"","background-media":"","overlay-type":"","overlay-color":"","overlay-opacity":"","overlay-gradient":""},"mobile":{"background-color":"var(--ast-global-color-5)","background-image":"","background-repeat":"repeat","background-position":"center center","background-size":"auto","background-attachment":"scroll","background-type":"","background-media":"","overlay-type":"","overlay-color":"","overlay-opacity":"","overlay-gradient":""}}},"product_brand":[],"product_cat":[137],"product_tag":[],"class_list":{"0":"post-7651","1":"product","2":"type-product","3":"status-publish","4":"has-post-thumbnail","6":"product_cat-hry-sk","7":"desktop-align-center","8":"tablet-align-left","9":"mobile-align-center","10":"ast-product-gallery-layout-first-image-large","11":"ast-product-gallery-with-no-image","12":"ast-product-tabs-layout-horizontal","14":"first","15":"instock","16":"sale","17":"downloadable","18":"virtual","19":"sold-individually","20":"purchasable","21":"product-type-simple"},"acf":[],"_links":{"self":[{"href":"https:\/\/kastenkidz.com\/sk\/wp-json\/wp\/v2\/product\/7651","targetHints":{"allow":["GET"]}}],"collection":[{"href":"https:\/\/kastenkidz.com\/sk\/wp-json\/wp\/v2\/product"}],"about":[{"href":"https:\/\/kastenkidz.com\/sk\/wp-json\/wp\/v2\/types\/product"}],"replies":[{"embeddable":true,"href":"https:\/\/kastenkidz.com\/sk\/wp-json\/wp\/v2\/comments?post=7651"}],"wp:featuredmedia":[{"embeddable":true,"href":"https:\/\/kastenkidz.com\/sk\/wp-json\/wp\/v2\/media\/7653"}],"wp:attachment":[{"href":"https:\/\/kastenkidz.com\/sk\/wp-json\/wp\/v2\/media?parent=7651"}],"wp:term":[{"taxonomy":"product_brand","embeddable":true,"href":"https:\/\/kastenkidz.com\/sk\/wp-json\/wp\/v2\/product_brand?post=7651"},{"taxonomy":"product_cat","embeddable":true,"href":"https:\/\/kastenkidz.com\/sk\/wp-json\/wp\/v2\/product_cat?post=7651"},{"taxonomy":"product_tag","embeddable":true,"href":"https:\/\/kastenkidz.com\/sk\/wp-json\/wp\/v2\/product_tag?post=7651"}],"curies":[{"name":"wp","href":"https:\/\/api.w.org\/{rel}","templated":true}]}}