{"id":7637,"date":"2025-02-06T16:45:36","date_gmt":"2025-02-06T16:45:36","guid":{"rendered":"https:\/\/kastenkidz.com\/product\/dopln-rovnicu-a-pocitaj-do-10\/"},"modified":"2025-07-20T19:08:31","modified_gmt":"2025-07-20T19:08:31","slug":"dopln-rovnicu-a-pocitaj-do-10","status":"publish","type":"product","link":"https:\/\/kastenkidz.com\/sk\/produkt\/dopln-rovnicu-a-pocitaj-do-10\/","title":{"rendered":"Dopl\u0148 rovnicu a po\u010d\u00edtaj do 10"},"content":{"rendered":"<p>\u2795\u2796 Urobte die\u0165a\u0165u z u\u010denia s\u010d\u00edtavania a od\u010d\u00edtavania z\u00e1bavu s touto farebnou kvetinovou pom\u00f4ckou!   Deti na kartu nap\u00ed\u0161u alebo povedia \u010d\u00edsla uveden\u00e9 v okvetn\u00fdch l\u00edstkoch tak, aby zodpovedali farb\u00e1m kruhov. Ide o z\u00e1bavn\u00fd sp\u00f4sob, ako si precvi\u010di\u0165 matematick\u00e9 rovnice do 10 a z\u00e1rove\u0148 posilni\u0165 schopnos\u0165 rozpozn\u00e1vania farieb!   Z\u00edskajte t\u00fato hru e\u0161te dnes!<\/p>\n<p>Obsah: 30 kariet so s\u010d\u00edtavac\u00edmi a od\u010d\u00edtavac\u00edmi rovnicami, 8 h\u00e1rkov vo form\u00e1te A4. <\/p>\n","protected":false},"excerpt":{"rendered":"<p>\u2795\u2796 Urobte die\u0165a\u0165u z u\u010denia s\u010d\u00edtavania a od\u010d\u00edtavania z\u00e1bavu s touto farebnou kvetinovou pom\u00f4ckou! Deti na kartu nap\u00ed\u0161u alebo povedia \u010d\u00edsla uveden\u00e9 v okvetn\u00fdch l\u00edstkoch tak, aby zodpovedali farb\u00e1m kruhov. Ide o z\u00e1bavn\u00fd sp\u00f4sob, ako si precvi\u010di\u0165 matematick\u00e9 rovnice do 10 a z\u00e1rove\u0148 posilni\u0165 schopnos\u0165 rozpozn\u00e1vania farieb! Z\u00edskajte t\u00fato hru e\u0161te dnes! Obsah: 30 kariet [&hellip;]<\/p>\n","protected":false},"featured_media":7639,"comment_status":"closed","ping_status":"closed","template":"","meta":{"_acf_changed":false,"site-sidebar-layout":"default","site-content-layout":"","ast-site-content-layout":"default","site-content-style":"default","site-sidebar-style":"default","ast-global-header-display":"","ast-banner-title-visibility":"","ast-main-header-display":"","ast-hfb-above-header-display":"","ast-hfb-below-header-display":"","ast-hfb-mobile-header-display":"","site-post-title":"","ast-breadcrumbs-content":"","ast-featured-img":"","footer-sml-layout":"","ast-disable-related-posts":"","theme-transparent-header-meta":"default","adv-header-id-meta":"","stick-header-meta":"default","header-above-stick-meta":"","header-main-stick-meta":"","header-below-stick-meta":"","astra-migrate-meta-layouts":"default","ast-page-background-enabled":"default","ast-page-background-meta":{"desktop":{"background-color":"","background-image":"","background-repeat":"repeat","background-position":"center center","background-size":"auto","background-attachment":"scroll","background-type":"","background-media":"","overlay-type":"","overlay-color":"","overlay-opacity":"","overlay-gradient":""},"tablet":{"background-color":"","background-image":"","background-repeat":"repeat","background-position":"center center","background-size":"auto","background-attachment":"scroll","background-type":"","background-media":"","overlay-type":"","overlay-color":"","overlay-opacity":"","overlay-gradient":""},"mobile":{"background-color":"","background-image":"","background-repeat":"repeat","background-position":"center center","background-size":"auto","background-attachment":"scroll","background-type":"","background-media":"","overlay-type":"","overlay-color":"","overlay-opacity":"","overlay-gradient":""}},"ast-content-background-meta":{"desktop":{"background-color":"var(--ast-global-color-5)","background-image":"","background-repeat":"repeat","background-position":"center center","background-size":"auto","background-attachment":"scroll","background-type":"","background-media":"","overlay-type":"","overlay-color":"","overlay-opacity":"","overlay-gradient":""},"tablet":{"background-color":"var(--ast-global-color-5)","background-image":"","background-repeat":"repeat","background-position":"center center","background-size":"auto","background-attachment":"scroll","background-type":"","background-media":"","overlay-type":"","overlay-color":"","overlay-opacity":"","overlay-gradient":""},"mobile":{"background-color":"var(--ast-global-color-5)","background-image":"","background-repeat":"repeat","background-position":"center center","background-size":"auto","background-attachment":"scroll","background-type":"","background-media":"","overlay-type":"","overlay-color":"","overlay-opacity":"","overlay-gradient":""}}},"product_brand":[],"product_cat":[139],"product_tag":[],"class_list":{"0":"post-7637","1":"product","2":"type-product","3":"status-publish","4":"has-post-thumbnail","6":"product_cat-matematika-sk","7":"desktop-align-center","8":"tablet-align-left","9":"mobile-align-center","10":"ast-product-gallery-layout-first-image-large","11":"ast-product-tabs-layout-horizontal","13":"first","14":"instock","15":"sale","16":"downloadable","17":"virtual","18":"sold-individually","19":"purchasable","20":"product-type-simple"},"acf":[],"_links":{"self":[{"href":"https:\/\/kastenkidz.com\/sk\/wp-json\/wp\/v2\/product\/7637","targetHints":{"allow":["GET"]}}],"collection":[{"href":"https:\/\/kastenkidz.com\/sk\/wp-json\/wp\/v2\/product"}],"about":[{"href":"https:\/\/kastenkidz.com\/sk\/wp-json\/wp\/v2\/types\/product"}],"replies":[{"embeddable":true,"href":"https:\/\/kastenkidz.com\/sk\/wp-json\/wp\/v2\/comments?post=7637"}],"wp:featuredmedia":[{"embeddable":true,"href":"https:\/\/kastenkidz.com\/sk\/wp-json\/wp\/v2\/media\/7639"}],"wp:attachment":[{"href":"https:\/\/kastenkidz.com\/sk\/wp-json\/wp\/v2\/media?parent=7637"}],"wp:term":[{"taxonomy":"product_brand","embeddable":true,"href":"https:\/\/kastenkidz.com\/sk\/wp-json\/wp\/v2\/product_brand?post=7637"},{"taxonomy":"product_cat","embeddable":true,"href":"https:\/\/kastenkidz.com\/sk\/wp-json\/wp\/v2\/product_cat?post=7637"},{"taxonomy":"product_tag","embeddable":true,"href":"https:\/\/kastenkidz.com\/sk\/wp-json\/wp\/v2\/product_tag?post=7637"}],"curies":[{"name":"wp","href":"https:\/\/api.w.org\/{rel}","templated":true}]}}