{"id":7623,"date":"2025-02-06T16:45:36","date_gmt":"2025-02-06T16:45:36","guid":{"rendered":"https:\/\/kastenkidz.com\/product\/bingo-na-precvicenie-citania\/"},"modified":"2025-07-20T19:08:29","modified_gmt":"2025-07-20T19:08:29","slug":"bingo-na-precvicenie-citania","status":"publish","type":"product","link":"https:\/\/kastenkidz.com\/sk\/produkt\/bingo-na-precvicenie-citania\/","title":{"rendered":"Bingo na precvi\u010denie \u010d\u00edtania"},"content":{"rendered":"<p>\ufe0f\u200d\u2640\ufe0f Netradi\u010dn\u00e9 bingo \u2013 ide\u00e1lne na u\u010denie a z\u00e1bavu! Ak\u00fd je jeho cie\u013e? N\u00e1jdite zodpovedaj\u00face obr\u00e1zkov\u00e9 karty a polo\u017ete ich na bingo kartu. Vyhr\u00e1va ten, kto prv\u00fd vypln\u00ed svoju kartu!   V\u010faka ve\u013ek\u00fdm aj mal\u00fdm p\u00edsmen\u00e1m ide o skvel\u00fd sp\u00f4sob, ako si precvi\u010di\u0165 du\u00e1lne \u010d\u00edtanie a z\u00e1rove\u0148 sa skvelo zabavi\u0165. Z\u00edskajte zostavu hry bingo e\u0161te dnes!  \u200d <\/p>\n<p>Obsah: 8 z\u00e1kladn\u00fdch bingo kariet so slovami, 60\u00a0kariet s obr\u00e1zkami, 7\u00a0h\u00e1rkov vo form\u00e1te A4. <\/p>\n","protected":false},"excerpt":{"rendered":"<p>\ufe0f\u200d\u2640\ufe0f Netradi\u010dn\u00e9 bingo \u2013 ide\u00e1lne na u\u010denie a z\u00e1bavu! Ak\u00fd je jeho cie\u013e? N\u00e1jdite zodpovedaj\u00face obr\u00e1zkov\u00e9 karty a polo\u017ete ich na bingo kartu. Vyhr\u00e1va ten, kto prv\u00fd vypln\u00ed svoju kartu! V\u010faka ve\u013ek\u00fdm aj mal\u00fdm p\u00edsmen\u00e1m ide o skvel\u00fd sp\u00f4sob, ako si precvi\u010di\u0165 du\u00e1lne \u010d\u00edtanie a z\u00e1rove\u0148 sa skvelo zabavi\u0165. Z\u00edskajte zostavu hry bingo e\u0161te dnes! [&hellip;]<\/p>\n","protected":false},"featured_media":7625,"comment_status":"closed","ping_status":"closed","template":"","meta":{"_acf_changed":false,"site-sidebar-layout":"default","site-content-layout":"","ast-site-content-layout":"default","site-content-style":"default","site-sidebar-style":"default","ast-global-header-display":"","ast-banner-title-visibility":"","ast-main-header-display":"","ast-hfb-above-header-display":"","ast-hfb-below-header-display":"","ast-hfb-mobile-header-display":"","site-post-title":"","ast-breadcrumbs-content":"","ast-featured-img":"","footer-sml-layout":"","ast-disable-related-posts":"","theme-transparent-header-meta":"default","adv-header-id-meta":"","stick-header-meta":"default","header-above-stick-meta":"","header-main-stick-meta":"","header-below-stick-meta":"","astra-migrate-meta-layouts":"default","ast-page-background-enabled":"default","ast-page-background-meta":{"desktop":{"background-color":"","background-image":"","background-repeat":"repeat","background-position":"center center","background-size":"auto","background-attachment":"scroll","background-type":"","background-media":"","overlay-type":"","overlay-color":"","overlay-opacity":"","overlay-gradient":""},"tablet":{"background-color":"","background-image":"","background-repeat":"repeat","background-position":"center center","background-size":"auto","background-attachment":"scroll","background-type":"","background-media":"","overlay-type":"","overlay-color":"","overlay-opacity":"","overlay-gradient":""},"mobile":{"background-color":"","background-image":"","background-repeat":"repeat","background-position":"center center","background-size":"auto","background-attachment":"scroll","background-type":"","background-media":"","overlay-type":"","overlay-color":"","overlay-opacity":"","overlay-gradient":""}},"ast-content-background-meta":{"desktop":{"background-color":"var(--ast-global-color-5)","background-image":"","background-repeat":"repeat","background-position":"center center","background-size":"auto","background-attachment":"scroll","background-type":"","background-media":"","overlay-type":"","overlay-color":"","overlay-opacity":"","overlay-gradient":""},"tablet":{"background-color":"var(--ast-global-color-5)","background-image":"","background-repeat":"repeat","background-position":"center center","background-size":"auto","background-attachment":"scroll","background-type":"","background-media":"","overlay-type":"","overlay-color":"","overlay-opacity":"","overlay-gradient":""},"mobile":{"background-color":"var(--ast-global-color-5)","background-image":"","background-repeat":"repeat","background-position":"center center","background-size":"auto","background-attachment":"scroll","background-type":"","background-media":"","overlay-type":"","overlay-color":"","overlay-opacity":"","overlay-gradient":""}}},"product_brand":[],"product_cat":[137,138],"product_tag":[],"class_list":{"0":"post-7623","1":"product","2":"type-product","3":"status-publish","4":"has-post-thumbnail","6":"product_cat-hry-sk","7":"product_cat-jazyk-sk","8":"desktop-align-center","9":"tablet-align-left","10":"mobile-align-center","11":"ast-product-gallery-layout-first-image-large","12":"ast-product-tabs-layout-horizontal","14":"first","15":"instock","16":"sale","17":"downloadable","18":"virtual","19":"sold-individually","20":"purchasable","21":"product-type-simple"},"acf":[],"_links":{"self":[{"href":"https:\/\/kastenkidz.com\/sk\/wp-json\/wp\/v2\/product\/7623","targetHints":{"allow":["GET"]}}],"collection":[{"href":"https:\/\/kastenkidz.com\/sk\/wp-json\/wp\/v2\/product"}],"about":[{"href":"https:\/\/kastenkidz.com\/sk\/wp-json\/wp\/v2\/types\/product"}],"replies":[{"embeddable":true,"href":"https:\/\/kastenkidz.com\/sk\/wp-json\/wp\/v2\/comments?post=7623"}],"wp:featuredmedia":[{"embeddable":true,"href":"https:\/\/kastenkidz.com\/sk\/wp-json\/wp\/v2\/media\/7625"}],"wp:attachment":[{"href":"https:\/\/kastenkidz.com\/sk\/wp-json\/wp\/v2\/media?parent=7623"}],"wp:term":[{"taxonomy":"product_brand","embeddable":true,"href":"https:\/\/kastenkidz.com\/sk\/wp-json\/wp\/v2\/product_brand?post=7623"},{"taxonomy":"product_cat","embeddable":true,"href":"https:\/\/kastenkidz.com\/sk\/wp-json\/wp\/v2\/product_cat?post=7623"},{"taxonomy":"product_tag","embeddable":true,"href":"https:\/\/kastenkidz.com\/sk\/wp-json\/wp\/v2\/product_tag?post=7623"}],"curies":[{"name":"wp","href":"https:\/\/api.w.org\/{rel}","templated":true}]}}