{"id":7609,"date":"2025-02-06T16:45:36","date_gmt":"2025-02-06T16:45:36","guid":{"rendered":"https:\/\/kastenkidz.com\/product\/hra-s-panvicou\/"},"modified":"2025-07-20T19:08:28","modified_gmt":"2025-07-20T19:08:28","slug":"hra-s-panvicou","status":"publish","type":"product","link":"https:\/\/kastenkidz.com\/sk\/produkt\/hra-s-panvicou\/","title":{"rendered":"Hra s panvicou"},"content":{"rendered":"<p>\u200d \u200d  Pripravte sa na z\u00e1bavn\u00fa a r\u00fdchlu zeleninov\u00fa hru!   Ide\u00e1lne je ur\u010den\u00e1 pre 2 a\u017e 4 hr\u00e1\u010dov, pri\u010dom ka\u017ed\u00fd m\u00e1 vlastn\u00fa panvicu. Hr\u00e1\u010di na strieda\u010dku ot\u00e1\u010daj\u00fa karty so zeleninou a kontroluj\u00fa, \u010di sa dan\u00fd typ nach\u00e1dza v ich panvici. Ten, kto zeleninu vo svojej panvici zbad\u00e1 ako prv\u00fd, zaklope na panvicu a vykr\u00edkne n\u00e1zov zeleniny, napr\u00edklad: \u201eMoja paradajka!\u201c Vyhr\u00e1va hr\u00e1\u010d, ktor\u00fd ako prv\u00fd nazbiera v\u0161etku zeleninu vo svojej panvici! Ide o skvel\u00fd sp\u00f4sob, ako precvi\u010dova\u0165 r\u00fdchle myslenie a zabavi\u0165 sa s priate\u013emi.  <\/p>\n<p>Obsah: 28 kariet so zeleninou, 4 panvice. <\/p>\n","protected":false},"excerpt":{"rendered":"<p>\u200d \u200d Pripravte sa na z\u00e1bavn\u00fa a r\u00fdchlu zeleninov\u00fa hru! Ide\u00e1lne je ur\u010den\u00e1 pre 2 a\u017e 4 hr\u00e1\u010dov, pri\u010dom ka\u017ed\u00fd m\u00e1 vlastn\u00fa panvicu. Hr\u00e1\u010di na strieda\u010dku ot\u00e1\u010daj\u00fa karty so zeleninou a kontroluj\u00fa, \u010di sa dan\u00fd typ nach\u00e1dza v ich panvici. Ten, kto zeleninu vo svojej panvici zbad\u00e1 ako prv\u00fd, zaklope na panvicu a vykr\u00edkne n\u00e1zov [&hellip;]<\/p>\n","protected":false},"featured_media":7611,"comment_status":"closed","ping_status":"closed","template":"","meta":{"_acf_changed":false,"site-sidebar-layout":"default","site-content-layout":"","ast-site-content-layout":"default","site-content-style":"default","site-sidebar-style":"default","ast-global-header-display":"","ast-banner-title-visibility":"","ast-main-header-display":"","ast-hfb-above-header-display":"","ast-hfb-below-header-display":"","ast-hfb-mobile-header-display":"","site-post-title":"","ast-breadcrumbs-content":"","ast-featured-img":"","footer-sml-layout":"","ast-disable-related-posts":"","theme-transparent-header-meta":"default","adv-header-id-meta":"","stick-header-meta":"default","header-above-stick-meta":"","header-main-stick-meta":"","header-below-stick-meta":"","astra-migrate-meta-layouts":"default","ast-page-background-enabled":"default","ast-page-background-meta":{"desktop":{"background-color":"","background-image":"","background-repeat":"repeat","background-position":"center center","background-size":"auto","background-attachment":"scroll","background-type":"","background-media":"","overlay-type":"","overlay-color":"","overlay-opacity":"","overlay-gradient":""},"tablet":{"background-color":"","background-image":"","background-repeat":"repeat","background-position":"center center","background-size":"auto","background-attachment":"scroll","background-type":"","background-media":"","overlay-type":"","overlay-color":"","overlay-opacity":"","overlay-gradient":""},"mobile":{"background-color":"","background-image":"","background-repeat":"repeat","background-position":"center center","background-size":"auto","background-attachment":"scroll","background-type":"","background-media":"","overlay-type":"","overlay-color":"","overlay-opacity":"","overlay-gradient":""}},"ast-content-background-meta":{"desktop":{"background-color":"var(--ast-global-color-5)","background-image":"","background-repeat":"repeat","background-position":"center center","background-size":"auto","background-attachment":"scroll","background-type":"","background-media":"","overlay-type":"","overlay-color":"","overlay-opacity":"","overlay-gradient":""},"tablet":{"background-color":"var(--ast-global-color-5)","background-image":"","background-repeat":"repeat","background-position":"center center","background-size":"auto","background-attachment":"scroll","background-type":"","background-media":"","overlay-type":"","overlay-color":"","overlay-opacity":"","overlay-gradient":""},"mobile":{"background-color":"var(--ast-global-color-5)","background-image":"","background-repeat":"repeat","background-position":"center center","background-size":"auto","background-attachment":"scroll","background-type":"","background-media":"","overlay-type":"","overlay-color":"","overlay-opacity":"","overlay-gradient":""}}},"product_brand":[],"product_cat":[137],"product_tag":[],"class_list":{"0":"post-7609","1":"product","2":"type-product","3":"status-publish","4":"has-post-thumbnail","6":"product_cat-hry-sk","7":"desktop-align-center","8":"tablet-align-left","9":"mobile-align-center","10":"ast-product-gallery-layout-first-image-large","11":"ast-product-tabs-layout-horizontal","13":"first","14":"instock","15":"sale","16":"downloadable","17":"virtual","18":"sold-individually","19":"purchasable","20":"product-type-simple"},"acf":[],"_links":{"self":[{"href":"https:\/\/kastenkidz.com\/sk\/wp-json\/wp\/v2\/product\/7609","targetHints":{"allow":["GET"]}}],"collection":[{"href":"https:\/\/kastenkidz.com\/sk\/wp-json\/wp\/v2\/product"}],"about":[{"href":"https:\/\/kastenkidz.com\/sk\/wp-json\/wp\/v2\/types\/product"}],"replies":[{"embeddable":true,"href":"https:\/\/kastenkidz.com\/sk\/wp-json\/wp\/v2\/comments?post=7609"}],"wp:featuredmedia":[{"embeddable":true,"href":"https:\/\/kastenkidz.com\/sk\/wp-json\/wp\/v2\/media\/7611"}],"wp:attachment":[{"href":"https:\/\/kastenkidz.com\/sk\/wp-json\/wp\/v2\/media?parent=7609"}],"wp:term":[{"taxonomy":"product_brand","embeddable":true,"href":"https:\/\/kastenkidz.com\/sk\/wp-json\/wp\/v2\/product_brand?post=7609"},{"taxonomy":"product_cat","embeddable":true,"href":"https:\/\/kastenkidz.com\/sk\/wp-json\/wp\/v2\/product_cat?post=7609"},{"taxonomy":"product_tag","embeddable":true,"href":"https:\/\/kastenkidz.com\/sk\/wp-json\/wp\/v2\/product_tag?post=7609"}],"curies":[{"name":"wp","href":"https:\/\/api.w.org\/{rel}","templated":true}]}}