{"id":7567,"date":"2025-02-06T16:45:33","date_gmt":"2025-02-06T16:45:33","guid":{"rendered":"https:\/\/kastenkidz.com\/product\/scitavanie-do-20\/"},"modified":"2025-07-20T19:08:22","modified_gmt":"2025-07-20T19:08:22","slug":"scitavanie-do-20","status":"publish","type":"product","link":"https:\/\/kastenkidz.com\/sk\/produkt\/scitavanie-do-20\/","title":{"rendered":"S\u010d\u00edtavanie do 20"},"content":{"rendered":"<p>\u270d\ufe0f S touto interakt\u00edvnou hrou s dom\u010dekom bude u\u010denie sa s\u010d\u00edtava\u0165 skuto\u010dnou z\u00e1bavou!  \u2795 Ide\u00e1lne pre deti na precvi\u010dovanie s\u010d\u00edtavania do\u00a020. Do ka\u017edej bunky die\u0165a vypln\u00ed \u010d\u00edslo, ktor\u00e9 sa s\u010d\u00edtava s \u010d\u00edslom v susednej bunke tak, aby sa v\u00fdsledn\u00e9 \u010d\u00edslo zhodovalo s celkov\u00fdm s\u00fa\u010dtom uveden\u00fdm na streche.  <\/p>\n<p>Obsah: 24\u00a0kariet s doplnkov\u00fdmi \u00falohami, 6\u00a0h\u00e1rkov vo form\u00e1te A4. <\/p>\n","protected":false},"excerpt":{"rendered":"<p>\u270d\ufe0f S touto interakt\u00edvnou hrou s dom\u010dekom bude u\u010denie sa s\u010d\u00edtava\u0165 skuto\u010dnou z\u00e1bavou! \u2795 Ide\u00e1lne pre deti na precvi\u010dovanie s\u010d\u00edtavania do\u00a020. Do ka\u017edej bunky die\u0165a vypln\u00ed \u010d\u00edslo, ktor\u00e9 sa s\u010d\u00edtava s \u010d\u00edslom v susednej bunke tak, aby sa v\u00fdsledn\u00e9 \u010d\u00edslo zhodovalo s celkov\u00fdm s\u00fa\u010dtom uveden\u00fdm na streche. Obsah: 24\u00a0kariet s doplnkov\u00fdmi \u00falohami, 6\u00a0h\u00e1rkov vo form\u00e1te [&hellip;]<\/p>\n","protected":false},"featured_media":7569,"comment_status":"closed","ping_status":"closed","template":"","meta":{"_acf_changed":false,"site-sidebar-layout":"default","site-content-layout":"","ast-site-content-layout":"default","site-content-style":"default","site-sidebar-style":"default","ast-global-header-display":"","ast-banner-title-visibility":"","ast-main-header-display":"","ast-hfb-above-header-display":"","ast-hfb-below-header-display":"","ast-hfb-mobile-header-display":"","site-post-title":"","ast-breadcrumbs-content":"","ast-featured-img":"","footer-sml-layout":"","ast-disable-related-posts":"","theme-transparent-header-meta":"default","adv-header-id-meta":"","stick-header-meta":"default","header-above-stick-meta":"","header-main-stick-meta":"","header-below-stick-meta":"","astra-migrate-meta-layouts":"default","ast-page-background-enabled":"default","ast-page-background-meta":{"desktop":{"background-color":"","background-image":"","background-repeat":"repeat","background-position":"center center","background-size":"auto","background-attachment":"scroll","background-type":"","background-media":"","overlay-type":"","overlay-color":"","overlay-opacity":"","overlay-gradient":""},"tablet":{"background-color":"","background-image":"","background-repeat":"repeat","background-position":"center center","background-size":"auto","background-attachment":"scroll","background-type":"","background-media":"","overlay-type":"","overlay-color":"","overlay-opacity":"","overlay-gradient":""},"mobile":{"background-color":"","background-image":"","background-repeat":"repeat","background-position":"center center","background-size":"auto","background-attachment":"scroll","background-type":"","background-media":"","overlay-type":"","overlay-color":"","overlay-opacity":"","overlay-gradient":""}},"ast-content-background-meta":{"desktop":{"background-color":"var(--ast-global-color-5)","background-image":"","background-repeat":"repeat","background-position":"center center","background-size":"auto","background-attachment":"scroll","background-type":"","background-media":"","overlay-type":"","overlay-color":"","overlay-opacity":"","overlay-gradient":""},"tablet":{"background-color":"var(--ast-global-color-5)","background-image":"","background-repeat":"repeat","background-position":"center center","background-size":"auto","background-attachment":"scroll","background-type":"","background-media":"","overlay-type":"","overlay-color":"","overlay-opacity":"","overlay-gradient":""},"mobile":{"background-color":"var(--ast-global-color-5)","background-image":"","background-repeat":"repeat","background-position":"center center","background-size":"auto","background-attachment":"scroll","background-type":"","background-media":"","overlay-type":"","overlay-color":"","overlay-opacity":"","overlay-gradient":""}}},"product_brand":[],"product_cat":[139],"product_tag":[],"class_list":{"0":"post-7567","1":"product","2":"type-product","3":"status-publish","4":"has-post-thumbnail","6":"product_cat-matematika-sk","7":"desktop-align-center","8":"tablet-align-left","9":"mobile-align-center","10":"ast-product-gallery-layout-first-image-large","11":"ast-product-tabs-layout-horizontal","13":"first","14":"instock","15":"sale","16":"downloadable","17":"virtual","18":"sold-individually","19":"purchasable","20":"product-type-simple"},"acf":[],"_links":{"self":[{"href":"https:\/\/kastenkidz.com\/sk\/wp-json\/wp\/v2\/product\/7567","targetHints":{"allow":["GET"]}}],"collection":[{"href":"https:\/\/kastenkidz.com\/sk\/wp-json\/wp\/v2\/product"}],"about":[{"href":"https:\/\/kastenkidz.com\/sk\/wp-json\/wp\/v2\/types\/product"}],"replies":[{"embeddable":true,"href":"https:\/\/kastenkidz.com\/sk\/wp-json\/wp\/v2\/comments?post=7567"}],"wp:featuredmedia":[{"embeddable":true,"href":"https:\/\/kastenkidz.com\/sk\/wp-json\/wp\/v2\/media\/7569"}],"wp:attachment":[{"href":"https:\/\/kastenkidz.com\/sk\/wp-json\/wp\/v2\/media?parent=7567"}],"wp:term":[{"taxonomy":"product_brand","embeddable":true,"href":"https:\/\/kastenkidz.com\/sk\/wp-json\/wp\/v2\/product_brand?post=7567"},{"taxonomy":"product_cat","embeddable":true,"href":"https:\/\/kastenkidz.com\/sk\/wp-json\/wp\/v2\/product_cat?post=7567"},{"taxonomy":"product_tag","embeddable":true,"href":"https:\/\/kastenkidz.com\/sk\/wp-json\/wp\/v2\/product_tag?post=7567"}],"curies":[{"name":"wp","href":"https:\/\/api.w.org\/{rel}","templated":true}]}}