{"id":7551,"date":"2025-02-06T16:45:33","date_gmt":"2025-02-06T16:45:33","guid":{"rendered":"https:\/\/kastenkidz.com\/product\/kalendar-pocasia\/"},"modified":"2025-07-20T19:08:20","modified_gmt":"2025-07-20T19:08:20","slug":"kalendar-pocasia","status":"publish","type":"product","link":"https:\/\/kastenkidz.com\/sk\/produkt\/kalendar-pocasia\/","title":{"rendered":"Kalend\u00e1r po\u010dasia"},"content":{"rendered":"<p>Sta\u0148te sa na jeden de\u0148 meteorol\u00f3gmi!  \ufe0f  Nechajte svoje die\u0165a nalepi\u0165 ka\u017ed\u00e9 r\u00e1no jednu kartu zodpovedaj\u00facu aktu\u00e1lnemu po\u010dasiu, ktor\u00e9 vid\u00ed vonku.  Pri tejto z\u00e1bavnej aktivite deti nielen spozn\u00e1vaj\u00fa po\u010dasie, no takisto sa u\u010dia, ako sa rozhodn\u00fa\u0165, \u010do si do dan\u00e9ho po\u010dasia obliec\u0165.   Vytvor\u00edte tak skvel\u00fd ka\u017edodenn\u00fd n\u00e1vyk, pri ktorom sa die\u0165a bude u\u010di\u0165 aj zab\u00e1va\u0165!<\/p>\n<p>Obsah: 2 papierov\u00e9 h\u00e1rky form\u00e1tu A4, predloha kalend\u00e1ra a 10 kariet s po\u010das\u00edm. <\/p>\n","protected":false},"excerpt":{"rendered":"<p>Sta\u0148te sa na jeden de\u0148 meteorol\u00f3gmi! \ufe0f Nechajte svoje die\u0165a nalepi\u0165 ka\u017ed\u00e9 r\u00e1no jednu kartu zodpovedaj\u00facu aktu\u00e1lnemu po\u010dasiu, ktor\u00e9 vid\u00ed vonku. Pri tejto z\u00e1bavnej aktivite deti nielen spozn\u00e1vaj\u00fa po\u010dasie, no takisto sa u\u010dia, ako sa rozhodn\u00fa\u0165, \u010do si do dan\u00e9ho po\u010dasia obliec\u0165. Vytvor\u00edte tak skvel\u00fd ka\u017edodenn\u00fd n\u00e1vyk, pri ktorom sa die\u0165a bude u\u010di\u0165 aj zab\u00e1va\u0165! [&hellip;]<\/p>\n","protected":false},"featured_media":7553,"comment_status":"closed","ping_status":"closed","template":"","meta":{"_acf_changed":false,"site-sidebar-layout":"default","site-content-layout":"","ast-site-content-layout":"default","site-content-style":"default","site-sidebar-style":"default","ast-global-header-display":"","ast-banner-title-visibility":"","ast-main-header-display":"","ast-hfb-above-header-display":"","ast-hfb-below-header-display":"","ast-hfb-mobile-header-display":"","site-post-title":"","ast-breadcrumbs-content":"","ast-featured-img":"","footer-sml-layout":"","ast-disable-related-posts":"","theme-transparent-header-meta":"default","adv-header-id-meta":"","stick-header-meta":"default","header-above-stick-meta":"","header-main-stick-meta":"","header-below-stick-meta":"","astra-migrate-meta-layouts":"default","ast-page-background-enabled":"default","ast-page-background-meta":{"desktop":{"background-color":"","background-image":"","background-repeat":"repeat","background-position":"center center","background-size":"auto","background-attachment":"scroll","background-type":"","background-media":"","overlay-type":"","overlay-color":"","overlay-opacity":"","overlay-gradient":""},"tablet":{"background-color":"","background-image":"","background-repeat":"repeat","background-position":"center center","background-size":"auto","background-attachment":"scroll","background-type":"","background-media":"","overlay-type":"","overlay-color":"","overlay-opacity":"","overlay-gradient":""},"mobile":{"background-color":"","background-image":"","background-repeat":"repeat","background-position":"center center","background-size":"auto","background-attachment":"scroll","background-type":"","background-media":"","overlay-type":"","overlay-color":"","overlay-opacity":"","overlay-gradient":""}},"ast-content-background-meta":{"desktop":{"background-color":"var(--ast-global-color-5)","background-image":"","background-repeat":"repeat","background-position":"center center","background-size":"auto","background-attachment":"scroll","background-type":"","background-media":"","overlay-type":"","overlay-color":"","overlay-opacity":"","overlay-gradient":""},"tablet":{"background-color":"var(--ast-global-color-5)","background-image":"","background-repeat":"repeat","background-position":"center center","background-size":"auto","background-attachment":"scroll","background-type":"","background-media":"","overlay-type":"","overlay-color":"","overlay-opacity":"","overlay-gradient":""},"mobile":{"background-color":"var(--ast-global-color-5)","background-image":"","background-repeat":"repeat","background-position":"center center","background-size":"auto","background-attachment":"scroll","background-type":"","background-media":"","overlay-type":"","overlay-color":"","overlay-opacity":"","overlay-gradient":""}}},"product_brand":[],"product_cat":[141],"product_tag":[],"class_list":{"0":"post-7551","1":"product","2":"type-product","3":"status-publish","4":"has-post-thumbnail","6":"product_cat-skladacky-a-karty","7":"desktop-align-center","8":"tablet-align-left","9":"mobile-align-center","10":"ast-product-gallery-layout-first-image-large","11":"ast-product-gallery-with-no-image","12":"ast-product-tabs-layout-horizontal","14":"first","15":"instock","16":"sale","17":"downloadable","18":"virtual","19":"sold-individually","20":"purchasable","21":"product-type-simple"},"acf":[],"_links":{"self":[{"href":"https:\/\/kastenkidz.com\/sk\/wp-json\/wp\/v2\/product\/7551","targetHints":{"allow":["GET"]}}],"collection":[{"href":"https:\/\/kastenkidz.com\/sk\/wp-json\/wp\/v2\/product"}],"about":[{"href":"https:\/\/kastenkidz.com\/sk\/wp-json\/wp\/v2\/types\/product"}],"replies":[{"embeddable":true,"href":"https:\/\/kastenkidz.com\/sk\/wp-json\/wp\/v2\/comments?post=7551"}],"wp:featuredmedia":[{"embeddable":true,"href":"https:\/\/kastenkidz.com\/sk\/wp-json\/wp\/v2\/media\/7553"}],"wp:attachment":[{"href":"https:\/\/kastenkidz.com\/sk\/wp-json\/wp\/v2\/media?parent=7551"}],"wp:term":[{"taxonomy":"product_brand","embeddable":true,"href":"https:\/\/kastenkidz.com\/sk\/wp-json\/wp\/v2\/product_brand?post=7551"},{"taxonomy":"product_cat","embeddable":true,"href":"https:\/\/kastenkidz.com\/sk\/wp-json\/wp\/v2\/product_cat?post=7551"},{"taxonomy":"product_tag","embeddable":true,"href":"https:\/\/kastenkidz.com\/sk\/wp-json\/wp\/v2\/product_tag?post=7551"}],"curies":[{"name":"wp","href":"https:\/\/api.w.org\/{rel}","templated":true}]}}