{"id":7521,"date":"2025-02-06T16:45:33","date_gmt":"2025-02-06T16:45:33","guid":{"rendered":"https:\/\/kastenkidz.com\/product\/obchod\/"},"modified":"2025-07-20T19:08:18","modified_gmt":"2025-07-20T19:08:18","slug":"obchod","status":"publish","type":"product","link":"https:\/\/kastenkidz.com\/sk\/produkt\/obchod\/","title":{"rendered":"Obchod"},"content":{"rendered":"<p>Urobte z u\u010denia \u010d\u00edtania z\u00e1bavu pomocou tejto interakt\u00edvnej hry na nakupovanie!   Deti si pre\u010d\u00edtaj\u00fa zoznam polo\u017eiek a n\u00e1sledne sa pretekaj\u00fa v prira\u010fovan\u00ed kariet s v\u00fdrobkami, ktor\u00fdmi nap\u013a\u0148aj\u00fa svoje n\u00e1kupn\u00e9 ko\u0161\u00edky. Ide\u00e1lne ako individu\u00e1lna hra \u010di skupinov\u00e1 s\u00fa\u0165a\u017e! Ide o skvel\u00fd sp\u00f4sob, ako posilni\u0165 \u010ditate\u013esk\u00e9 zru\u010dnosti a z\u00e1rove\u0148 sa zabavi\u0165.     <\/p>\n<p>Obsah: 4 h\u00e1rky form\u00e1tu A4. Zoznamy v\u00fdrobkov \u2013 4 ks, 40 kariet s v\u00fdrobkami, hern\u00e1 predloha <\/p>\n","protected":false},"excerpt":{"rendered":"<p>Urobte z u\u010denia \u010d\u00edtania z\u00e1bavu pomocou tejto interakt\u00edvnej hry na nakupovanie! Deti si pre\u010d\u00edtaj\u00fa zoznam polo\u017eiek a n\u00e1sledne sa pretekaj\u00fa v prira\u010fovan\u00ed kariet s v\u00fdrobkami, ktor\u00fdmi nap\u013a\u0148aj\u00fa svoje n\u00e1kupn\u00e9 ko\u0161\u00edky. Ide\u00e1lne ako individu\u00e1lna hra \u010di skupinov\u00e1 s\u00fa\u0165a\u017e! Ide o skvel\u00fd sp\u00f4sob, ako posilni\u0165 \u010ditate\u013esk\u00e9 zru\u010dnosti a z\u00e1rove\u0148 sa zabavi\u0165. Obsah: 4 h\u00e1rky form\u00e1tu A4. Zoznamy [&hellip;]<\/p>\n","protected":false},"featured_media":7523,"comment_status":"closed","ping_status":"closed","template":"","meta":{"_acf_changed":false,"site-sidebar-layout":"default","site-content-layout":"","ast-site-content-layout":"default","site-content-style":"default","site-sidebar-style":"default","ast-global-header-display":"","ast-banner-title-visibility":"","ast-main-header-display":"","ast-hfb-above-header-display":"","ast-hfb-below-header-display":"","ast-hfb-mobile-header-display":"","site-post-title":"","ast-breadcrumbs-content":"","ast-featured-img":"","footer-sml-layout":"","ast-disable-related-posts":"","theme-transparent-header-meta":"default","adv-header-id-meta":"","stick-header-meta":"default","header-above-stick-meta":"","header-main-stick-meta":"","header-below-stick-meta":"","astra-migrate-meta-layouts":"default","ast-page-background-enabled":"default","ast-page-background-meta":{"desktop":{"background-color":"","background-image":"","background-repeat":"repeat","background-position":"center center","background-size":"auto","background-attachment":"scroll","background-type":"","background-media":"","overlay-type":"","overlay-color":"","overlay-opacity":"","overlay-gradient":""},"tablet":{"background-color":"","background-image":"","background-repeat":"repeat","background-position":"center center","background-size":"auto","background-attachment":"scroll","background-type":"","background-media":"","overlay-type":"","overlay-color":"","overlay-opacity":"","overlay-gradient":""},"mobile":{"background-color":"","background-image":"","background-repeat":"repeat","background-position":"center center","background-size":"auto","background-attachment":"scroll","background-type":"","background-media":"","overlay-type":"","overlay-color":"","overlay-opacity":"","overlay-gradient":""}},"ast-content-background-meta":{"desktop":{"background-color":"var(--ast-global-color-5)","background-image":"","background-repeat":"repeat","background-position":"center center","background-size":"auto","background-attachment":"scroll","background-type":"","background-media":"","overlay-type":"","overlay-color":"","overlay-opacity":"","overlay-gradient":""},"tablet":{"background-color":"var(--ast-global-color-5)","background-image":"","background-repeat":"repeat","background-position":"center center","background-size":"auto","background-attachment":"scroll","background-type":"","background-media":"","overlay-type":"","overlay-color":"","overlay-opacity":"","overlay-gradient":""},"mobile":{"background-color":"var(--ast-global-color-5)","background-image":"","background-repeat":"repeat","background-position":"center center","background-size":"auto","background-attachment":"scroll","background-type":"","background-media":"","overlay-type":"","overlay-color":"","overlay-opacity":"","overlay-gradient":""}}},"product_brand":[],"product_cat":[137,138],"product_tag":[],"class_list":{"0":"post-7521","1":"product","2":"type-product","3":"status-publish","4":"has-post-thumbnail","6":"product_cat-hry-sk","7":"product_cat-jazyk-sk","8":"desktop-align-center","9":"tablet-align-left","10":"mobile-align-center","11":"ast-product-gallery-layout-first-image-large","12":"ast-product-tabs-layout-horizontal","14":"first","15":"instock","16":"sale","17":"downloadable","18":"virtual","19":"sold-individually","20":"purchasable","21":"product-type-simple"},"acf":[],"_links":{"self":[{"href":"https:\/\/kastenkidz.com\/sk\/wp-json\/wp\/v2\/product\/7521","targetHints":{"allow":["GET"]}}],"collection":[{"href":"https:\/\/kastenkidz.com\/sk\/wp-json\/wp\/v2\/product"}],"about":[{"href":"https:\/\/kastenkidz.com\/sk\/wp-json\/wp\/v2\/types\/product"}],"replies":[{"embeddable":true,"href":"https:\/\/kastenkidz.com\/sk\/wp-json\/wp\/v2\/comments?post=7521"}],"wp:featuredmedia":[{"embeddable":true,"href":"https:\/\/kastenkidz.com\/sk\/wp-json\/wp\/v2\/media\/7523"}],"wp:attachment":[{"href":"https:\/\/kastenkidz.com\/sk\/wp-json\/wp\/v2\/media?parent=7521"}],"wp:term":[{"taxonomy":"product_brand","embeddable":true,"href":"https:\/\/kastenkidz.com\/sk\/wp-json\/wp\/v2\/product_brand?post=7521"},{"taxonomy":"product_cat","embeddable":true,"href":"https:\/\/kastenkidz.com\/sk\/wp-json\/wp\/v2\/product_cat?post=7521"},{"taxonomy":"product_tag","embeddable":true,"href":"https:\/\/kastenkidz.com\/sk\/wp-json\/wp\/v2\/product_tag?post=7521"}],"curies":[{"name":"wp","href":"https:\/\/api.w.org\/{rel}","templated":true}]}}