{"id":7493,"date":"2025-02-06T16:45:33","date_gmt":"2025-02-06T16:45:33","guid":{"rendered":"https:\/\/kastenkidz.com\/product\/lotto-ovocie-lesne-plody-a-zelenina\/"},"modified":"2025-07-20T19:08:15","modified_gmt":"2025-07-20T19:08:15","slug":"lotto-ovocie-lesne-plody-a-zelenina","status":"publish","type":"product","link":"https:\/\/kastenkidz.com\/sk\/produkt\/lotto-ovocie-lesne-plody-a-zelenina\/","title":{"rendered":"Lotto \u201eOvocie, lesn\u00e9 plody a zelenina\u201c"},"content":{"rendered":"<p>Zozn\u00e1mte svoje die\u0165a so svetom zdrav\u00fdch potrav\u00edn!   T\u00e1to z\u00e1bavn\u00e1 hra pom\u00e1ha de\u0165om rozpozn\u00e1va\u0165 a rozli\u0161ova\u0165 ovocie, lesn\u00e9 plody a zeleninu pomocou skuto\u010dn\u00fdch fotiek. Ide o chutn\u00fd sp\u00f4sob, ako sa u\u010di\u0165 a r\u00e1s\u0165!<br \/>\nDe\u0165om rozdajte lotto karty a po\u017eiadajte ich, aby ich na pr\u00edslu\u0161n\u00fdch pracovn\u00fdch h\u00e1rkoch polo\u017eili na pr\u00edslu\u0161n\u00e9 ovocie, lesn\u00e9 plody a zeleninu.<\/p>\n<p>Obsah: 4 pracovn\u00e9 h\u00e1rky form\u00e1tu A4 s obr\u00e1zkami, 36\u00a0kariet s fotkami <\/p>\n","protected":false},"excerpt":{"rendered":"<p>Zozn\u00e1mte svoje die\u0165a so svetom zdrav\u00fdch potrav\u00edn! T\u00e1to z\u00e1bavn\u00e1 hra pom\u00e1ha de\u0165om rozpozn\u00e1va\u0165 a rozli\u0161ova\u0165 ovocie, lesn\u00e9 plody a zeleninu pomocou skuto\u010dn\u00fdch fotiek. Ide o chutn\u00fd sp\u00f4sob, ako sa u\u010di\u0165 a r\u00e1s\u0165! De\u0165om rozdajte lotto karty a po\u017eiadajte ich, aby ich na pr\u00edslu\u0161n\u00fdch pracovn\u00fdch h\u00e1rkoch polo\u017eili na pr\u00edslu\u0161n\u00e9 ovocie, lesn\u00e9 plody a zeleninu. Obsah: 4 [&hellip;]<\/p>\n","protected":false},"featured_media":7495,"comment_status":"closed","ping_status":"closed","template":"","meta":{"_acf_changed":false,"site-sidebar-layout":"default","site-content-layout":"","ast-site-content-layout":"default","site-content-style":"default","site-sidebar-style":"default","ast-global-header-display":"","ast-banner-title-visibility":"","ast-main-header-display":"","ast-hfb-above-header-display":"","ast-hfb-below-header-display":"","ast-hfb-mobile-header-display":"","site-post-title":"","ast-breadcrumbs-content":"","ast-featured-img":"","footer-sml-layout":"","ast-disable-related-posts":"","theme-transparent-header-meta":"default","adv-header-id-meta":"","stick-header-meta":"default","header-above-stick-meta":"","header-main-stick-meta":"","header-below-stick-meta":"","astra-migrate-meta-layouts":"default","ast-page-background-enabled":"default","ast-page-background-meta":{"desktop":{"background-color":"","background-image":"","background-repeat":"repeat","background-position":"center center","background-size":"auto","background-attachment":"scroll","background-type":"","background-media":"","overlay-type":"","overlay-color":"","overlay-opacity":"","overlay-gradient":""},"tablet":{"background-color":"","background-image":"","background-repeat":"repeat","background-position":"center center","background-size":"auto","background-attachment":"scroll","background-type":"","background-media":"","overlay-type":"","overlay-color":"","overlay-opacity":"","overlay-gradient":""},"mobile":{"background-color":"","background-image":"","background-repeat":"repeat","background-position":"center center","background-size":"auto","background-attachment":"scroll","background-type":"","background-media":"","overlay-type":"","overlay-color":"","overlay-opacity":"","overlay-gradient":""}},"ast-content-background-meta":{"desktop":{"background-color":"var(--ast-global-color-5)","background-image":"","background-repeat":"repeat","background-position":"center center","background-size":"auto","background-attachment":"scroll","background-type":"","background-media":"","overlay-type":"","overlay-color":"","overlay-opacity":"","overlay-gradient":""},"tablet":{"background-color":"var(--ast-global-color-5)","background-image":"","background-repeat":"repeat","background-position":"center center","background-size":"auto","background-attachment":"scroll","background-type":"","background-media":"","overlay-type":"","overlay-color":"","overlay-opacity":"","overlay-gradient":""},"mobile":{"background-color":"var(--ast-global-color-5)","background-image":"","background-repeat":"repeat","background-position":"center center","background-size":"auto","background-attachment":"scroll","background-type":"","background-media":"","overlay-type":"","overlay-color":"","overlay-opacity":"","overlay-gradient":""}}},"product_brand":[],"product_cat":[137,142],"product_tag":[],"class_list":{"0":"post-7493","1":"product","2":"type-product","3":"status-publish","4":"has-post-thumbnail","6":"product_cat-hry-sk","7":"product_cat-triedenie","8":"desktop-align-center","9":"tablet-align-left","10":"mobile-align-center","11":"ast-product-gallery-layout-first-image-large","12":"ast-product-tabs-layout-horizontal","14":"first","15":"instock","16":"sale","17":"downloadable","18":"virtual","19":"sold-individually","20":"purchasable","21":"product-type-simple"},"acf":[],"_links":{"self":[{"href":"https:\/\/kastenkidz.com\/sk\/wp-json\/wp\/v2\/product\/7493","targetHints":{"allow":["GET"]}}],"collection":[{"href":"https:\/\/kastenkidz.com\/sk\/wp-json\/wp\/v2\/product"}],"about":[{"href":"https:\/\/kastenkidz.com\/sk\/wp-json\/wp\/v2\/types\/product"}],"replies":[{"embeddable":true,"href":"https:\/\/kastenkidz.com\/sk\/wp-json\/wp\/v2\/comments?post=7493"}],"wp:featuredmedia":[{"embeddable":true,"href":"https:\/\/kastenkidz.com\/sk\/wp-json\/wp\/v2\/media\/7495"}],"wp:attachment":[{"href":"https:\/\/kastenkidz.com\/sk\/wp-json\/wp\/v2\/media?parent=7493"}],"wp:term":[{"taxonomy":"product_brand","embeddable":true,"href":"https:\/\/kastenkidz.com\/sk\/wp-json\/wp\/v2\/product_brand?post=7493"},{"taxonomy":"product_cat","embeddable":true,"href":"https:\/\/kastenkidz.com\/sk\/wp-json\/wp\/v2\/product_cat?post=7493"},{"taxonomy":"product_tag","embeddable":true,"href":"https:\/\/kastenkidz.com\/sk\/wp-json\/wp\/v2\/product_tag?post=7493"}],"curies":[{"name":"wp","href":"https:\/\/api.w.org\/{rel}","templated":true}]}}