{"id":7443,"date":"2025-02-06T16:45:33","date_gmt":"2025-02-06T16:45:33","guid":{"rendered":"https:\/\/kastenkidz.com\/product\/hra-na-rozlisovanie-jednotneho-a-mnozneho-cisla-typu-mam\/"},"modified":"2025-07-20T19:08:09","modified_gmt":"2025-07-20T19:08:09","slug":"hra-na-rozlisovanie-jednotneho-a-mnozneho-cisla-typu-mam","status":"publish","type":"product","link":"https:\/\/kastenkidz.com\/sk\/produkt\/hra-na-rozlisovanie-jednotneho-a-mnozneho-cisla-typu-mam\/","title":{"rendered":"Hra na rozli\u0161ovanie jednotn\u00e9ho a mno\u017en\u00e9ho \u010d\u00edsla typu \u201eM\u00e1m\u201c"},"content":{"rendered":"<p>Hra na rozli\u0161ovanie jednotn\u00e9ho a mno\u017en\u00e9ho \u010d\u00edsla typu \u201eM\u00e1m\u201c je nielen hrou, ale s\u00fa\u010dasne aj pom\u00f4ckou na u\u010denie sa spr\u00e1vnej v\u00fdslovnosti podstatn\u00fdch mien v jednotnom a mno\u017enom \u010d\u00edsle.<br \/>\nPravidl\u00e1 hry: V\u0161etky karty rozdajte hr\u00e1\u010dom. Vyberte die\u0165a, ktor\u00e9 za\u010dne hru. Hr\u00e1\u010d mus\u00ed nahlas poveda\u0165 \u201eKto m\u00e1\u2026?\u201c a pomenova\u0165 obr\u00e1zok pod t\u00fdmto n\u00e1pisom na karte (napr. taniere). \u010ci\u017ee: \u201eKto m\u00e1 taniere?\u201c Potom si v\u0161etci hr\u00e1\u010di skontroluj\u00fa svoje karty a die\u0165a, ktor\u00e9 taniere n\u00e1jde na svojej karte, mus\u00ed poveda\u0165 \u201eM\u00e1m taniere\u201c a potom sa mus\u00ed sp\u00fdta\u0165 \u201eKto m\u00e1 ly\u017eicu?\u201c, ke\u010f\u017ee ly\u017eica je \u010fal\u0161\u00ed obr\u00e1zok na karte. N\u00e1sledne sa t\u00e1to karta vyrad\u00ed a hra pokra\u010duje \u010falej.<\/p>\n<p>Obsah: 48 kariet. <\/p>\n","protected":false},"excerpt":{"rendered":"<p>Hra na rozli\u0161ovanie jednotn\u00e9ho a mno\u017en\u00e9ho \u010d\u00edsla typu \u201eM\u00e1m\u201c je nielen hrou, ale s\u00fa\u010dasne aj pom\u00f4ckou na u\u010denie sa spr\u00e1vnej v\u00fdslovnosti podstatn\u00fdch mien v jednotnom a mno\u017enom \u010d\u00edsle. Pravidl\u00e1 hry: V\u0161etky karty rozdajte hr\u00e1\u010dom. Vyberte die\u0165a, ktor\u00e9 za\u010dne hru. Hr\u00e1\u010d mus\u00ed nahlas poveda\u0165 \u201eKto m\u00e1\u2026?\u201c a pomenova\u0165 obr\u00e1zok pod t\u00fdmto n\u00e1pisom na karte (napr. taniere). [&hellip;]<\/p>\n","protected":false},"featured_media":7445,"comment_status":"closed","ping_status":"closed","template":"","meta":{"_acf_changed":false,"site-sidebar-layout":"default","site-content-layout":"","ast-site-content-layout":"default","site-content-style":"default","site-sidebar-style":"default","ast-global-header-display":"","ast-banner-title-visibility":"","ast-main-header-display":"","ast-hfb-above-header-display":"","ast-hfb-below-header-display":"","ast-hfb-mobile-header-display":"","site-post-title":"","ast-breadcrumbs-content":"","ast-featured-img":"","footer-sml-layout":"","ast-disable-related-posts":"","theme-transparent-header-meta":"default","adv-header-id-meta":"","stick-header-meta":"default","header-above-stick-meta":"","header-main-stick-meta":"","header-below-stick-meta":"","astra-migrate-meta-layouts":"default","ast-page-background-enabled":"default","ast-page-background-meta":{"desktop":{"background-color":"","background-image":"","background-repeat":"repeat","background-position":"center center","background-size":"auto","background-attachment":"scroll","background-type":"","background-media":"","overlay-type":"","overlay-color":"","overlay-opacity":"","overlay-gradient":""},"tablet":{"background-color":"","background-image":"","background-repeat":"repeat","background-position":"center center","background-size":"auto","background-attachment":"scroll","background-type":"","background-media":"","overlay-type":"","overlay-color":"","overlay-opacity":"","overlay-gradient":""},"mobile":{"background-color":"","background-image":"","background-repeat":"repeat","background-position":"center center","background-size":"auto","background-attachment":"scroll","background-type":"","background-media":"","overlay-type":"","overlay-color":"","overlay-opacity":"","overlay-gradient":""}},"ast-content-background-meta":{"desktop":{"background-color":"var(--ast-global-color-5)","background-image":"","background-repeat":"repeat","background-position":"center center","background-size":"auto","background-attachment":"scroll","background-type":"","background-media":"","overlay-type":"","overlay-color":"","overlay-opacity":"","overlay-gradient":""},"tablet":{"background-color":"var(--ast-global-color-5)","background-image":"","background-repeat":"repeat","background-position":"center center","background-size":"auto","background-attachment":"scroll","background-type":"","background-media":"","overlay-type":"","overlay-color":"","overlay-opacity":"","overlay-gradient":""},"mobile":{"background-color":"var(--ast-global-color-5)","background-image":"","background-repeat":"repeat","background-position":"center center","background-size":"auto","background-attachment":"scroll","background-type":"","background-media":"","overlay-type":"","overlay-color":"","overlay-opacity":"","overlay-gradient":""}}},"product_brand":[],"product_cat":[137,138],"product_tag":[],"class_list":{"0":"post-7443","1":"product","2":"type-product","3":"status-publish","4":"has-post-thumbnail","6":"product_cat-hry-sk","7":"product_cat-jazyk-sk","8":"desktop-align-center","9":"tablet-align-left","10":"mobile-align-center","11":"ast-product-gallery-layout-first-image-large","12":"ast-product-gallery-with-no-image","13":"ast-product-tabs-layout-horizontal","15":"first","16":"instock","17":"sale","18":"downloadable","19":"virtual","20":"sold-individually","21":"purchasable","22":"product-type-simple"},"acf":[],"_links":{"self":[{"href":"https:\/\/kastenkidz.com\/sk\/wp-json\/wp\/v2\/product\/7443","targetHints":{"allow":["GET"]}}],"collection":[{"href":"https:\/\/kastenkidz.com\/sk\/wp-json\/wp\/v2\/product"}],"about":[{"href":"https:\/\/kastenkidz.com\/sk\/wp-json\/wp\/v2\/types\/product"}],"replies":[{"embeddable":true,"href":"https:\/\/kastenkidz.com\/sk\/wp-json\/wp\/v2\/comments?post=7443"}],"wp:featuredmedia":[{"embeddable":true,"href":"https:\/\/kastenkidz.com\/sk\/wp-json\/wp\/v2\/media\/7445"}],"wp:attachment":[{"href":"https:\/\/kastenkidz.com\/sk\/wp-json\/wp\/v2\/media?parent=7443"}],"wp:term":[{"taxonomy":"product_brand","embeddable":true,"href":"https:\/\/kastenkidz.com\/sk\/wp-json\/wp\/v2\/product_brand?post=7443"},{"taxonomy":"product_cat","embeddable":true,"href":"https:\/\/kastenkidz.com\/sk\/wp-json\/wp\/v2\/product_cat?post=7443"},{"taxonomy":"product_tag","embeddable":true,"href":"https:\/\/kastenkidz.com\/sk\/wp-json\/wp\/v2\/product_tag?post=7443"}],"curies":[{"name":"wp","href":"https:\/\/api.w.org\/{rel}","templated":true}]}}