{"id":7421,"date":"2025-02-06T16:45:33","date_gmt":"2025-02-06T16:45:33","guid":{"rendered":"https:\/\/kastenkidz.com\/product\/kolko-to-vazi\/"},"modified":"2025-07-20T19:08:07","modified_gmt":"2025-07-20T19:08:07","slug":"kolko-to-vazi","status":"publish","type":"product","link":"https:\/\/kastenkidz.com\/sk\/produkt\/kolko-to-vazi\/","title":{"rendered":"Ko\u013eko to v\u00e1\u017ei?"},"content":{"rendered":"<p>\u200d  Preme\u0148te matematiku na vzru\u0161uj\u00facu discipl\u00ednu s hernou zostavou \u201eKo\u013eko to v\u00e1\u017ei?\u201c. Obsahuje z\u00e1bavn\u00e9 \u00falohy na s\u010d\u00edtavanie aj porovn\u00e1vanie s\u00favisiace s tematikou v\u00e1h.<br \/>\nIde o ide\u00e1lnu hru na praktick\u00e9 u\u010denie!  \u2696\ufe0f <\/p>\n<p>Zlo\u017eenie: Matematick\u00e9 \u00falohy na s\u010d\u00edtavanie a porovn\u00e1vanie vo form\u00e1te A4. <\/p>\n","protected":false},"excerpt":{"rendered":"<p>\u200d Preme\u0148te matematiku na vzru\u0161uj\u00facu discipl\u00ednu s hernou zostavou \u201eKo\u013eko to v\u00e1\u017ei?\u201c. Obsahuje z\u00e1bavn\u00e9 \u00falohy na s\u010d\u00edtavanie aj porovn\u00e1vanie s\u00favisiace s tematikou v\u00e1h. Ide o ide\u00e1lnu hru na praktick\u00e9 u\u010denie! \u2696\ufe0f Zlo\u017eenie: Matematick\u00e9 \u00falohy na s\u010d\u00edtavanie a porovn\u00e1vanie vo form\u00e1te A4.<\/p>\n","protected":false},"featured_media":7423,"comment_status":"closed","ping_status":"closed","template":"","meta":{"_acf_changed":false,"site-sidebar-layout":"default","site-content-layout":"","ast-site-content-layout":"default","site-content-style":"default","site-sidebar-style":"default","ast-global-header-display":"","ast-banner-title-visibility":"","ast-main-header-display":"","ast-hfb-above-header-display":"","ast-hfb-below-header-display":"","ast-hfb-mobile-header-display":"","site-post-title":"","ast-breadcrumbs-content":"","ast-featured-img":"","footer-sml-layout":"","ast-disable-related-posts":"","theme-transparent-header-meta":"default","adv-header-id-meta":"","stick-header-meta":"default","header-above-stick-meta":"","header-main-stick-meta":"","header-below-stick-meta":"","astra-migrate-meta-layouts":"default","ast-page-background-enabled":"default","ast-page-background-meta":{"desktop":{"background-color":"","background-image":"","background-repeat":"repeat","background-position":"center center","background-size":"auto","background-attachment":"scroll","background-type":"","background-media":"","overlay-type":"","overlay-color":"","overlay-opacity":"","overlay-gradient":""},"tablet":{"background-color":"","background-image":"","background-repeat":"repeat","background-position":"center center","background-size":"auto","background-attachment":"scroll","background-type":"","background-media":"","overlay-type":"","overlay-color":"","overlay-opacity":"","overlay-gradient":""},"mobile":{"background-color":"","background-image":"","background-repeat":"repeat","background-position":"center center","background-size":"auto","background-attachment":"scroll","background-type":"","background-media":"","overlay-type":"","overlay-color":"","overlay-opacity":"","overlay-gradient":""}},"ast-content-background-meta":{"desktop":{"background-color":"var(--ast-global-color-5)","background-image":"","background-repeat":"repeat","background-position":"center center","background-size":"auto","background-attachment":"scroll","background-type":"","background-media":"","overlay-type":"","overlay-color":"","overlay-opacity":"","overlay-gradient":""},"tablet":{"background-color":"var(--ast-global-color-5)","background-image":"","background-repeat":"repeat","background-position":"center center","background-size":"auto","background-attachment":"scroll","background-type":"","background-media":"","overlay-type":"","overlay-color":"","overlay-opacity":"","overlay-gradient":""},"mobile":{"background-color":"var(--ast-global-color-5)","background-image":"","background-repeat":"repeat","background-position":"center center","background-size":"auto","background-attachment":"scroll","background-type":"","background-media":"","overlay-type":"","overlay-color":"","overlay-opacity":"","overlay-gradient":""}}},"product_brand":[],"product_cat":[139],"product_tag":[],"class_list":{"0":"post-7421","1":"product","2":"type-product","3":"status-publish","4":"has-post-thumbnail","6":"product_cat-matematika-sk","7":"desktop-align-center","8":"tablet-align-left","9":"mobile-align-center","10":"ast-product-gallery-layout-first-image-large","11":"ast-product-gallery-with-no-image","12":"ast-product-tabs-layout-horizontal","14":"first","15":"instock","16":"sale","17":"downloadable","18":"virtual","19":"sold-individually","20":"purchasable","21":"product-type-simple"},"acf":[],"_links":{"self":[{"href":"https:\/\/kastenkidz.com\/sk\/wp-json\/wp\/v2\/product\/7421","targetHints":{"allow":["GET"]}}],"collection":[{"href":"https:\/\/kastenkidz.com\/sk\/wp-json\/wp\/v2\/product"}],"about":[{"href":"https:\/\/kastenkidz.com\/sk\/wp-json\/wp\/v2\/types\/product"}],"replies":[{"embeddable":true,"href":"https:\/\/kastenkidz.com\/sk\/wp-json\/wp\/v2\/comments?post=7421"}],"wp:featuredmedia":[{"embeddable":true,"href":"https:\/\/kastenkidz.com\/sk\/wp-json\/wp\/v2\/media\/7423"}],"wp:attachment":[{"href":"https:\/\/kastenkidz.com\/sk\/wp-json\/wp\/v2\/media?parent=7421"}],"wp:term":[{"taxonomy":"product_brand","embeddable":true,"href":"https:\/\/kastenkidz.com\/sk\/wp-json\/wp\/v2\/product_brand?post=7421"},{"taxonomy":"product_cat","embeddable":true,"href":"https:\/\/kastenkidz.com\/sk\/wp-json\/wp\/v2\/product_cat?post=7421"},{"taxonomy":"product_tag","embeddable":true,"href":"https:\/\/kastenkidz.com\/sk\/wp-json\/wp\/v2\/product_tag?post=7421"}],"curies":[{"name":"wp","href":"https:\/\/api.w.org\/{rel}","templated":true}]}}