{"id":7407,"date":"2025-02-06T16:45:33","date_gmt":"2025-02-06T16:45:33","guid":{"rendered":"https:\/\/kastenkidz.com\/product\/plagaty-s-cislami\/"},"modified":"2025-07-26T10:10:52","modified_gmt":"2025-07-26T10:10:52","slug":"plagaty-s-cislami","status":"publish","type":"product","link":"https:\/\/kastenkidz.com\/sk\/produkt\/plagaty-s-cislami\/","title":{"rendered":"Plag\u00e1ty s \u010d\u00edslami"},"content":{"rendered":"<p>\u200d Pre deti bude u\u010denie sa \u010d\u00edsel s na\u0161imi pestr\u00fdmi plag\u00e1tmi s \u010d\u00edslami doslova hra\u010dkou! Ka\u017ed\u00fd plag\u00e1t form\u00e1tu A4 je navrhnut\u00fd tak, aby de\u0165om pomohol po\u013eahky rozpozna\u0165 a zapam\u00e4ta\u0165 si \u010d\u00edsla. Ide\u00e1lne sa hod\u00ed do tried, hern\u00ed \u010di na dom\u00e1ce u\u010denie. Z\u00edskajte ich e\u0161te dnes! 1\ufe0f\u20e32\ufe0f\u20e33\ufe0f\u20e3\u270f\ufe0f<\/p>\n<p>Obsah: 11 plag\u00e1tov s \u010d\u00edslami od 0 do 10 vo form\u00e1te A4.<\/p>\n","protected":false},"excerpt":{"rendered":"<p>\u200d Pre deti bude u\u010denie sa \u010d\u00edsel s na\u0161imi pestr\u00fdmi plag\u00e1tmi s \u010d\u00edslami doslova hra\u010dkou! Ka\u017ed\u00fd plag\u00e1t form\u00e1tu A4 je navrhnut\u00fd tak, aby de\u0165om pomohol po\u013eahky rozpozna\u0165 a zapam\u00e4ta\u0165 si \u010d\u00edsla. Ide\u00e1lne sa hod\u00ed do tried, hern\u00ed \u010di na dom\u00e1ce u\u010denie. Z\u00edskajte ich e\u0161te dnes! 1\ufe0f\u20e32\ufe0f\u20e33\ufe0f\u20e3\u270f\ufe0f Obsah: 11 plag\u00e1tov s \u010d\u00edslami od 0 do 10 [&hellip;]<\/p>\n","protected":false},"featured_media":7409,"comment_status":"closed","ping_status":"closed","template":"","meta":{"_acf_changed":false,"site-sidebar-layout":"default","site-content-layout":"","ast-site-content-layout":"default","site-content-style":"default","site-sidebar-style":"default","ast-global-header-display":"","ast-banner-title-visibility":"","ast-main-header-display":"","ast-hfb-above-header-display":"","ast-hfb-below-header-display":"","ast-hfb-mobile-header-display":"","site-post-title":"","ast-breadcrumbs-content":"","ast-featured-img":"","footer-sml-layout":"","ast-disable-related-posts":"","theme-transparent-header-meta":"default","adv-header-id-meta":"","stick-header-meta":"default","header-above-stick-meta":"","header-main-stick-meta":"","header-below-stick-meta":"","astra-migrate-meta-layouts":"set","ast-page-background-enabled":"default","ast-page-background-meta":{"desktop":{"background-color":"","background-image":"","background-repeat":"repeat","background-position":"center center","background-size":"auto","background-attachment":"scroll","background-type":"","background-media":"","overlay-type":"","overlay-color":"","overlay-opacity":"","overlay-gradient":""},"tablet":{"background-color":"","background-image":"","background-repeat":"repeat","background-position":"center center","background-size":"auto","background-attachment":"scroll","background-type":"","background-media":"","overlay-type":"","overlay-color":"","overlay-opacity":"","overlay-gradient":""},"mobile":{"background-color":"","background-image":"","background-repeat":"repeat","background-position":"center center","background-size":"auto","background-attachment":"scroll","background-type":"","background-media":"","overlay-type":"","overlay-color":"","overlay-opacity":"","overlay-gradient":""}},"ast-content-background-meta":{"desktop":{"background-color":"var(--ast-global-color-5)","background-image":"","background-repeat":"repeat","background-position":"center center","background-size":"auto","background-attachment":"scroll","background-type":"","background-media":"","overlay-type":"","overlay-color":"","overlay-opacity":"","overlay-gradient":""},"tablet":{"background-color":"var(--ast-global-color-5)","background-image":"","background-repeat":"repeat","background-position":"center center","background-size":"auto","background-attachment":"scroll","background-type":"","background-media":"","overlay-type":"","overlay-color":"","overlay-opacity":"","overlay-gradient":""},"mobile":{"background-color":"var(--ast-global-color-5)","background-image":"","background-repeat":"repeat","background-position":"center center","background-size":"auto","background-attachment":"scroll","background-type":"","background-media":"","overlay-type":"","overlay-color":"","overlay-opacity":"","overlay-gradient":""}}},"product_brand":[],"product_cat":[141],"product_tag":[],"class_list":{"0":"post-7407","1":"product","2":"type-product","3":"status-publish","4":"has-post-thumbnail","6":"product_cat-skladacky-a-karty","7":"desktop-align-center","8":"tablet-align-left","9":"mobile-align-center","10":"ast-product-gallery-layout-first-image-large","11":"ast-product-tabs-layout-horizontal","13":"first","14":"instock","15":"sale","16":"downloadable","17":"virtual","18":"sold-individually","19":"purchasable","20":"product-type-simple"},"acf":[],"_links":{"self":[{"href":"https:\/\/kastenkidz.com\/sk\/wp-json\/wp\/v2\/product\/7407","targetHints":{"allow":["GET"]}}],"collection":[{"href":"https:\/\/kastenkidz.com\/sk\/wp-json\/wp\/v2\/product"}],"about":[{"href":"https:\/\/kastenkidz.com\/sk\/wp-json\/wp\/v2\/types\/product"}],"replies":[{"embeddable":true,"href":"https:\/\/kastenkidz.com\/sk\/wp-json\/wp\/v2\/comments?post=7407"}],"wp:featuredmedia":[{"embeddable":true,"href":"https:\/\/kastenkidz.com\/sk\/wp-json\/wp\/v2\/media\/7409"}],"wp:attachment":[{"href":"https:\/\/kastenkidz.com\/sk\/wp-json\/wp\/v2\/media?parent=7407"}],"wp:term":[{"taxonomy":"product_brand","embeddable":true,"href":"https:\/\/kastenkidz.com\/sk\/wp-json\/wp\/v2\/product_brand?post=7407"},{"taxonomy":"product_cat","embeddable":true,"href":"https:\/\/kastenkidz.com\/sk\/wp-json\/wp\/v2\/product_cat?post=7407"},{"taxonomy":"product_tag","embeddable":true,"href":"https:\/\/kastenkidz.com\/sk\/wp-json\/wp\/v2\/product_tag?post=7407"}],"curies":[{"name":"wp","href":"https:\/\/api.w.org\/{rel}","templated":true}]}}