{"id":7391,"date":"2025-02-06T16:45:33","date_gmt":"2025-02-06T16:45:33","guid":{"rendered":"https:\/\/kastenkidz.com\/product\/protiklady\/"},"modified":"2025-07-20T19:08:04","modified_gmt":"2025-07-20T19:08:04","slug":"protiklady","status":"publish","type":"product","link":"https:\/\/kastenkidz.com\/sk\/produkt\/protiklady\/","title":{"rendered":"Protiklady"},"content":{"rendered":"<p>Karty s protikladmi de\u0165om pom\u00f4\u017eu vizu\u00e1lne pochopi\u0165, ako sa od seba opa\u010dn\u00e9 veci l\u00ed\u0161ia.<br \/>\nS\u00fa ur\u010den\u00e9 pre deti v pred\u0161kolskom veku, \u0161k\u00f4lkarov aj \u017eiakov z\u00e1kladn\u00fdch \u0161k\u00f4l, aby sa nau\u010dili slov\u00e1 s opa\u010dn\u00fdm v\u00fdznamom. Ve\u013emi sa hodia aj na vzdel\u00e1vanie det\u00ed so \u0161peci\u00e1lnymi vzdel\u00e1vac\u00edmi potrebami.<\/p>\n<p>Obsah: 60 kariet s protikladmi.<br \/>\nVe\u013ekos\u0165 karty 9\u00a0\u00d7\u00a08,5\u00a0cm <\/p>\n","protected":false},"excerpt":{"rendered":"<p>Karty s protikladmi de\u0165om pom\u00f4\u017eu vizu\u00e1lne pochopi\u0165, ako sa od seba opa\u010dn\u00e9 veci l\u00ed\u0161ia. S\u00fa ur\u010den\u00e9 pre deti v pred\u0161kolskom veku, \u0161k\u00f4lkarov aj \u017eiakov z\u00e1kladn\u00fdch \u0161k\u00f4l, aby sa nau\u010dili slov\u00e1 s opa\u010dn\u00fdm v\u00fdznamom. Ve\u013emi sa hodia aj na vzdel\u00e1vanie det\u00ed so \u0161peci\u00e1lnymi vzdel\u00e1vac\u00edmi potrebami. Obsah: 60 kariet s protikladmi. Ve\u013ekos\u0165 karty 9\u00a0\u00d7\u00a08,5\u00a0cm<\/p>\n","protected":false},"featured_media":6550,"comment_status":"closed","ping_status":"closed","template":"","meta":{"_acf_changed":false,"site-sidebar-layout":"default","site-content-layout":"","ast-site-content-layout":"default","site-content-style":"default","site-sidebar-style":"default","ast-global-header-display":"","ast-banner-title-visibility":"","ast-main-header-display":"","ast-hfb-above-header-display":"","ast-hfb-below-header-display":"","ast-hfb-mobile-header-display":"","site-post-title":"","ast-breadcrumbs-content":"","ast-featured-img":"","footer-sml-layout":"","ast-disable-related-posts":"","theme-transparent-header-meta":"default","adv-header-id-meta":"","stick-header-meta":"default","header-above-stick-meta":"","header-main-stick-meta":"","header-below-stick-meta":"","astra-migrate-meta-layouts":"default","ast-page-background-enabled":"default","ast-page-background-meta":{"desktop":{"background-color":"","background-image":"","background-repeat":"repeat","background-position":"center center","background-size":"auto","background-attachment":"scroll","background-type":"","background-media":"","overlay-type":"","overlay-color":"","overlay-opacity":"","overlay-gradient":""},"tablet":{"background-color":"","background-image":"","background-repeat":"repeat","background-position":"center center","background-size":"auto","background-attachment":"scroll","background-type":"","background-media":"","overlay-type":"","overlay-color":"","overlay-opacity":"","overlay-gradient":""},"mobile":{"background-color":"","background-image":"","background-repeat":"repeat","background-position":"center center","background-size":"auto","background-attachment":"scroll","background-type":"","background-media":"","overlay-type":"","overlay-color":"","overlay-opacity":"","overlay-gradient":""}},"ast-content-background-meta":{"desktop":{"background-color":"var(--ast-global-color-5)","background-image":"","background-repeat":"repeat","background-position":"center center","background-size":"auto","background-attachment":"scroll","background-type":"","background-media":"","overlay-type":"","overlay-color":"","overlay-opacity":"","overlay-gradient":""},"tablet":{"background-color":"var(--ast-global-color-5)","background-image":"","background-repeat":"repeat","background-position":"center center","background-size":"auto","background-attachment":"scroll","background-type":"","background-media":"","overlay-type":"","overlay-color":"","overlay-opacity":"","overlay-gradient":""},"mobile":{"background-color":"var(--ast-global-color-5)","background-image":"","background-repeat":"repeat","background-position":"center center","background-size":"auto","background-attachment":"scroll","background-type":"","background-media":"","overlay-type":"","overlay-color":"","overlay-opacity":"","overlay-gradient":""}}},"product_brand":[],"product_cat":[141],"product_tag":[],"class_list":{"0":"post-7391","1":"product","2":"type-product","3":"status-publish","4":"has-post-thumbnail","6":"product_cat-skladacky-a-karty","7":"desktop-align-center","8":"tablet-align-left","9":"mobile-align-center","10":"ast-product-gallery-layout-first-image-large","11":"ast-product-tabs-layout-horizontal","13":"first","14":"instock","15":"sale","16":"downloadable","17":"virtual","18":"sold-individually","19":"purchasable","20":"product-type-simple"},"acf":[],"_links":{"self":[{"href":"https:\/\/kastenkidz.com\/sk\/wp-json\/wp\/v2\/product\/7391","targetHints":{"allow":["GET"]}}],"collection":[{"href":"https:\/\/kastenkidz.com\/sk\/wp-json\/wp\/v2\/product"}],"about":[{"href":"https:\/\/kastenkidz.com\/sk\/wp-json\/wp\/v2\/types\/product"}],"replies":[{"embeddable":true,"href":"https:\/\/kastenkidz.com\/sk\/wp-json\/wp\/v2\/comments?post=7391"}],"wp:featuredmedia":[{"embeddable":true,"href":"https:\/\/kastenkidz.com\/sk\/wp-json\/wp\/v2\/media\/6550"}],"wp:attachment":[{"href":"https:\/\/kastenkidz.com\/sk\/wp-json\/wp\/v2\/media?parent=7391"}],"wp:term":[{"taxonomy":"product_brand","embeddable":true,"href":"https:\/\/kastenkidz.com\/sk\/wp-json\/wp\/v2\/product_brand?post=7391"},{"taxonomy":"product_cat","embeddable":true,"href":"https:\/\/kastenkidz.com\/sk\/wp-json\/wp\/v2\/product_cat?post=7391"},{"taxonomy":"product_tag","embeddable":true,"href":"https:\/\/kastenkidz.com\/sk\/wp-json\/wp\/v2\/product_tag?post=7391"}],"curies":[{"name":"wp","href":"https:\/\/api.w.org\/{rel}","templated":true}]}}