{"id":7383,"date":"2025-02-06T16:45:33","date_gmt":"2025-02-06T16:45:33","guid":{"rendered":"https:\/\/kastenkidz.com\/product\/mala-nasobilka-v-hre-mam\/"},"modified":"2025-07-20T19:08:02","modified_gmt":"2025-07-20T19:08:02","slug":"mala-nasobilka-v-hre-mam","status":"publish","type":"product","link":"https:\/\/kastenkidz.com\/sk\/produkt\/mala-nasobilka-v-hre-mam\/","title":{"rendered":"Mal\u00e1 n\u00e1sobilka v stolovej hre \u201eM\u00e1m\u201c"},"content":{"rendered":"<p>Mal\u00e1 n\u00e1sobilka v hre \u201eM\u00e1m\u201c je pom\u00f4cka na u\u010denie n\u00e1sobenia do 100.<br \/>\nPravidl\u00e1 hry: V\u0161etky karty rozdajte hr\u00e1\u010dom. Vyberte die\u0165a, ktor\u00e9 za\u010dne hru. Hr\u00e1\u010d mus\u00ed nahlas poveda\u0165 \u201eKto m\u00e1\u2026?\u201c a uvies\u0165 matematick\u00fd pr\u00edklad pod t\u00fdmto n\u00e1pisom na karte (napr. 4\u00a0\u00d7\u00a04). \u010ci\u017ee: \u201eKto m\u00e1 4\u00a0\u00d7\u00a04?\u201c Potom v\u0161etci hr\u00e1\u010di v duchu po\u010d\u00edtaj\u00fa a kontroluj\u00fa, \u010di maj\u00fa v\u00fdsledn\u00e9 \u010d\u00edslo na svojich kart\u00e1ch. Die\u0165a, ktor\u00e9mu sa to podar\u00ed ako prv\u00e9mu, mus\u00ed zakri\u010da\u0165 \u201eM\u00e1m\u201c a poveda\u0165 v\u00fdsledn\u00e9 \u010d\u00edslo (v tomto pr\u00edpade 16). N\u00e1sledne pokra\u010duje t\u00fdm, \u017ee povie \u201eKto m\u00e1\u2026?\u201c a uvedie matematick\u00fd pr\u00edklad zo svojej karty. T\u00e1to karta sa n\u00e1sledne vyrad\u00ed z hry a deti op\u00e4\u0165 po\u010d\u00edtaj\u00fa a kontroluj\u00fa, \u010di maj\u00fa spr\u00e1vnu odpove\u010f na svojich kart\u00e1ch.<\/p>\n<p>Obsah: 40 kariet s n\u00e1soben\u00edm a delen\u00edm do 100. <\/p>\n","protected":false},"excerpt":{"rendered":"<p>Mal\u00e1 n\u00e1sobilka v hre \u201eM\u00e1m\u201c je pom\u00f4cka na u\u010denie n\u00e1sobenia do 100. Pravidl\u00e1 hry: V\u0161etky karty rozdajte hr\u00e1\u010dom. Vyberte die\u0165a, ktor\u00e9 za\u010dne hru. Hr\u00e1\u010d mus\u00ed nahlas poveda\u0165 \u201eKto m\u00e1\u2026?\u201c a uvies\u0165 matematick\u00fd pr\u00edklad pod t\u00fdmto n\u00e1pisom na karte (napr. 4\u00a0\u00d7\u00a04). \u010ci\u017ee: \u201eKto m\u00e1 4\u00a0\u00d7\u00a04?\u201c Potom v\u0161etci hr\u00e1\u010di v duchu po\u010d\u00edtaj\u00fa a kontroluj\u00fa, \u010di maj\u00fa v\u00fdsledn\u00e9 [&hellip;]<\/p>\n","protected":false},"featured_media":7385,"comment_status":"closed","ping_status":"closed","template":"","meta":{"_acf_changed":false,"site-sidebar-layout":"default","site-content-layout":"","ast-site-content-layout":"default","site-content-style":"default","site-sidebar-style":"default","ast-global-header-display":"","ast-banner-title-visibility":"","ast-main-header-display":"","ast-hfb-above-header-display":"","ast-hfb-below-header-display":"","ast-hfb-mobile-header-display":"","site-post-title":"","ast-breadcrumbs-content":"","ast-featured-img":"","footer-sml-layout":"","ast-disable-related-posts":"","theme-transparent-header-meta":"default","adv-header-id-meta":"","stick-header-meta":"default","header-above-stick-meta":"","header-main-stick-meta":"","header-below-stick-meta":"","astra-migrate-meta-layouts":"default","ast-page-background-enabled":"default","ast-page-background-meta":{"desktop":{"background-color":"","background-image":"","background-repeat":"repeat","background-position":"center center","background-size":"auto","background-attachment":"scroll","background-type":"","background-media":"","overlay-type":"","overlay-color":"","overlay-opacity":"","overlay-gradient":""},"tablet":{"background-color":"","background-image":"","background-repeat":"repeat","background-position":"center center","background-size":"auto","background-attachment":"scroll","background-type":"","background-media":"","overlay-type":"","overlay-color":"","overlay-opacity":"","overlay-gradient":""},"mobile":{"background-color":"","background-image":"","background-repeat":"repeat","background-position":"center center","background-size":"auto","background-attachment":"scroll","background-type":"","background-media":"","overlay-type":"","overlay-color":"","overlay-opacity":"","overlay-gradient":""}},"ast-content-background-meta":{"desktop":{"background-color":"var(--ast-global-color-5)","background-image":"","background-repeat":"repeat","background-position":"center center","background-size":"auto","background-attachment":"scroll","background-type":"","background-media":"","overlay-type":"","overlay-color":"","overlay-opacity":"","overlay-gradient":""},"tablet":{"background-color":"var(--ast-global-color-5)","background-image":"","background-repeat":"repeat","background-position":"center center","background-size":"auto","background-attachment":"scroll","background-type":"","background-media":"","overlay-type":"","overlay-color":"","overlay-opacity":"","overlay-gradient":""},"mobile":{"background-color":"var(--ast-global-color-5)","background-image":"","background-repeat":"repeat","background-position":"center center","background-size":"auto","background-attachment":"scroll","background-type":"","background-media":"","overlay-type":"","overlay-color":"","overlay-opacity":"","overlay-gradient":""}}},"product_brand":[],"product_cat":[137,139],"product_tag":[],"class_list":{"0":"post-7383","1":"product","2":"type-product","3":"status-publish","4":"has-post-thumbnail","6":"product_cat-hry-sk","7":"product_cat-matematika-sk","8":"desktop-align-center","9":"tablet-align-left","10":"mobile-align-center","11":"ast-product-gallery-layout-first-image-large","12":"ast-product-gallery-with-no-image","13":"ast-product-tabs-layout-horizontal","15":"first","16":"instock","17":"sale","18":"downloadable","19":"virtual","20":"sold-individually","21":"purchasable","22":"product-type-simple"},"acf":[],"_links":{"self":[{"href":"https:\/\/kastenkidz.com\/sk\/wp-json\/wp\/v2\/product\/7383","targetHints":{"allow":["GET"]}}],"collection":[{"href":"https:\/\/kastenkidz.com\/sk\/wp-json\/wp\/v2\/product"}],"about":[{"href":"https:\/\/kastenkidz.com\/sk\/wp-json\/wp\/v2\/types\/product"}],"replies":[{"embeddable":true,"href":"https:\/\/kastenkidz.com\/sk\/wp-json\/wp\/v2\/comments?post=7383"}],"wp:featuredmedia":[{"embeddable":true,"href":"https:\/\/kastenkidz.com\/sk\/wp-json\/wp\/v2\/media\/7385"}],"wp:attachment":[{"href":"https:\/\/kastenkidz.com\/sk\/wp-json\/wp\/v2\/media?parent=7383"}],"wp:term":[{"taxonomy":"product_brand","embeddable":true,"href":"https:\/\/kastenkidz.com\/sk\/wp-json\/wp\/v2\/product_brand?post=7383"},{"taxonomy":"product_cat","embeddable":true,"href":"https:\/\/kastenkidz.com\/sk\/wp-json\/wp\/v2\/product_cat?post=7383"},{"taxonomy":"product_tag","embeddable":true,"href":"https:\/\/kastenkidz.com\/sk\/wp-json\/wp\/v2\/product_tag?post=7383"}],"curies":[{"name":"wp","href":"https:\/\/api.w.org\/{rel}","templated":true}]}}