{"id":7361,"date":"2025-02-06T16:45:33","date_gmt":"2025-02-06T16:45:33","guid":{"rendered":"https:\/\/kastenkidz.com\/product\/napodobni-emociu\/"},"modified":"2025-09-10T06:24:17","modified_gmt":"2025-09-10T06:24:17","slug":"napodobni-emociu","status":"publish","type":"product","link":"https:\/\/kastenkidz.com\/sk\/produkt\/napodobni-emociu\/","title":{"rendered":"Napodobni em\u00f3ciu"},"content":{"rendered":"<p>\u017divot bez em\u00f3ci\u00ed? Nuda!<br \/>\nPom\u00f4\u017ete de\u0165om pochopi\u0165 a lep\u0161ie vyjadri\u0165 svoje em\u00f3cie s pom\u00f4ckou \u201eNapodobni em\u00f3ciu\u201c. T\u00e1to z\u00e1bavn\u00e1 aktivita podporuje deti pri rozpozn\u00e1van\u00ed a napodob\u0148ovan\u00ed em\u00f3ci\u00ed, \u010di u\u017e svojich vlastn\u00fdch, alebo em\u00f3ci\u00ed ich kamar\u00e1tov, a to prostredn\u00edctvom p\u00fatav\u00fdch obr\u00e1zkov.<br \/>\nZa\u010dnite sa s de\u0165mi rozpr\u00e1va\u0165 o pocitoch e\u0161te dnes! Z\u00edskajte PDF s\u00fabor na vytla\u010denie!<\/p>\n<p>Obsah: 20 kariet s em\u00f3ciami.<br \/>\nForm\u00e1ty kariet ve\u013ekosti A4 a A5 sa s\u0165ahuj\u00fa samostatne.<br \/>\n\u00daloha sa s\u0165ahuje vo form\u00e1te PDF.<br \/>\nOdpor\u00fa\u010dame tla\u010di\u0165 na farebnej tla\u010diarni.<br \/>\nBudete potrebova\u0165 no\u017enice.<br \/>\nT\u00e1to pom\u00f4cka je ur\u010den\u00e1 pre deti od 4 rokov.<\/p>\n","protected":false},"excerpt":{"rendered":"<p>\u017divot bez em\u00f3ci\u00ed? Nuda! Pom\u00f4\u017ete de\u0165om pochopi\u0165 a lep\u0161ie vyjadri\u0165 svoje em\u00f3cie s pom\u00f4ckou \u201eNapodobni em\u00f3ciu\u201c. T\u00e1to z\u00e1bavn\u00e1 aktivita podporuje deti pri rozpozn\u00e1van\u00ed a napodob\u0148ovan\u00ed em\u00f3ci\u00ed, \u010di u\u017e svojich vlastn\u00fdch, alebo em\u00f3ci\u00ed ich kamar\u00e1tov, a to prostredn\u00edctvom p\u00fatav\u00fdch obr\u00e1zkov. Za\u010dnite sa s de\u0165mi rozpr\u00e1va\u0165 o pocitoch e\u0161te dnes! Z\u00edskajte PDF s\u00fabor na vytla\u010denie! Obsah: 20 [&hellip;]<\/p>\n","protected":false},"featured_media":7363,"comment_status":"closed","ping_status":"closed","template":"","meta":{"_acf_changed":false,"site-sidebar-layout":"default","site-content-layout":"","ast-site-content-layout":"default","site-content-style":"default","site-sidebar-style":"default","ast-global-header-display":"","ast-banner-title-visibility":"","ast-main-header-display":"","ast-hfb-above-header-display":"","ast-hfb-below-header-display":"","ast-hfb-mobile-header-display":"","site-post-title":"","ast-breadcrumbs-content":"","ast-featured-img":"","footer-sml-layout":"","ast-disable-related-posts":"","theme-transparent-header-meta":"default","adv-header-id-meta":"","stick-header-meta":"default","header-above-stick-meta":"","header-main-stick-meta":"","header-below-stick-meta":"","astra-migrate-meta-layouts":"set","ast-page-background-enabled":"default","ast-page-background-meta":{"desktop":{"background-color":"","background-image":"","background-repeat":"repeat","background-position":"center center","background-size":"auto","background-attachment":"scroll","background-type":"","background-media":"","overlay-type":"","overlay-color":"","overlay-opacity":"","overlay-gradient":""},"tablet":{"background-color":"","background-image":"","background-repeat":"repeat","background-position":"center center","background-size":"auto","background-attachment":"scroll","background-type":"","background-media":"","overlay-type":"","overlay-color":"","overlay-opacity":"","overlay-gradient":""},"mobile":{"background-color":"","background-image":"","background-repeat":"repeat","background-position":"center center","background-size":"auto","background-attachment":"scroll","background-type":"","background-media":"","overlay-type":"","overlay-color":"","overlay-opacity":"","overlay-gradient":""}},"ast-content-background-meta":{"desktop":{"background-color":"var(--ast-global-color-5)","background-image":"","background-repeat":"repeat","background-position":"center center","background-size":"auto","background-attachment":"scroll","background-type":"","background-media":"","overlay-type":"","overlay-color":"","overlay-opacity":"","overlay-gradient":""},"tablet":{"background-color":"var(--ast-global-color-5)","background-image":"","background-repeat":"repeat","background-position":"center center","background-size":"auto","background-attachment":"scroll","background-type":"","background-media":"","overlay-type":"","overlay-color":"","overlay-opacity":"","overlay-gradient":""},"mobile":{"background-color":"var(--ast-global-color-5)","background-image":"","background-repeat":"repeat","background-position":"center center","background-size":"auto","background-attachment":"scroll","background-type":"","background-media":"","overlay-type":"","overlay-color":"","overlay-opacity":"","overlay-gradient":""}}},"product_brand":[],"product_cat":[141],"product_tag":[],"class_list":{"0":"post-7361","1":"product","2":"type-product","3":"status-publish","4":"has-post-thumbnail","6":"product_cat-skladacky-a-karty","7":"desktop-align-center","8":"tablet-align-left","9":"mobile-align-center","10":"ast-product-gallery-layout-first-image-large","11":"ast-product-tabs-layout-horizontal","13":"first","14":"instock","15":"sale","16":"downloadable","17":"virtual","18":"sold-individually","19":"purchasable","20":"product-type-simple"},"acf":[],"_links":{"self":[{"href":"https:\/\/kastenkidz.com\/sk\/wp-json\/wp\/v2\/product\/7361","targetHints":{"allow":["GET"]}}],"collection":[{"href":"https:\/\/kastenkidz.com\/sk\/wp-json\/wp\/v2\/product"}],"about":[{"href":"https:\/\/kastenkidz.com\/sk\/wp-json\/wp\/v2\/types\/product"}],"replies":[{"embeddable":true,"href":"https:\/\/kastenkidz.com\/sk\/wp-json\/wp\/v2\/comments?post=7361"}],"wp:featuredmedia":[{"embeddable":true,"href":"https:\/\/kastenkidz.com\/sk\/wp-json\/wp\/v2\/media\/7363"}],"wp:attachment":[{"href":"https:\/\/kastenkidz.com\/sk\/wp-json\/wp\/v2\/media?parent=7361"}],"wp:term":[{"taxonomy":"product_brand","embeddable":true,"href":"https:\/\/kastenkidz.com\/sk\/wp-json\/wp\/v2\/product_brand?post=7361"},{"taxonomy":"product_cat","embeddable":true,"href":"https:\/\/kastenkidz.com\/sk\/wp-json\/wp\/v2\/product_cat?post=7361"},{"taxonomy":"product_tag","embeddable":true,"href":"https:\/\/kastenkidz.com\/sk\/wp-json\/wp\/v2\/product_tag?post=7361"}],"curies":[{"name":"wp","href":"https:\/\/api.w.org\/{rel}","templated":true}]}}