{"id":9519,"date":"2025-02-20T19:45:05","date_gmt":"2025-02-20T19:45:05","guid":{"rendered":"https:\/\/kastenkidz.com\/payment-delivery-and-returns\/"},"modified":"2025-08-24T12:18:50","modified_gmt":"2025-08-24T12:18:50","slug":"platba-dorucenie-a-vratenie-tovaru","status":"publish","type":"page","link":"https:\/\/kastenkidz.com\/sk\/platba-dorucenie-a-vratenie-tovaru\/","title":{"rendered":"Platba, doru\u010denie a vr\u00e1tenie tovaru"},"content":{"rendered":"\t\t<div data-elementor-type=\"wp-page\" data-elementor-id=\"9519\" class=\"elementor elementor-9519 elementor-3588\" data-elementor-post-type=\"page\">\n\t\t\t\t<div class=\"elementor-element elementor-element-6c978d5 e-flex e-con-boxed e-con e-parent\" data-id=\"6c978d5\" data-element_type=\"container\" data-e-type=\"container\">\n\t\t\t\t\t<div class=\"e-con-inner\">\n\t\t\t\t<div class=\"elementor-element elementor-element-74a1d6b elementor-widget elementor-widget-text-editor\" data-id=\"74a1d6b\" data-element_type=\"widget\" data-e-type=\"widget\" data-widget_type=\"text-editor.default\">\n\t\t\t\t<div class=\"elementor-widget-container\">\n\t\t\t\t\t\t\t\t\t<h4>Platby<\/h4><p>1. Platobn\u00e1 karta<br \/>2. PayPal<br \/>3. Google Pay<br \/>4. Apple Pay<br \/>5. Bankov\u00fd prevod<br \/>Prevod finan\u010dn\u00fdch prostriedkov na uveden\u00fd \u00fa\u010det. O platbe a zak\u00fapen\u00fdch polo\u017ek\u00e1ch n\u00e1s, pros\u00edm, informujte zaslan\u00edm e-mailu na adresu info@kastenkidz.com. V platobn\u00fdch \u00fadajoch uve\u010fte pozn\u00e1mku \u201eFor educational tasks\u201c (Za vzdel\u00e1vacie \u00falohy). Podrobnosti:<br \/>MB Kas ten,<br \/>registra\u010dn\u00fd k\u00f3d 307085006.<br \/>\u010c\u00edslo \u00fa\u010dtu:<\/p><h4>Dodanie<\/h4><p>Web www.kastenkidz.com pred\u00e1va iba digit\u00e1lne produkty \u2013 s\u00fabory vo form\u00e1te PDF. Po dokon\u010den\u00ed platby dostanete do nieko\u013ek\u00fdch min\u00fat e-mail s odkazmi na stiahnutie objednan\u00fdch polo\u017eiek a prilo\u017eenou fakt\u00farou. Kliknut\u00edm na odkazy si m\u00f4\u017eete stiahnu\u0165 s\u00fabory vo form\u00e1te PDF. Ni\u017e\u0161ie je uveden\u00fd ilustra\u010dn\u00fd pr\u00edklad.<br \/>Ak e-mail nedostanete, najprv skontrolujte, \u010di sa s\u00fabory neocitli v prie\u010dinku so spamom alebo propaga\u010dn\u00fdmi e-mailami. Existuje v\u0161ak ve\u013ek\u00e1 pravdepodobnos\u0165, \u017ee ste zadali nespr\u00e1vnu e-mailov\u00fa adresu. Ak ste s\u00fabory st\u00e1le nedostali, nap\u00ed\u0161te n\u00e1m na adresu info@kastenkidz.com a my v\u00e1m zaru\u010dene odpovieme do dvoch (2) pracovn\u00fdch dn\u00ed.<\/p><h4>Vr\u00e1tenie tovaru<\/h4><p>Pod\u013ea smernice E\u00da o pr\u00e1vach spotrebite\u013eov (2011\/83\/E\u00da) je digit\u00e1lny tovar nevratn\u00fd. Kupuj\u00faci str\u00e1ca pr\u00e1vo na odst\u00fapenie od zmluvy (pr\u00e1vo na vr\u00e1tenie tovaru) po za\u010dat\u00ed procesu s\u0165ahovania.<\/p>\t\t\t\t\t\t\t\t<\/div>\n\t\t\t\t<\/div>\n\t\t\t\t\t<\/div>\n\t\t\t\t<\/div>\n\t\t\t\t<\/div>\n\t\t","protected":false},"excerpt":{"rendered":"<p>Platby 1. Platobn\u00e1 karta2. PayPal3. Google Pay4. Apple Pay5. Bankov\u00fd prevodPrevod finan\u010dn\u00fdch prostriedkov na uveden\u00fd \u00fa\u010det. O platbe a zak\u00fapen\u00fdch polo\u017ek\u00e1ch n\u00e1s, pros\u00edm, informujte zaslan\u00edm e-mailu na adresu info@kastenkidz.com. V platobn\u00fdch \u00fadajoch uve\u010fte pozn\u00e1mku \u201eFor educational tasks\u201c (Za vzdel\u00e1vacie \u00falohy). Podrobnosti:MB Kas ten,registra\u010dn\u00fd k\u00f3d 307085006.\u010c\u00edslo \u00fa\u010dtu: Dodanie Web www.kastenkidz.com pred\u00e1va iba digit\u00e1lne produkty \u2013 s\u00fabory [&hellip;]<\/p>\n","protected":false},"author":1,"featured_media":0,"parent":0,"menu_order":0,"comment_status":"closed","ping_status":"closed","template":"","meta":{"_acf_changed":false,"site-sidebar-layout":"no-sidebar","site-content-layout":"page-builder","ast-site-content-layout":"full-width-container","site-content-style":"default","site-sidebar-style":"default","ast-global-header-display":"","ast-banner-title-visibility":"","ast-main-header-display":"","ast-hfb-above-header-display":"","ast-hfb-below-header-display":"","ast-hfb-mobile-header-display":"","site-post-title":"disabled","ast-breadcrumbs-content":"","ast-featured-img":"disabled","footer-sml-layout":"","ast-disable-related-posts":"","theme-transparent-header-meta":"","adv-header-id-meta":"","stick-header-meta":"","header-above-stick-meta":"","header-main-stick-meta":"","header-below-stick-meta":"","astra-migrate-meta-layouts":"default","ast-page-background-enabled":"default","ast-page-background-meta":{"desktop":{"background-color":"","background-image":"","background-repeat":"repeat","background-position":"center center","background-size":"auto","background-attachment":"scroll","background-type":"","background-media":"","overlay-type":"","overlay-color":"","overlay-opacity":"","overlay-gradient":""},"tablet":{"background-color":"","background-image":"","background-repeat":"repeat","background-position":"center center","background-size":"auto","background-attachment":"scroll","background-type":"","background-media":"","overlay-type":"","overlay-color":"","overlay-opacity":"","overlay-gradient":""},"mobile":{"background-color":"","background-image":"","background-repeat":"repeat","background-position":"center center","background-size":"auto","background-attachment":"scroll","background-type":"","background-media":"","overlay-type":"","overlay-color":"","overlay-opacity":"","overlay-gradient":""}},"ast-content-background-meta":{"desktop":{"background-color":"var(--ast-global-color-5)","background-image":"","background-repeat":"repeat","background-position":"center center","background-size":"auto","background-attachment":"scroll","background-type":"","background-media":"","overlay-type":"","overlay-color":"","overlay-opacity":"","overlay-gradient":""},"tablet":{"background-color":"var(--ast-global-color-5)","background-image":"","background-repeat":"repeat","background-position":"center center","background-size":"auto","background-attachment":"scroll","background-type":"","background-media":"","overlay-type":"","overlay-color":"","overlay-opacity":"","overlay-gradient":""},"mobile":{"background-color":"var(--ast-global-color-5)","background-image":"","background-repeat":"repeat","background-position":"center center","background-size":"auto","background-attachment":"scroll","background-type":"","background-media":"","overlay-type":"","overlay-color":"","overlay-opacity":"","overlay-gradient":""}},"footnotes":""},"class_list":["post-9519","page","type-page","status-publish","hentry"],"acf":[],"_links":{"self":[{"href":"https:\/\/kastenkidz.com\/sk\/wp-json\/wp\/v2\/pages\/9519","targetHints":{"allow":["GET"]}}],"collection":[{"href":"https:\/\/kastenkidz.com\/sk\/wp-json\/wp\/v2\/pages"}],"about":[{"href":"https:\/\/kastenkidz.com\/sk\/wp-json\/wp\/v2\/types\/page"}],"author":[{"embeddable":true,"href":"https:\/\/kastenkidz.com\/sk\/wp-json\/wp\/v2\/users\/1"}],"replies":[{"embeddable":true,"href":"https:\/\/kastenkidz.com\/sk\/wp-json\/wp\/v2\/comments?post=9519"}],"version-history":[{"count":6,"href":"https:\/\/kastenkidz.com\/sk\/wp-json\/wp\/v2\/pages\/9519\/revisions"}],"predecessor-version":[{"id":9696,"href":"https:\/\/kastenkidz.com\/sk\/wp-json\/wp\/v2\/pages\/9519\/revisions\/9696"}],"wp:attachment":[{"href":"https:\/\/kastenkidz.com\/sk\/wp-json\/wp\/v2\/media?parent=9519"}],"curies":[{"name":"wp","href":"https:\/\/api.w.org\/{rel}","templated":true}]}}