{"id":9506,"date":"2025-02-20T19:39:45","date_gmt":"2025-02-20T19:39:45","guid":{"rendered":"https:\/\/kastenkidz.com\/zasady-ochrany-osobnych-udajov\/"},"modified":"2025-10-22T10:54:59","modified_gmt":"2025-10-22T10:54:59","slug":"zasady-ochrany-osobnych-udajov","status":"publish","type":"page","link":"https:\/\/kastenkidz.com\/sk\/zasady-ochrany-osobnych-udajov\/","title":{"rendered":"Z\u00e1sady ochrany osobn\u00fdch \u00fadajov"},"content":{"rendered":"\t\t<div data-elementor-type=\"wp-page\" data-elementor-id=\"9506\" class=\"elementor elementor-9506 elementor-3578\" data-elementor-post-type=\"page\">\n\t\t\t\t<div class=\"elementor-element elementor-element-e47e7f6 e-flex e-con-boxed e-con e-parent\" data-id=\"e47e7f6\" data-element_type=\"container\" data-e-type=\"container\">\n\t\t\t\t\t<div class=\"e-con-inner\">\n\t\t\t\t<div class=\"elementor-element elementor-element-5f56390 elementor-widget elementor-widget-text-editor\" data-id=\"5f56390\" data-element_type=\"widget\" data-e-type=\"widget\" data-widget_type=\"text-editor.default\">\n\t\t\t\t<div class=\"elementor-widget-container\">\n\t\t\t\t\t\t\t\t\t<h3>Z\u00e1sady ochrany osobn\u00fdch \u00fadajov<\/h3>\n\n<strong>1. V\u0161eobecn\u00e9 ustanovenia<\/strong><br>\n1.1. Tieto z\u00e1sady ochrany osobn\u00fdch \u00fadajov upravuj\u00fa z\u00e1kladn\u00e9 princ\u00edpy a postupy zhroma\u017e\u010fovania, spracovania a uchov\u00e1vania osobn\u00fdch \u00fadajov internetov\u00fdm obchodom <a href=\"https:\/\/www.kastenkidz.com\">www.kastenkidz.com<\/a> a jeho klientmi (\u010falej len &#8222;Vy&#8220; alebo &#8222;V\u00e1\u0161&#8220;).<br>\n1.2. Zhroma\u017e\u010fovanie, spracovanie a uchov\u00e1vanie Va\u0161ich osobn\u00fdch \u00fadajov sa riadi t\u00fdmito z\u00e1sadami, z\u00e1konom o ochrane osobn\u00fdch \u00fadajov Litovskej republiky a \u010fal\u0161\u00edmi platn\u00fdmi pr\u00e1vnymi predpismi.<br>\n1.3. Poskytnut\u00edm svojich osobn\u00fdch \u00fadajov v internetovom obchode s\u00fahlas\u00edte s t\u00fdm, \u017ee ich www.kastenkidz.com bude spravova\u0165 a sprac\u00fava\u0165 na \u00fa\u010dely, prostriedkami a postupmi uveden\u00fdmi v t\u00fdchto z\u00e1sad\u00e1ch a v platn\u00fdch pr\u00e1vnych predpisoch.<br><br>\n\n<strong>2. Zhroma\u017e\u010fovanie, spracovanie a uchov\u00e1vanie osobn\u00fdch \u00fadajov<\/strong><br>\n2.1. www.kastenkidz.com dodr\u017eiava tieto z\u00e1kladn\u00e9 z\u00e1sady spracovania osobn\u00fdch \u00fadajov:<br>\n2.1.1. Osobn\u00e9 \u00fadaje sa zhroma\u017e\u010fuj\u00fa na vopred ur\u010den\u00e9 a z\u00e1konn\u00e9 \u00fa\u010dely;<br>\n2.1.2. Osobn\u00e9 \u00fadaje sa sprac\u00favaj\u00fa presne a spravodlivo;<br>\n2.1.3. Osobn\u00e9 \u00fadaje sa pravidelne aktualizuj\u00fa;<br>\n2.1.4. Osobn\u00e9 \u00fadaje sa uchov\u00e1vaj\u00fa len tak dlho, ako je potrebn\u00e9 na dosiahnutie stanoven\u00fdch \u00fa\u010delov spracovania;<br>\n2.1.5. Osobn\u00e9 \u00fadaje sprac\u00favaj\u00fa len opr\u00e1vnen\u00ed zamestnanci;<br>\n2.1.6. V\u0161etky inform\u00e1cie o sprac\u00favan\u00fdch osobn\u00fdch \u00fadajoch s\u00fa d\u00f4vern\u00e9.<br>\n2.2. www.kastenkidz.com re\u0161pektuje pr\u00e1vo ka\u017ed\u00e9ho jednotlivca na s\u00fakromie. Va\u0161e osobn\u00e9 \u00fadaje (napr\u00edklad meno, priezvisko, e-mailov\u00e1 adresa a \u010fal\u0161ie \u00fadaje uveden\u00e9 v registra\u010dnom formul\u00e1ri internetov\u00e9ho obchodu) sa zhroma\u017e\u010fuj\u00fa a sprac\u00favaj\u00fa na tieto \u00fa\u010dely:<br>\n2.2.1. Spracovanie Va\u0161ich objedn\u00e1vok;<br>\n2.2.2. Vystavovanie finan\u010dn\u00fdch dokladov (napr. fakt\u00far);<br>\n2.2.3. Rie\u0161enie ot\u00e1zok s\u00favisiacich s dod\u00e1vkou tovaru;<br>\n2.2.4. Plnenie in\u00fdch zmluvn\u00fdch z\u00e1v\u00e4zkov.<br><br>\n\n<strong>3. Prenos osobn\u00fdch \u00fadajov tret\u00edm stran\u00e1m<\/strong><br>\n3.1. Pred\u00e1vaj\u00faci m\u00e1 pr\u00e1vo prenies\u0165 osobn\u00e9 \u00fadaje tret\u00edm stran\u00e1m iba na \u00fa\u010dely uveden\u00e9 v bode 2.2.<br>\n3.2. Osobn\u00e9 \u00fadaje sa m\u00f4\u017eu pren\u00e1\u0161a\u0165 tret\u00edm stran\u00e1m iba v s\u00falade s postupmi stanoven\u00fdmi pr\u00e1vnymi predpismi Eur\u00f3pskej \u00fanie.<br><br>\n\n<strong>4. Registra\u010dn\u00e9 po\u017eiadavky<\/strong><br>\n4.1. V registra\u010dnom formul\u00e1ri mus\u00edte uvies\u0165 \u00fapln\u00e9, presn\u00e9 a pravdiv\u00e9 \u00fadaje o sebe. Ak uvediete nespr\u00e1vne, nepravdiv\u00e9 alebo zav\u00e1dzaj\u00face inform\u00e1cie, m\u00e1me pr\u00e1vo zru\u0161i\u0165 Va\u0161u registr\u00e1ciu, vymaza\u0165 Va\u0161e \u00fadaje alebo obmedzi\u0165 V\u00e1\u0161 pr\u00edstup do internetov\u00e9ho obchodu.<br><br>\n\n<strong>5. \u00daprava a aktualiz\u00e1cia osobn\u00fdch \u00fadajov<\/strong><br>\n5.1. M\u00e1te pr\u00e1vo kedyko\u013evek zmeni\u0165 alebo aktualizova\u0165 \u00fadaje uveden\u00e9 v registra\u010dnom formul\u00e1ri t\u00fdm, \u017ee n\u00e1s kontaktujete na e-mailovej adrese <a href=\"mailto:info@kastenkidz.com\">info@kastenkidz.com<\/a>.<br><br>\n\n<strong>6. Cookies<\/strong><br>\n6.1. Informujeme V\u00e1s, \u017ee na \u00fa\u010dely poskytovania plnohodnotn\u00fdch slu\u017eieb na na\u0161ej webovej str\u00e1nke uklad\u00e1me do V\u00e1\u0161ho po\u010d\u00edta\u010da (zariadenia) ur\u010dit\u00e9 inform\u00e1cie (cookies). Tieto inform\u00e1cie pou\u017e\u00edvame na rozpoznanie V\u00e1s ako predch\u00e1dzaj\u00faceho pou\u017e\u00edvate\u013ea webovej str\u00e1nky a na zhroma\u017e\u010fovanie \u0161tatist\u00edk o n\u00e1v\u0161tevnosti. Ulo\u017een\u00e9 cookies si m\u00f4\u017eete kedyko\u013evek pozrie\u0165 a niektor\u00e9 alebo v\u0161etky odstr\u00e1ni\u0165. M\u00e1te tie\u017e pr\u00e1vo odmietnu\u0165 ukladanie a pou\u017e\u00edvanie cookies vo Va\u0161om zariaden\u00ed, av\u0161ak v takom pr\u00edpade niektor\u00e9 funkcie webovej str\u00e1nky nemusia by\u0165 dostupn\u00e9. Pou\u017e\u00edvan\u00edm internetov\u00e9ho obchodu vyjadrujete s\u00fahlas s ukladan\u00edm cookies. Tento s\u00fahlas m\u00f4\u017eete kedyko\u013evek odvola\u0165 zmenou nastaven\u00ed V\u00e1\u0161ho internetov\u00e9ho prehliada\u010da alebo kontaktovan\u00edm n\u00e1s prostredn\u00edctvom uveden\u00fdch kontaktov.<br><br>\n\n<b>6.2. Pou\u017e\u00edvanie slu\u017eby Microsoft Clarity<\/b><br>\nNa na\u0161ej webovej str\u00e1nke pou\u017e\u00edvame n\u00e1stroj <strong>Microsoft Clarity<\/strong> \u2013 slu\u017ebu poskytovan\u00fa spolo\u010dnos\u0165ou Microsoft Corporation (USA) \u2013 ktor\u00e1 n\u00e1m pom\u00e1ha lep\u0161ie pochopi\u0165, ako n\u00e1v\u0161tevn\u00edci pou\u017e\u00edvaj\u00fa na\u0161u webov\u00fa str\u00e1nku (napr\u00edklad ktor\u00e9 str\u00e1nky nav\u0161tevuj\u00fa, kam klikaj\u00fa a ako dlho zost\u00e1vaj\u00fa). Tento n\u00e1stroj n\u00e1m pom\u00e1ha zlep\u0161ova\u0165 v\u00fdkon str\u00e1nky a pou\u017e\u00edvate\u013esk\u00fa sk\u00fasenos\u0165.<br><br>\n\nMicrosoft Clarity pou\u017e\u00edva s\u00fabory cookie a podobn\u00e9 technol\u00f3gie sledovania, ktor\u00e9 m\u00f4\u017eu zhroma\u017e\u010fova\u0165 tieto \u00fadaje:<br>\n&#8211; inform\u00e1cie o prehliada\u010di, zariaden\u00ed a rozl\u00ed\u0161en\u00ed obrazovky;<br>\n&#8211; interakcie pou\u017e\u00edvate\u013ea (pohyby my\u0161i, kliknutia, pos\u00favanie);<br>\n&#8211; trvanie n\u00e1v\u0161tevy a nav\u0161t\u00edven\u00e9 str\u00e1nky;<br>\n&#8211; anonymizovan\u00fa IP adresu (v skr\u00e1tenej podobe).<br><br>\n\nTieto \u00fadaje s\u00fa anonymizovan\u00e9 a pou\u017e\u00edvaj\u00fa sa v\u00fdlu\u010dne na \u0161tatistick\u00e9 a analytick\u00e9 \u00fa\u010dely na zlep\u0161enie webovej str\u00e1nky. Viac inform\u00e1ci\u00ed o z\u00e1sad\u00e1ch ochrany osobn\u00fdch \u00fadajov spolo\u010dnosti Microsoft n\u00e1jdete tu:<br>\n<a href=\"https:\/\/privacy.microsoft.com\/privacystatement\" target=\"_blank\" rel=\"noopener\">https:\/\/privacy.microsoft.com\/privacystatement<\/a><br><br>\n\nAk nechcete, aby Microsoft Clarity zhroma\u017e\u010foval \u00fadaje o Va\u0161om spr\u00e1van\u00ed pri prehliadan\u00ed, m\u00f4\u017eete:<br>\n&#8211; zak\u00e1za\u0165 cookies v nastaveniach svojho prehliada\u010da; alebo<br>\n&#8211; pou\u017ei\u0165 n\u00e1stroj Microsoft opt-out na str\u00e1nke <a href=\"https:\/\/optout.aboutads.info\" target=\"_blank\" rel=\"noopener\">https:\/\/optout.aboutads.info<\/a>.<br><br>\n\n<strong>7. Zmeny a z\u00e1vere\u010dn\u00e9 ustanovenia<\/strong><br>\n7.1. www.kastenkidz.com si vyhradzuje pr\u00e1vo tieto z\u00e1sady ochrany osobn\u00fdch \u00fadajov kedyko\u013evek \u00faplne alebo \u010diasto\u010dne zmeni\u0165 ich uverejnen\u00edm v internetovom obchode. Pokra\u010dovan\u00edm v pou\u017e\u00edvan\u00ed na\u0161ich slu\u017eieb vyjadrujete s\u00fahlas s t\u00fdmito zmenami. V\u0161etky spory alebo nezhody vypl\u00fdvaj\u00face z t\u00fdchto z\u00e1sad ochrany osobn\u00fdch \u00fadajov sa rie\u0161ia dohodou. Ak sa dohoda nedosiahne, spory sa bud\u00fa rie\u0161i\u0165 pod\u013ea pr\u00e1vnych predpisov Litovskej republiky.\n\t\t\t\t\t\t\t\t<\/div>\n\t\t\t\t<\/div>\n\t\t\t\t\t<\/div>\n\t\t\t\t<\/div>\n\t\t\t\t<\/div>\n\t\t","protected":false},"excerpt":{"rendered":"<p>Z\u00e1sady ochrany osobn\u00fdch \u00fadajov 1. V\u0161eobecn\u00e9 ustanovenia 1.1. Tieto z\u00e1sady ochrany osobn\u00fdch \u00fadajov upravuj\u00fa z\u00e1kladn\u00e9 princ\u00edpy a postupy zhroma\u017e\u010fovania, spracovania a uchov\u00e1vania osobn\u00fdch \u00fadajov internetov\u00fdm obchodom www.kastenkidz.com a jeho klientmi (\u010falej len &#8222;Vy&#8220; alebo &#8222;V\u00e1\u0161&#8220;). 1.2. Zhroma\u017e\u010fovanie, spracovanie a uchov\u00e1vanie Va\u0161ich osobn\u00fdch \u00fadajov sa riadi t\u00fdmito z\u00e1sadami, z\u00e1konom o ochrane osobn\u00fdch \u00fadajov Litovskej republiky a [&hellip;]<\/p>\n","protected":false},"author":1,"featured_media":0,"parent":0,"menu_order":0,"comment_status":"closed","ping_status":"closed","template":"","meta":{"_acf_changed":false,"site-sidebar-layout":"no-sidebar","site-content-layout":"page-builder","ast-site-content-layout":"full-width-container","site-content-style":"default","site-sidebar-style":"default","ast-global-header-display":"","ast-banner-title-visibility":"","ast-main-header-display":"","ast-hfb-above-header-display":"","ast-hfb-below-header-display":"","ast-hfb-mobile-header-display":"","site-post-title":"disabled","ast-breadcrumbs-content":"","ast-featured-img":"disabled","footer-sml-layout":"","ast-disable-related-posts":"","theme-transparent-header-meta":"","adv-header-id-meta":"","stick-header-meta":"","header-above-stick-meta":"","header-main-stick-meta":"","header-below-stick-meta":"","astra-migrate-meta-layouts":"default","ast-page-background-enabled":"default","ast-page-background-meta":{"desktop":{"background-color":"","background-image":"","background-repeat":"repeat","background-position":"center center","background-size":"auto","background-attachment":"scroll","background-type":"","background-media":"","overlay-type":"","overlay-color":"","overlay-opacity":"","overlay-gradient":""},"tablet":{"background-color":"","background-image":"","background-repeat":"repeat","background-position":"center center","background-size":"auto","background-attachment":"scroll","background-type":"","background-media":"","overlay-type":"","overlay-color":"","overlay-opacity":"","overlay-gradient":""},"mobile":{"background-color":"","background-image":"","background-repeat":"repeat","background-position":"center center","background-size":"auto","background-attachment":"scroll","background-type":"","background-media":"","overlay-type":"","overlay-color":"","overlay-opacity":"","overlay-gradient":""}},"ast-content-background-meta":{"desktop":{"background-color":"var(--ast-global-color-5)","background-image":"","background-repeat":"repeat","background-position":"center center","background-size":"auto","background-attachment":"scroll","background-type":"","background-media":"","overlay-type":"","overlay-color":"","overlay-opacity":"","overlay-gradient":""},"tablet":{"background-color":"var(--ast-global-color-5)","background-image":"","background-repeat":"repeat","background-position":"center center","background-size":"auto","background-attachment":"scroll","background-type":"","background-media":"","overlay-type":"","overlay-color":"","overlay-opacity":"","overlay-gradient":""},"mobile":{"background-color":"var(--ast-global-color-5)","background-image":"","background-repeat":"repeat","background-position":"center center","background-size":"auto","background-attachment":"scroll","background-type":"","background-media":"","overlay-type":"","overlay-color":"","overlay-opacity":"","overlay-gradient":""}},"footnotes":""},"class_list":["post-9506","page","type-page","status-publish","hentry"],"acf":[],"_links":{"self":[{"href":"https:\/\/kastenkidz.com\/sk\/wp-json\/wp\/v2\/pages\/9506","targetHints":{"allow":["GET"]}}],"collection":[{"href":"https:\/\/kastenkidz.com\/sk\/wp-json\/wp\/v2\/pages"}],"about":[{"href":"https:\/\/kastenkidz.com\/sk\/wp-json\/wp\/v2\/types\/page"}],"author":[{"embeddable":true,"href":"https:\/\/kastenkidz.com\/sk\/wp-json\/wp\/v2\/users\/1"}],"replies":[{"embeddable":true,"href":"https:\/\/kastenkidz.com\/sk\/wp-json\/wp\/v2\/comments?post=9506"}],"version-history":[{"count":4,"href":"https:\/\/kastenkidz.com\/sk\/wp-json\/wp\/v2\/pages\/9506\/revisions"}],"predecessor-version":[{"id":11661,"href":"https:\/\/kastenkidz.com\/sk\/wp-json\/wp\/v2\/pages\/9506\/revisions\/11661"}],"wp:attachment":[{"href":"https:\/\/kastenkidz.com\/sk\/wp-json\/wp\/v2\/media?parent=9506"}],"curies":[{"name":"wp","href":"https:\/\/api.w.org\/{rel}","templated":true}]}}