{"id":9504,"date":"2025-02-20T19:27:42","date_gmt":"2025-02-20T19:27:42","guid":{"rendered":"https:\/\/kastenkidz.com\/obchodne-podmienky-nakupu\/"},"modified":"2025-08-24T12:18:36","modified_gmt":"2025-08-24T12:18:36","slug":"obchodne-podmienky","status":"publish","type":"page","link":"https:\/\/kastenkidz.com\/sk\/obchodne-podmienky\/","title":{"rendered":"Obchodn\u00e9 podmienky"},"content":{"rendered":"\t\t<div data-elementor-type=\"wp-page\" data-elementor-id=\"9504\" class=\"elementor elementor-9504 elementor-3570\" data-elementor-post-type=\"page\">\n\t\t\t\t<div class=\"elementor-element elementor-element-5d5400c e-flex e-con-boxed e-con e-parent\" data-id=\"5d5400c\" data-element_type=\"container\" data-e-type=\"container\">\n\t\t\t\t\t<div class=\"e-con-inner\">\n\t\t\t\t<div class=\"elementor-element elementor-element-57fcf4a elementor-widget elementor-widget-text-editor\" data-id=\"57fcf4a\" data-element_type=\"widget\" data-e-type=\"widget\" data-widget_type=\"text-editor.default\">\n\t\t\t\t<div class=\"elementor-widget-container\">\n\t\t\t\t\t\t\t\t\t<h3>Obchodn\u00e9 podmienky n\u00e1kupu<\/h3><p><strong>1. V\u0161eobecn\u00e9 ustanovenia<\/strong><br>1.1. Tieto Obchodn\u00e9 podmienky n\u00e1kupu a predaja tovaru (\u010falej len \u201ePodmienky\u201c) po ich prijat\u00ed Kupuj\u00facim (po pre\u010d\u00edtan\u00ed Podmienok a za\u0161krtnut\u00ed pol\u00ed\u010dka pri vyhl\u00e1sen\u00ed \u201ePre\u010d\u00edtal(a) som si a s\u00fahlas\u00edm s podmienkami pou\u017e\u00edvania str\u00e1nky\u201c) predstavuj\u00fa pr\u00e1vne z\u00e1v\u00e4zn\u00fd dokument pre obe strany, ktor\u00fdm sa ur\u010duj\u00fa pr\u00e1va a povinnosti Kupuj\u00faceho a Pred\u00e1vaj\u00faceho, podmienky n\u00e1kupu tovaru a \u00fahrady, postupy doru\u010denia a vr\u00e1tenia tovaru, zodpovednos\u0165 zmluvn\u00fdch str\u00e1n a \u010fal\u0161ie ustanovenia s\u00favisiace s n\u00e1kupom a predajom tovaru v internetovom obchode www.kastenkidz.com. <br>1.2. Pred\u00e1vaj\u00faci si vyhradzuje pr\u00e1vo kedyko\u013evek zmeni\u0165, doplni\u0165 alebo upravi\u0165 tieto Podmienky v s\u00falade s po\u017eiadavkami platn\u00fdch pr\u00e1vnych predpisov.<\/p><p><strong>2. Ochrana osobn\u00fdch \u00fadajov<\/strong><br>2.1. Pri objedn\u00e1van\u00ed tovaru je Kupuj\u00faci povinn\u00fd uvies\u0165 potrebn\u00e9 osobn\u00e9 \u00fadaje do pol\u00ed poskytnut\u00fdch Pred\u00e1vaj\u00facim: meno, priezvisko, e-mailov\u00e1 adresa a krajina.<br>2.2. Prijat\u00edm t\u00fdchto Podmienok Kupuj\u00faci s\u00fahlas\u00ed s t\u00fdm, \u017ee osobn\u00e9 \u00fadaje uveden\u00e9 v bode 2.1. m\u00f4\u017eu by\u0165 spracovan\u00e9 na \u00fa\u010dely predaja tovaru a slu\u017eieb v internetovom obchode www.kastenkidz.com, na obchodn\u00fa anal\u00fdzu Pred\u00e1vaj\u00faceho a na \u00fa\u010dely priameho marketingu. Kupuj\u00faci z\u00e1rove\u0148 s\u00fahlas\u00ed s t\u00fdm, \u017ee jeho osobn\u00e9 \u00fadaje \u2013 meno, priezvisko, e-mailov\u00e1 adresa a krajina \u2013 m\u00f4\u017eu by\u0165 poskytnut\u00e9 partnerom Pred\u00e1vaj\u00faceho (spracovate\u013eom \u00fadajov), ktor\u00ed zabezpe\u010duj\u00fa doru\u010denie tovaru alebo in\u00e9 slu\u017eby nevyhnutn\u00e9 na riadne vybavenie objedn\u00e1vky.<br>2.3. Udelen\u00edm s\u00fahlasu so spracovan\u00edm osobn\u00fdch \u00fadajov na \u00fa\u010dely predaja tovaru a slu\u017eieb v internetovom obchode Pred\u00e1vaj\u00faceho Kupuj\u00faci z\u00e1rove\u0148 s\u00fahlas\u00ed so zasielan\u00edm informa\u010dn\u00fdch spr\u00e1v nevyhnutn\u00fdch na vybavenie objedn\u00e1vky na uveden\u00fa e-mailov\u00fa adresu.<br>2.4. Ak Kupuj\u00faci nes\u00fahlas\u00ed s ustanoveniami o ochrane osobn\u00fdch \u00fadajov uveden\u00fdmi v tejto \u010dasti Podmienok, str\u00e1ca pr\u00e1vo vyu\u017e\u00edva\u0165 slu\u017eby poskytovan\u00e9 internetov\u00fdm obchodom www.kastenkidz.com.      <\/p><p><strong>3. Pr\u00e1va a povinnosti Kupuj\u00faceho<\/strong><br>3.1. Kupuj\u00faci m\u00e1 pr\u00e1vo nakupova\u0165 tovar v internetovom obchode www.kastenkidz.com v s\u00falade s t\u00fdmito Podmienkami a \u010fal\u0161\u00edmi informa\u010dn\u00fdmi sekciami internetov\u00e9ho obchodu Pred\u00e1vaj\u00faceho.<br>3.2. Kupuj\u00faci m\u00e1 pr\u00e1vo zak\u00fapi\u0165 si tovar.<br>3.3. Kupuj\u00faci je povinn\u00fd zaplati\u0165 za tovar vopred.<br>3.4. Ak sa \u00fadaje uveden\u00e9 pri registr\u00e1cii Kupuj\u00faceho zmenia, je povinn\u00fd o tom bezodkladne informova\u0165 Pred\u00e1vaj\u00faceho.    <\/p><p><strong>4. Pr\u00e1va a povinnosti Pred\u00e1vaj\u00faceho<\/strong><br>4.1. Pred\u00e1vaj\u00faci sa zav\u00e4zuje poskytn\u00fa\u0165 Kupuj\u00facemu mo\u017enos\u0165 vyu\u017e\u00edva\u0165 slu\u017eby internetov\u00e9ho obchodu www.kastenkidz.com za podmienok stanoven\u00fdch v t\u00fdchto Podmienkach a v r\u00e1mci internetov\u00e9ho obchodu.<br>4.2. Ak sa Kupuj\u00faci pok\u00fasi naru\u0161i\u0165 stabilitu alebo bezpe\u010dnos\u0165 internetov\u00e9ho obchodu alebo nespln\u00ed svoje povinnosti, Pred\u00e1vaj\u00faci m\u00e1 pr\u00e1vo okam\u017eite a bez predch\u00e1dzaj\u00faceho upozornenia obmedzi\u0165 alebo pozastavi\u0165 pr\u00edstup Kupuj\u00faceho k internetov\u00e9mu obchodu, alebo vo v\u00fdnimo\u010dn\u00fdch pr\u00edpadoch zru\u0161i\u0165 jeho registr\u00e1ciu.<br>4.3. Za d\u00f4le\u017eit\u00fdch okolnost\u00ed m\u00f4\u017ee Pred\u00e1vaj\u00faci do\u010dasne alebo natrvalo ukon\u010di\u0165 prev\u00e1dzku internetov\u00e9ho obchodu bez predch\u00e1dzaj\u00faceho upozornenia Kupuj\u00faceho.<br>4.4. Pred\u00e1vaj\u00faci m\u00e1 pr\u00e1vo zru\u0161i\u0165 objedn\u00e1vku Kupuj\u00faceho bez predch\u00e1dzaj\u00faceho upozornenia, ak Kupuj\u00faci nezaplat\u00ed za tovar do troch (3) pracovn\u00fdch dn\u00ed pri v\u00fdbere jedn\u00e9ho zo sp\u00f4sobov platby uveden\u00fdch v bodoch 5.2.1 \u2013 5.2.4.<br>4.5. Pred\u00e1vaj\u00faci sa zav\u00e4zuje re\u0161pektova\u0165 pr\u00e1vo Kupuj\u00faceho na s\u00fakromie v s\u00favislosti s jeho osobn\u00fdmi \u00fadajmi a spracov\u00e1va\u0165 tieto \u00fadaje v\u00fdhradne v s\u00falade s \u010das\u0165ou 2 t\u00fdchto Podmienok a pr\u00e1vnymi predpismi Litovskej republiky.     <\/p><p><strong>5. Ceny, platobn\u00e9 podmienky a sp\u00f4soby \u00fahrady<\/strong><br>5.1. Ceny tovaru v internetovom obchode s\u00fa uveden\u00e9 v eur\u00e1ch.<br>5.2. Kupuj\u00faci m\u00f4\u017ee za tovar zaplati\u0165 jedn\u00fdm z nasleduj\u00facich sp\u00f4sobov:<br>5.2.1. Prostredn\u00edctvom syst\u00e9mu Paysera, vr\u00e1tane elektronick\u00e9ho bankovn\u00edctva (Swedbank AB, SEB AB, Citadele AB, Luminor AB).<br>5.2.2. Prevodom platby na uveden\u00fd \u00fa\u010det. V \u00fa\u010dele platby uve\u010fte \u201ePre vzdel\u00e1vacie \u00falohy\u201c. O vykonanej platbe a zak\u00fapenom tovare n\u00e1s informujte na info@kastenkidz.com.<br>5.2.3. Kreditnou kartou.<br>5.2.4. Prostredn\u00edctvom PayPalu.        <\/p><p><strong>6. Doru\u010denie tovaru<\/strong><br>6.1. Kastenkidz.com pred\u00e1va v\u00fdlu\u010dne digit\u00e1lne produkty \u2013 PDF s\u00fabory. Po zaplaten\u00ed obdr\u017e\u00edte do nieko\u013ek\u00fdch min\u00fat e-mail s odkazmi na objednan\u00fd tovar a prilo\u017eenou fakt\u00farou. Na odkazy kliknite a stiahnite si PDF s\u00fabory. Ni\u017e\u0161ie sme prilo\u017eili ilustrovan\u00fd pr\u00edklad. Ak ste e-mail neobdr\u017eali, najprv skontrolujte, \u010di nebol presunut\u00fd do prie\u010dinka SPAM alebo promo akcie. Je v\u0161ak ve\u013emi pravdepodobn\u00e9, \u017ee ste zadali nespr\u00e1vnu e-mailov\u00fa adresu. Nap\u00ed\u0161te n\u00e1m na info@kastenkidz.com a z\u00e1v\u00e4zne s\u013eubujeme odpoveda\u0165 do dvoch (2) pracovn\u00fdch dn\u00ed.       <\/p><p><strong>7. Vr\u00e1tenie a v\u00fdmena tovaru<\/strong><br>7.1. Pod\u013ea smernice E\u00da o pr\u00e1vach spotrebite\u013eov (2011\/83\/E\u00da) nie je mo\u017en\u00e9 digit\u00e1lny tovar vr\u00e1ti\u0165. Kupuj\u00faci str\u00e1ca pr\u00e1vo na odst\u00fapenie od zmluvy (pr\u00e1vo na vr\u00e1tenie tovaru) okamihom za\u010datia s\u0165ahovania.  <\/p><p><strong>8. Zodpovednos\u0165<\/strong><br>8.1. Kupuj\u00faci je plne zodpovedn\u00fd za spr\u00e1vnos\u0165 poskytnut\u00fdch osobn\u00fdch \u00fadajov. Ak Kupuj\u00faci poskytne nepresn\u00e9 osobn\u00e9 \u00fadaje, Pred\u00e1vaj\u00faci nezodpoved\u00e1 za \u017eiadne n\u00e1sledn\u00e9 d\u00f4sledky a m\u00e1 pr\u00e1vo po\u017eadova\u0165 n\u00e1hradu priamych \u0161k\u00f4d.<br>8.2. Kupuj\u00faci zodpoved\u00e1 za v\u0161etky \u00fakony vykonan\u00e9 prostredn\u00edctvom tohto internetov\u00e9ho obchodu.<br>8.3. Registrovan\u00fd Kupuj\u00faci je zodpovedn\u00fd za zdie\u013eanie svojich prihlasovac\u00edch \u00fadajov s tret\u00edmi stranami. Ak tretia strana prist\u00fapi do internetov\u00e9ho obchodu pomocou prihlasovac\u00edch \u00fadajov Kupuj\u00faceho, Pred\u00e1vaj\u00faci pova\u017euje t\u00fato osobu za Kupuj\u00faceho.<br>8.4. Pred\u00e1vaj\u00faci nezodpoved\u00e1 za \u017eiadne \u0161kody vzniknut\u00e9 v d\u00f4sledku nesplnenia odpor\u00fa\u010dan\u00ed a povinnost\u00ed Pred\u00e1vaj\u00faceho Kupuj\u00facim, aj ke\u010f mal Kupuj\u00faci mo\u017enos\u0165 si tieto Podmienky pre\u0161tudova\u0165.<br>8.5. Ak internetov\u00fd obchod Pred\u00e1vaj\u00faceho obsahuje odkazy na str\u00e1nky in\u00fdch spolo\u010dnost\u00ed, in\u0161tit\u00faci\u00ed, organiz\u00e1ci\u00ed alebo jednotlivcov, Pred\u00e1vaj\u00faci nezodpoved\u00e1 za inform\u00e1cie ani \u010dinnos\u0165 na t\u00fdchto str\u00e1nkach. Pred\u00e1vaj\u00faci tieto subjekty nesleduje, nekontroluje ani nezastupuje.<br>8.6. Pred\u00e1vaj\u00faci nezodpoved\u00e1 za riadne plnenie z\u00e1v\u00e4zkov medzi Kupuj\u00facim a partnermi Pred\u00e1vaj\u00faceho, ktor\u00fdch slu\u017eby Kupuj\u00faci objedn\u00e1va.<br>8.7. V pr\u00edpade vzniku \u0161kody je zodpovedn\u00e1 strana povinn\u00e1 nahradi\u0165 druhej strane priame \u0161kody.<br>8.8. V\u0161etky produkty pred\u00e1van\u00e9 v tomto obchode s\u00fa chr\u00e1nen\u00e9 pod\u013ea autorsk\u00e9ho pr\u00e1va E\u00da. Kop\u00edrovanie, \u0161\u00edrenie alebo pou\u017e\u00edvanie bez s\u00fahlasu autora je zak\u00e1zan\u00e9. Kupuj\u00faci nadob\u00fada pr\u00e1vo pou\u017e\u00edva\u0165 produkt len na osobn\u00e9 \u00fa\u010dely.             <\/p><p><strong>9. V\u00fdmena inform\u00e1ci\u00ed<\/strong><br>9.1. Pred\u00e1vaj\u00faci zasiela v\u0161etky ozn\u00e1menia Kupuj\u00facemu na e-mailov\u00fa adresu uveden\u00fa v bode 2.1.<br>9.2. Kupuj\u00faci zasiela v\u0161etky ozn\u00e1menia a ot\u00e1zky Pred\u00e1vaj\u00facemu na e-mailov\u00fa adresu info@kastenkidz.com.  <\/p>\t\t\t\t\t\t\t\t<\/div>\n\t\t\t\t<\/div>\n\t\t\t\t\t<\/div>\n\t\t\t\t<\/div>\n\t\t\t\t<\/div>\n\t\t","protected":false},"excerpt":{"rendered":"<p>Obchodn\u00e9 podmienky n\u00e1kupu 1. V\u0161eobecn\u00e9 ustanovenia1.1. Tieto Obchodn\u00e9 podmienky n\u00e1kupu a predaja tovaru (\u010falej len \u201ePodmienky\u201c) po ich prijat\u00ed Kupuj\u00facim (po pre\u010d\u00edtan\u00ed Podmienok a za\u0161krtnut\u00ed pol\u00ed\u010dka pri vyhl\u00e1sen\u00ed \u201ePre\u010d\u00edtal(a) som si a s\u00fahlas\u00edm s podmienkami pou\u017e\u00edvania str\u00e1nky\u201c) predstavuj\u00fa pr\u00e1vne z\u00e1v\u00e4zn\u00fd dokument pre obe strany, ktor\u00fdm sa ur\u010duj\u00fa pr\u00e1va a povinnosti Kupuj\u00faceho a Pred\u00e1vaj\u00faceho, podmienky n\u00e1kupu [&hellip;]<\/p>\n","protected":false},"author":1,"featured_media":0,"parent":0,"menu_order":0,"comment_status":"closed","ping_status":"closed","template":"","meta":{"_acf_changed":false,"site-sidebar-layout":"no-sidebar","site-content-layout":"page-builder","ast-site-content-layout":"full-width-container","site-content-style":"default","site-sidebar-style":"default","ast-global-header-display":"","ast-banner-title-visibility":"","ast-main-header-display":"","ast-hfb-above-header-display":"","ast-hfb-below-header-display":"","ast-hfb-mobile-header-display":"","site-post-title":"disabled","ast-breadcrumbs-content":"","ast-featured-img":"disabled","footer-sml-layout":"","ast-disable-related-posts":"","theme-transparent-header-meta":"","adv-header-id-meta":"","stick-header-meta":"","header-above-stick-meta":"","header-main-stick-meta":"","header-below-stick-meta":"","astra-migrate-meta-layouts":"default","ast-page-background-enabled":"default","ast-page-background-meta":{"desktop":{"background-color":"","background-image":"","background-repeat":"repeat","background-position":"center center","background-size":"auto","background-attachment":"scroll","background-type":"","background-media":"","overlay-type":"","overlay-color":"","overlay-opacity":"","overlay-gradient":""},"tablet":{"background-color":"","background-image":"","background-repeat":"repeat","background-position":"center center","background-size":"auto","background-attachment":"scroll","background-type":"","background-media":"","overlay-type":"","overlay-color":"","overlay-opacity":"","overlay-gradient":""},"mobile":{"background-color":"","background-image":"","background-repeat":"repeat","background-position":"center center","background-size":"auto","background-attachment":"scroll","background-type":"","background-media":"","overlay-type":"","overlay-color":"","overlay-opacity":"","overlay-gradient":""}},"ast-content-background-meta":{"desktop":{"background-color":"var(--ast-global-color-5)","background-image":"","background-repeat":"repeat","background-position":"center center","background-size":"auto","background-attachment":"scroll","background-type":"","background-media":"","overlay-type":"","overlay-color":"","overlay-opacity":"","overlay-gradient":""},"tablet":{"background-color":"var(--ast-global-color-5)","background-image":"","background-repeat":"repeat","background-position":"center center","background-size":"auto","background-attachment":"scroll","background-type":"","background-media":"","overlay-type":"","overlay-color":"","overlay-opacity":"","overlay-gradient":""},"mobile":{"background-color":"var(--ast-global-color-5)","background-image":"","background-repeat":"repeat","background-position":"center center","background-size":"auto","background-attachment":"scroll","background-type":"","background-media":"","overlay-type":"","overlay-color":"","overlay-opacity":"","overlay-gradient":""}},"footnotes":""},"class_list":["post-9504","page","type-page","status-publish","hentry"],"acf":[],"_links":{"self":[{"href":"https:\/\/kastenkidz.com\/sk\/wp-json\/wp\/v2\/pages\/9504","targetHints":{"allow":["GET"]}}],"collection":[{"href":"https:\/\/kastenkidz.com\/sk\/wp-json\/wp\/v2\/pages"}],"about":[{"href":"https:\/\/kastenkidz.com\/sk\/wp-json\/wp\/v2\/types\/page"}],"author":[{"embeddable":true,"href":"https:\/\/kastenkidz.com\/sk\/wp-json\/wp\/v2\/users\/1"}],"replies":[{"embeddable":true,"href":"https:\/\/kastenkidz.com\/sk\/wp-json\/wp\/v2\/comments?post=9504"}],"version-history":[{"count":2,"href":"https:\/\/kastenkidz.com\/sk\/wp-json\/wp\/v2\/pages\/9504\/revisions"}],"predecessor-version":[{"id":9695,"href":"https:\/\/kastenkidz.com\/sk\/wp-json\/wp\/v2\/pages\/9504\/revisions\/9695"}],"wp:attachment":[{"href":"https:\/\/kastenkidz.com\/sk\/wp-json\/wp\/v2\/media?parent=9504"}],"curies":[{"name":"wp","href":"https:\/\/api.w.org\/{rel}","templated":true}]}}