{"id":3312,"date":"2025-02-06T16:45:43","date_gmt":"2025-02-06T16:45:43","guid":{"rendered":"https:\/\/kastenkidz.com\/product\/raksti-darbibas-un-saskaiti-lidz-100\/"},"modified":"2025-02-10T19:24:04","modified_gmt":"2025-02-10T19:24:04","slug":"raksti-darbibas-un-saskaiti-lidz-100","status":"publish","type":"product","link":"https:\/\/kastenkidz.com\/lv\/products\/raksti-darbibas-un-saskaiti-lidz-100\/","title":{"rendered":"Raksti darb\u012bbas un saskaiti l\u012bdz 100"},"content":{"rendered":"<p>Uzdevums paredz\u0113ts, lai apg\u016btu saskait\u012b\u0161anas un at\u0146em\u0161anas l\u012bdz 100 darb\u012bbas.<br \/>\nKr\u0101sainajos ap\u013cos j\u0101ieraksta vai j\u0101saka mutiski skait\u013ci, kas redzami glieme\u017ev\u0101kos t\u0101, lai to kr\u0101sas sakristu. <\/p>\n<p>Komplekt\u0101cija: 30 kart\u012btes ar saskait\u012b\u0161anas un at\u0146em\u0161anas darb\u012bb\u0101m, 8 A4 form\u0101ta lapas. <\/p>\n","protected":false},"excerpt":{"rendered":"<p>Uzdevums paredz\u0113ts, lai apg\u016btu saskait\u012b\u0161anas un at\u0146em\u0161anas l\u012bdz 100 darb\u012bbas. Kr\u0101sainajos ap\u013cos j\u0101ieraksta vai j\u0101saka mutiski skait\u013ci, kas redzami glieme\u017ev\u0101kos t\u0101, lai to kr\u0101sas sakristu. Komplekt\u0101cija: 30 kart\u012btes ar saskait\u012b\u0161anas un at\u0146em\u0161anas darb\u012bb\u0101m, 8 A4 form\u0101ta lapas.<\/p>\n","protected":false},"featured_media":3314,"comment_status":"closed","ping_status":"closed","template":"","meta":{"_acf_changed":false,"site-sidebar-layout":"default","site-content-layout":"","ast-site-content-layout":"default","site-content-style":"default","site-sidebar-style":"default","ast-global-header-display":"","ast-banner-title-visibility":"","ast-main-header-display":"","ast-hfb-above-header-display":"","ast-hfb-below-header-display":"","ast-hfb-mobile-header-display":"","site-post-title":"","ast-breadcrumbs-content":"","ast-featured-img":"","footer-sml-layout":"","ast-disable-related-posts":"","theme-transparent-header-meta":"default","adv-header-id-meta":"","stick-header-meta":"default","header-above-stick-meta":"","header-main-stick-meta":"","header-below-stick-meta":"","astra-migrate-meta-layouts":"set","ast-page-background-enabled":"default","ast-page-background-meta":{"desktop":{"background-color":"","background-image":"","background-repeat":"repeat","background-position":"center center","background-size":"auto","background-attachment":"scroll","background-type":"","background-media":"","overlay-type":"","overlay-color":"","overlay-opacity":"","overlay-gradient":""},"tablet":{"background-color":"","background-image":"","background-repeat":"repeat","background-position":"center center","background-size":"auto","background-attachment":"scroll","background-type":"","background-media":"","overlay-type":"","overlay-color":"","overlay-opacity":"","overlay-gradient":""},"mobile":{"background-color":"","background-image":"","background-repeat":"repeat","background-position":"center center","background-size":"auto","background-attachment":"scroll","background-type":"","background-media":"","overlay-type":"","overlay-color":"","overlay-opacity":"","overlay-gradient":""}},"ast-content-background-meta":{"desktop":{"background-color":"var(--ast-global-color-5)","background-image":"","background-repeat":"repeat","background-position":"center center","background-size":"auto","background-attachment":"scroll","background-type":"","background-media":"","overlay-type":"","overlay-color":"","overlay-opacity":"","overlay-gradient":""},"tablet":{"background-color":"var(--ast-global-color-5)","background-image":"","background-repeat":"repeat","background-position":"center center","background-size":"auto","background-attachment":"scroll","background-type":"","background-media":"","overlay-type":"","overlay-color":"","overlay-opacity":"","overlay-gradient":""},"mobile":{"background-color":"var(--ast-global-color-5)","background-image":"","background-repeat":"repeat","background-position":"center center","background-size":"auto","background-attachment":"scroll","background-type":"","background-media":"","overlay-type":"","overlay-color":"","overlay-opacity":"","overlay-gradient":""}}},"product_brand":[],"product_cat":[76],"product_tag":[],"class_list":{"0":"post-3312","1":"product","2":"type-product","3":"status-publish","4":"has-post-thumbnail","6":"product_cat-matematika","7":"desktop-align-center","8":"tablet-align-left","9":"mobile-align-center","10":"ast-product-gallery-layout-first-image-large","11":"ast-product-tabs-layout-horizontal","13":"first","14":"instock","15":"sale","16":"downloadable","17":"virtual","18":"sold-individually","19":"purchasable","20":"product-type-simple"},"acf":[],"_links":{"self":[{"href":"https:\/\/kastenkidz.com\/lv\/wp-json\/wp\/v2\/product\/3312","targetHints":{"allow":["GET"]}}],"collection":[{"href":"https:\/\/kastenkidz.com\/lv\/wp-json\/wp\/v2\/product"}],"about":[{"href":"https:\/\/kastenkidz.com\/lv\/wp-json\/wp\/v2\/types\/product"}],"replies":[{"embeddable":true,"href":"https:\/\/kastenkidz.com\/lv\/wp-json\/wp\/v2\/comments?post=3312"}],"wp:featuredmedia":[{"embeddable":true,"href":"https:\/\/kastenkidz.com\/lv\/wp-json\/wp\/v2\/media\/3314"}],"wp:attachment":[{"href":"https:\/\/kastenkidz.com\/lv\/wp-json\/wp\/v2\/media?parent=3312"}],"wp:term":[{"taxonomy":"product_brand","embeddable":true,"href":"https:\/\/kastenkidz.com\/lv\/wp-json\/wp\/v2\/product_brand?post=3312"},{"taxonomy":"product_cat","embeddable":true,"href":"https:\/\/kastenkidz.com\/lv\/wp-json\/wp\/v2\/product_cat?post=3312"},{"taxonomy":"product_tag","embeddable":true,"href":"https:\/\/kastenkidz.com\/lv\/wp-json\/wp\/v2\/product_tag?post=3312"}],"curies":[{"name":"wp","href":"https:\/\/api.w.org\/{rel}","templated":true}]}}