{"id":3278,"date":"2025-02-06T16:45:43","date_gmt":"2025-02-06T16:45:43","guid":{"rendered":"https:\/\/kastenkidz.com\/product\/spele-vientulis\/"},"modified":"2025-02-11T19:09:10","modified_gmt":"2025-02-11T19:09:10","slug":"spele-vientulis","status":"publish","type":"product","link":"https:\/\/kastenkidz.com\/lv\/products\/spele-vientulis\/","title":{"rendered":"Sp\u0113le &#8220;Vientulis&#8221;"},"content":{"rendered":"<p>Sp\u0113le paredz\u0113ta 2\u20135 cilv\u0113ku grupai. Sp\u0113l\u0113t\u0101ji sadala kart\u012btes. Sp\u0113les s\u0101kum\u0101 katrs sp\u0113l\u0113t\u0101js p\u0101rbauda savas kart\u012btes un, ja atrod identisku att\u0113lu p\u0101ri, novieto t\u0101s uz galda. P\u0113c tam sp\u0113l\u0113t\u0101js, kuram ir visvair\u0101k kart\u012b\u0161u, s\u0101k sp\u0113li. Vi\u0146\u0161 dod citam sp\u0113l\u0113t\u0101jam no sav\u0101m izvilkt vienu kart\u012bti. Ja otrs sp\u0113l\u0113t\u0101js izvelk kart\u012bti un vi\u0146am ir p\u0101ris, novieto to uz galda. P\u0113c tam atdod kart\u012bti otram sp\u0113l\u0113t\u0101jam. Sp\u0113le beigsies, kad vienam no sp\u0113l\u0113t\u0101jiem b\u016bs p\u0113d\u0113j\u0101 kart\u012bte, kurai nav p\u0101ra \u2013 \u201eVientulis\u201d. Uzvar tas, kuram pirmajam beidzas kart\u012btes.<\/p>\n<p>Komplekt\u0101cija: 4 A4 form\u0101ta lapas. <\/p>\n","protected":false},"excerpt":{"rendered":"<p>Sp\u0113le paredz\u0113ta 2\u20135 cilv\u0113ku grupai. Sp\u0113l\u0113t\u0101ji sadala kart\u012btes. Sp\u0113les s\u0101kum\u0101 katrs sp\u0113l\u0113t\u0101js p\u0101rbauda savas kart\u012btes un, ja atrod identisku att\u0113lu p\u0101ri, novieto t\u0101s uz galda. P\u0113c tam sp\u0113l\u0113t\u0101js, kuram ir visvair\u0101k kart\u012b\u0161u, s\u0101k sp\u0113li. Vi\u0146\u0161 dod citam sp\u0113l\u0113t\u0101jam no sav\u0101m izvilkt vienu kart\u012bti. Ja otrs sp\u0113l\u0113t\u0101js izvelk kart\u012bti un vi\u0146am ir p\u0101ris, novieto to uz [&hellip;]<\/p>\n","protected":false},"featured_media":3344,"comment_status":"closed","ping_status":"closed","template":"","meta":{"_acf_changed":false,"site-sidebar-layout":"default","site-content-layout":"","ast-site-content-layout":"default","site-content-style":"default","site-sidebar-style":"default","ast-global-header-display":"","ast-banner-title-visibility":"","ast-main-header-display":"","ast-hfb-above-header-display":"","ast-hfb-below-header-display":"","ast-hfb-mobile-header-display":"","site-post-title":"","ast-breadcrumbs-content":"","ast-featured-img":"","footer-sml-layout":"","ast-disable-related-posts":"","theme-transparent-header-meta":"default","adv-header-id-meta":"","stick-header-meta":"default","header-above-stick-meta":"","header-main-stick-meta":"","header-below-stick-meta":"","astra-migrate-meta-layouts":"set","ast-page-background-enabled":"default","ast-page-background-meta":{"desktop":{"background-color":"","background-image":"","background-repeat":"repeat","background-position":"center center","background-size":"auto","background-attachment":"scroll","background-type":"","background-media":"","overlay-type":"","overlay-color":"","overlay-opacity":"","overlay-gradient":""},"tablet":{"background-color":"","background-image":"","background-repeat":"repeat","background-position":"center center","background-size":"auto","background-attachment":"scroll","background-type":"","background-media":"","overlay-type":"","overlay-color":"","overlay-opacity":"","overlay-gradient":""},"mobile":{"background-color":"","background-image":"","background-repeat":"repeat","background-position":"center center","background-size":"auto","background-attachment":"scroll","background-type":"","background-media":"","overlay-type":"","overlay-color":"","overlay-opacity":"","overlay-gradient":""}},"ast-content-background-meta":{"desktop":{"background-color":"var(--ast-global-color-5)","background-image":"","background-repeat":"repeat","background-position":"center center","background-size":"auto","background-attachment":"scroll","background-type":"","background-media":"","overlay-type":"","overlay-color":"","overlay-opacity":"","overlay-gradient":""},"tablet":{"background-color":"var(--ast-global-color-5)","background-image":"","background-repeat":"repeat","background-position":"center center","background-size":"auto","background-attachment":"scroll","background-type":"","background-media":"","overlay-type":"","overlay-color":"","overlay-opacity":"","overlay-gradient":""},"mobile":{"background-color":"var(--ast-global-color-5)","background-image":"","background-repeat":"repeat","background-position":"center center","background-size":"auto","background-attachment":"scroll","background-type":"","background-media":"","overlay-type":"","overlay-color":"","overlay-opacity":"","overlay-gradient":""}}},"product_brand":[],"product_cat":[77],"product_tag":[],"class_list":{"0":"post-3278","1":"product","2":"type-product","3":"status-publish","4":"has-post-thumbnail","6":"product_cat-speles","7":"desktop-align-center","8":"tablet-align-left","9":"mobile-align-center","10":"ast-product-gallery-layout-first-image-large","11":"ast-product-gallery-with-no-image","12":"ast-product-tabs-layout-horizontal","14":"first","15":"instock","16":"sale","17":"downloadable","18":"virtual","19":"sold-individually","20":"purchasable","21":"product-type-simple"},"acf":[],"_links":{"self":[{"href":"https:\/\/kastenkidz.com\/lv\/wp-json\/wp\/v2\/product\/3278","targetHints":{"allow":["GET"]}}],"collection":[{"href":"https:\/\/kastenkidz.com\/lv\/wp-json\/wp\/v2\/product"}],"about":[{"href":"https:\/\/kastenkidz.com\/lv\/wp-json\/wp\/v2\/types\/product"}],"replies":[{"embeddable":true,"href":"https:\/\/kastenkidz.com\/lv\/wp-json\/wp\/v2\/comments?post=3278"}],"wp:featuredmedia":[{"embeddable":true,"href":"https:\/\/kastenkidz.com\/lv\/wp-json\/wp\/v2\/media\/3344"}],"wp:attachment":[{"href":"https:\/\/kastenkidz.com\/lv\/wp-json\/wp\/v2\/media?parent=3278"}],"wp:term":[{"taxonomy":"product_brand","embeddable":true,"href":"https:\/\/kastenkidz.com\/lv\/wp-json\/wp\/v2\/product_brand?post=3278"},{"taxonomy":"product_cat","embeddable":true,"href":"https:\/\/kastenkidz.com\/lv\/wp-json\/wp\/v2\/product_cat?post=3278"},{"taxonomy":"product_tag","embeddable":true,"href":"https:\/\/kastenkidz.com\/lv\/wp-json\/wp\/v2\/product_tag?post=3278"}],"curies":[{"name":"wp","href":"https:\/\/api.w.org\/{rel}","templated":true}]}}