{"id":3270,"date":"2025-02-06T16:45:43","date_gmt":"2025-02-06T16:45:43","guid":{"rendered":"https:\/\/kastenkidz.com\/product\/laika-izpratnes-apguve\/"},"modified":"2025-02-11T19:09:36","modified_gmt":"2025-02-11T19:09:36","slug":"laika-izpratnes-apguve","status":"publish","type":"product","link":"https:\/\/kastenkidz.com\/lv\/products\/laika-izpratnes-apguve\/","title":{"rendered":"Laika izpratnes apguve"},"content":{"rendered":"<p>Paz\u012bt pulksteni un saprast laiku \u2013 nav tas viegl\u0101kais uzdevums b\u0113rnam!<br \/>\nKo b\u0113rnam noz\u012bm\u0113 5 min\u016btes, 10 min\u016btes vai pusstunda? \u0160is lieliskais r\u012bks pal\u012bdz\u0113s izprast noteiktus meh\u0101nisk\u0101 pulkste\u0146a laika segmentus.<br \/>\nPlak\u0101ts pal\u012bdz\u0113s atcer\u0113ties pulkste\u0146a min\u016btes, savuk\u0101rt n\u0101kamais uzdevums lieliski nostiprin\u0101s prasmes. Min\u016btes ir sadal\u012btas 5 min\u016b\u0161u interv\u0101los no 5 l\u012bdz 60 \u2013 \u013caujiet b\u0113rnam atrast un iel\u012bm\u0113t pareiz\u0101s kart\u012btes.<br \/>\n\u0160\u0101da vizu\u0101la un fiziska m\u0101c\u012b\u0161an\u0101s pal\u012bdz b\u0113rniem redz\u0113t un saprast laiku. <\/p>\n","protected":false},"excerpt":{"rendered":"<p>Paz\u012bt pulksteni un saprast laiku \u2013 nav tas viegl\u0101kais uzdevums b\u0113rnam! Ko b\u0113rnam noz\u012bm\u0113 5 min\u016btes, 10 min\u016btes vai pusstunda? \u0160is lieliskais r\u012bks pal\u012bdz\u0113s izprast noteiktus meh\u0101nisk\u0101 pulkste\u0146a laika segmentus. Plak\u0101ts pal\u012bdz\u0113s atcer\u0113ties pulkste\u0146a min\u016btes, savuk\u0101rt n\u0101kamais uzdevums lieliski nostiprin\u0101s prasmes. Min\u016btes ir sadal\u012btas 5 min\u016b\u0161u interv\u0101los no 5 l\u012bdz 60 \u2013 \u013caujiet b\u0113rnam atrast [&hellip;]<\/p>\n","protected":false},"featured_media":3272,"comment_status":"closed","ping_status":"closed","template":"","meta":{"_acf_changed":false,"site-sidebar-layout":"default","site-content-layout":"","ast-site-content-layout":"default","site-content-style":"default","site-sidebar-style":"default","ast-global-header-display":"","ast-banner-title-visibility":"","ast-main-header-display":"","ast-hfb-above-header-display":"","ast-hfb-below-header-display":"","ast-hfb-mobile-header-display":"","site-post-title":"","ast-breadcrumbs-content":"","ast-featured-img":"","footer-sml-layout":"","ast-disable-related-posts":"","theme-transparent-header-meta":"default","adv-header-id-meta":"","stick-header-meta":"default","header-above-stick-meta":"","header-main-stick-meta":"","header-below-stick-meta":"","astra-migrate-meta-layouts":"set","ast-page-background-enabled":"default","ast-page-background-meta":{"desktop":{"background-color":"","background-image":"","background-repeat":"repeat","background-position":"center center","background-size":"auto","background-attachment":"scroll","background-type":"","background-media":"","overlay-type":"","overlay-color":"","overlay-opacity":"","overlay-gradient":""},"tablet":{"background-color":"","background-image":"","background-repeat":"repeat","background-position":"center center","background-size":"auto","background-attachment":"scroll","background-type":"","background-media":"","overlay-type":"","overlay-color":"","overlay-opacity":"","overlay-gradient":""},"mobile":{"background-color":"","background-image":"","background-repeat":"repeat","background-position":"center center","background-size":"auto","background-attachment":"scroll","background-type":"","background-media":"","overlay-type":"","overlay-color":"","overlay-opacity":"","overlay-gradient":""}},"ast-content-background-meta":{"desktop":{"background-color":"var(--ast-global-color-5)","background-image":"","background-repeat":"repeat","background-position":"center center","background-size":"auto","background-attachment":"scroll","background-type":"","background-media":"","overlay-type":"","overlay-color":"","overlay-opacity":"","overlay-gradient":""},"tablet":{"background-color":"var(--ast-global-color-5)","background-image":"","background-repeat":"repeat","background-position":"center center","background-size":"auto","background-attachment":"scroll","background-type":"","background-media":"","overlay-type":"","overlay-color":"","overlay-opacity":"","overlay-gradient":""},"mobile":{"background-color":"var(--ast-global-color-5)","background-image":"","background-repeat":"repeat","background-position":"center center","background-size":"auto","background-attachment":"scroll","background-type":"","background-media":"","overlay-type":"","overlay-color":"","overlay-opacity":"","overlay-gradient":""}}},"product_brand":[],"product_cat":[75],"product_tag":[],"class_list":{"0":"post-3270","1":"product","2":"type-product","3":"status-publish","4":"has-post-thumbnail","6":"product_cat-puzles-un-kartis","7":"desktop-align-center","8":"tablet-align-left","9":"mobile-align-center","10":"ast-product-gallery-layout-first-image-large","11":"ast-product-gallery-with-no-image","12":"ast-product-tabs-layout-horizontal","14":"first","15":"instock","16":"sale","17":"downloadable","18":"virtual","19":"sold-individually","20":"purchasable","21":"product-type-simple"},"acf":[],"_links":{"self":[{"href":"https:\/\/kastenkidz.com\/lv\/wp-json\/wp\/v2\/product\/3270","targetHints":{"allow":["GET"]}}],"collection":[{"href":"https:\/\/kastenkidz.com\/lv\/wp-json\/wp\/v2\/product"}],"about":[{"href":"https:\/\/kastenkidz.com\/lv\/wp-json\/wp\/v2\/types\/product"}],"replies":[{"embeddable":true,"href":"https:\/\/kastenkidz.com\/lv\/wp-json\/wp\/v2\/comments?post=3270"}],"wp:featuredmedia":[{"embeddable":true,"href":"https:\/\/kastenkidz.com\/lv\/wp-json\/wp\/v2\/media\/3272"}],"wp:attachment":[{"href":"https:\/\/kastenkidz.com\/lv\/wp-json\/wp\/v2\/media?parent=3270"}],"wp:term":[{"taxonomy":"product_brand","embeddable":true,"href":"https:\/\/kastenkidz.com\/lv\/wp-json\/wp\/v2\/product_brand?post=3270"},{"taxonomy":"product_cat","embeddable":true,"href":"https:\/\/kastenkidz.com\/lv\/wp-json\/wp\/v2\/product_cat?post=3270"},{"taxonomy":"product_tag","embeddable":true,"href":"https:\/\/kastenkidz.com\/lv\/wp-json\/wp\/v2\/product_tag?post=3270"}],"curies":[{"name":"wp","href":"https:\/\/api.w.org\/{rel}","templated":true}]}}