{"id":3258,"date":"2025-02-06T16:45:39","date_gmt":"2025-02-06T16:45:39","guid":{"rendered":"https:\/\/kastenkidz.com\/product\/spele-pastasti-stastu\/"},"modified":"2025-02-11T19:11:53","modified_gmt":"2025-02-11T19:11:53","slug":"spele-pastasti-stastu","status":"publish","type":"product","link":"https:\/\/kastenkidz.com\/lv\/products\/spele-pastasti-stastu\/","title":{"rendered":"Sp\u0113le &#8220;Past\u0101sti st\u0101stu&#8221;"},"content":{"rendered":"<p>\u0160\u012b jautr\u0101 st\u0101stu sp\u0113le rosina rado\u0161umu, att\u012bsta komunik\u0101cijas prasmes un ir piem\u0113rota sve\u0161valodu apguvei.<br \/>\nMetiet 8 kauli\u0146us ar da\u017e\u0101diem att\u0113liem, izdom\u0101jiet un past\u0101stiet st\u0101stu, izmantojot visus redzamos att\u0113lus, vai izveidojiet nep\u0101rtrauktu st\u0101stu \u2013 katram sp\u0113l\u0113t\u0101jam pa vienam att\u0113lam. <\/p>\n<p>Komplekt\u0101cija: 8 A4 form\u0101ta lapas. <\/p>\n","protected":false},"excerpt":{"rendered":"<p>\u0160\u012b jautr\u0101 st\u0101stu sp\u0113le rosina rado\u0161umu, att\u012bsta komunik\u0101cijas prasmes un ir piem\u0113rota sve\u0161valodu apguvei. Metiet 8 kauli\u0146us ar da\u017e\u0101diem att\u0113liem, izdom\u0101jiet un past\u0101stiet st\u0101stu, izmantojot visus redzamos att\u0113lus, vai izveidojiet nep\u0101rtrauktu st\u0101stu \u2013 katram sp\u0113l\u0113t\u0101jam pa vienam att\u0113lam. Komplekt\u0101cija: 8 A4 form\u0101ta lapas.<\/p>\n","protected":false},"featured_media":3260,"comment_status":"closed","ping_status":"closed","template":"","meta":{"_acf_changed":false,"site-sidebar-layout":"default","site-content-layout":"","ast-site-content-layout":"default","site-content-style":"default","site-sidebar-style":"default","ast-global-header-display":"","ast-banner-title-visibility":"","ast-main-header-display":"","ast-hfb-above-header-display":"","ast-hfb-below-header-display":"","ast-hfb-mobile-header-display":"","site-post-title":"","ast-breadcrumbs-content":"","ast-featured-img":"","footer-sml-layout":"","ast-disable-related-posts":"","theme-transparent-header-meta":"default","adv-header-id-meta":"","stick-header-meta":"default","header-above-stick-meta":"","header-main-stick-meta":"","header-below-stick-meta":"","astra-migrate-meta-layouts":"set","ast-page-background-enabled":"default","ast-page-background-meta":{"desktop":{"background-color":"","background-image":"","background-repeat":"repeat","background-position":"center center","background-size":"auto","background-attachment":"scroll","background-type":"","background-media":"","overlay-type":"","overlay-color":"","overlay-opacity":"","overlay-gradient":""},"tablet":{"background-color":"","background-image":"","background-repeat":"repeat","background-position":"center center","background-size":"auto","background-attachment":"scroll","background-type":"","background-media":"","overlay-type":"","overlay-color":"","overlay-opacity":"","overlay-gradient":""},"mobile":{"background-color":"","background-image":"","background-repeat":"repeat","background-position":"center center","background-size":"auto","background-attachment":"scroll","background-type":"","background-media":"","overlay-type":"","overlay-color":"","overlay-opacity":"","overlay-gradient":""}},"ast-content-background-meta":{"desktop":{"background-color":"var(--ast-global-color-5)","background-image":"","background-repeat":"repeat","background-position":"center center","background-size":"auto","background-attachment":"scroll","background-type":"","background-media":"","overlay-type":"","overlay-color":"","overlay-opacity":"","overlay-gradient":""},"tablet":{"background-color":"var(--ast-global-color-5)","background-image":"","background-repeat":"repeat","background-position":"center center","background-size":"auto","background-attachment":"scroll","background-type":"","background-media":"","overlay-type":"","overlay-color":"","overlay-opacity":"","overlay-gradient":""},"mobile":{"background-color":"var(--ast-global-color-5)","background-image":"","background-repeat":"repeat","background-position":"center center","background-size":"auto","background-attachment":"scroll","background-type":"","background-media":"","overlay-type":"","overlay-color":"","overlay-opacity":"","overlay-gradient":""}}},"product_brand":[],"product_cat":[77,80],"product_tag":[],"class_list":{"0":"post-3258","1":"product","2":"type-product","3":"status-publish","4":"has-post-thumbnail","6":"product_cat-speles","7":"product_cat-valoda","8":"desktop-align-center","9":"tablet-align-left","10":"mobile-align-center","11":"ast-product-gallery-layout-first-image-large","12":"ast-product-gallery-with-no-image","13":"ast-product-tabs-layout-horizontal","15":"first","16":"instock","17":"sale","18":"downloadable","19":"virtual","20":"sold-individually","21":"purchasable","22":"product-type-simple"},"acf":[],"_links":{"self":[{"href":"https:\/\/kastenkidz.com\/lv\/wp-json\/wp\/v2\/product\/3258","targetHints":{"allow":["GET"]}}],"collection":[{"href":"https:\/\/kastenkidz.com\/lv\/wp-json\/wp\/v2\/product"}],"about":[{"href":"https:\/\/kastenkidz.com\/lv\/wp-json\/wp\/v2\/types\/product"}],"replies":[{"embeddable":true,"href":"https:\/\/kastenkidz.com\/lv\/wp-json\/wp\/v2\/comments?post=3258"}],"wp:featuredmedia":[{"embeddable":true,"href":"https:\/\/kastenkidz.com\/lv\/wp-json\/wp\/v2\/media\/3260"}],"wp:attachment":[{"href":"https:\/\/kastenkidz.com\/lv\/wp-json\/wp\/v2\/media?parent=3258"}],"wp:term":[{"taxonomy":"product_brand","embeddable":true,"href":"https:\/\/kastenkidz.com\/lv\/wp-json\/wp\/v2\/product_brand?post=3258"},{"taxonomy":"product_cat","embeddable":true,"href":"https:\/\/kastenkidz.com\/lv\/wp-json\/wp\/v2\/product_cat?post=3258"},{"taxonomy":"product_tag","embeddable":true,"href":"https:\/\/kastenkidz.com\/lv\/wp-json\/wp\/v2\/product_tag?post=3258"}],"curies":[{"name":"wp","href":"https:\/\/api.w.org\/{rel}","templated":true}]}}