{"id":3246,"date":"2025-02-06T16:45:39","date_gmt":"2025-02-06T16:45:39","guid":{"rendered":"https:\/\/kastenkidz.com\/product\/reizinasanas-tabulas-puzle\/"},"modified":"2025-02-11T19:11:05","modified_gmt":"2025-02-11T19:11:05","slug":"reizinasanas-tabulas-puzle","status":"publish","type":"product","link":"https:\/\/kastenkidz.com\/lv\/products\/reizinasanas-tabulas-puzle\/","title":{"rendered":"Reizin\u0101\u0161anas tabulas puzle"},"content":{"rendered":"<p>R\u012bks paredz\u0113ts reizin\u0101\u0161anas tabulas apguvei un iegaum\u0113\u0161anai.<br \/>\nAr \u0161o rota\u013c\u012bgo puzli saskait\u012b\u0161ana b\u0113rniem neb\u016bs smags darbs, bet gan jautra sp\u0113le.<br \/>\nUzdevumu veido 41 reizin\u0101\u0161anas tabulas darb\u012bba. Darb\u012bbu veido 3 puzles deta\u013cas. Maz\u0101s \u2013 divas puzles apak\u0161\u0113j\u0101s da\u013cas ir reizin\u0101\u0161anas darb\u012bbas, bet liel\u0101 \u2013 aug\u0161\u0113j\u0101 da\u013ca \u2013 ir darb\u012bbas atbilde. B\u0113rnam j\u0101veic reizin\u0101\u0161anas darb\u012bbas un, atrodot t\u0101m atbildes, j\u0101saliek puzle.<\/p>\n<p>Komplekt\u0101cija: 14 lapas. <\/p>\n","protected":false},"excerpt":{"rendered":"<p>R\u012bks paredz\u0113ts reizin\u0101\u0161anas tabulas apguvei un iegaum\u0113\u0161anai. Ar \u0161o rota\u013c\u012bgo puzli saskait\u012b\u0161ana b\u0113rniem neb\u016bs smags darbs, bet gan jautra sp\u0113le. Uzdevumu veido 41 reizin\u0101\u0161anas tabulas darb\u012bba. Darb\u012bbu veido 3 puzles deta\u013cas. Maz\u0101s \u2013 divas puzles apak\u0161\u0113j\u0101s da\u013cas ir reizin\u0101\u0161anas darb\u012bbas, bet liel\u0101 \u2013 aug\u0161\u0113j\u0101 da\u013ca \u2013 ir darb\u012bbas atbilde. B\u0113rnam j\u0101veic reizin\u0101\u0161anas darb\u012bbas un, atrodot [&hellip;]<\/p>\n","protected":false},"featured_media":3248,"comment_status":"closed","ping_status":"closed","template":"","meta":{"_acf_changed":false,"site-sidebar-layout":"default","site-content-layout":"","ast-site-content-layout":"default","site-content-style":"default","site-sidebar-style":"default","ast-global-header-display":"","ast-banner-title-visibility":"","ast-main-header-display":"","ast-hfb-above-header-display":"","ast-hfb-below-header-display":"","ast-hfb-mobile-header-display":"","site-post-title":"","ast-breadcrumbs-content":"","ast-featured-img":"","footer-sml-layout":"","ast-disable-related-posts":"","theme-transparent-header-meta":"default","adv-header-id-meta":"","stick-header-meta":"default","header-above-stick-meta":"","header-main-stick-meta":"","header-below-stick-meta":"","astra-migrate-meta-layouts":"set","ast-page-background-enabled":"default","ast-page-background-meta":{"desktop":{"background-color":"","background-image":"","background-repeat":"repeat","background-position":"center center","background-size":"auto","background-attachment":"scroll","background-type":"","background-media":"","overlay-type":"","overlay-color":"","overlay-opacity":"","overlay-gradient":""},"tablet":{"background-color":"","background-image":"","background-repeat":"repeat","background-position":"center center","background-size":"auto","background-attachment":"scroll","background-type":"","background-media":"","overlay-type":"","overlay-color":"","overlay-opacity":"","overlay-gradient":""},"mobile":{"background-color":"","background-image":"","background-repeat":"repeat","background-position":"center center","background-size":"auto","background-attachment":"scroll","background-type":"","background-media":"","overlay-type":"","overlay-color":"","overlay-opacity":"","overlay-gradient":""}},"ast-content-background-meta":{"desktop":{"background-color":"var(--ast-global-color-5)","background-image":"","background-repeat":"repeat","background-position":"center center","background-size":"auto","background-attachment":"scroll","background-type":"","background-media":"","overlay-type":"","overlay-color":"","overlay-opacity":"","overlay-gradient":""},"tablet":{"background-color":"var(--ast-global-color-5)","background-image":"","background-repeat":"repeat","background-position":"center center","background-size":"auto","background-attachment":"scroll","background-type":"","background-media":"","overlay-type":"","overlay-color":"","overlay-opacity":"","overlay-gradient":""},"mobile":{"background-color":"var(--ast-global-color-5)","background-image":"","background-repeat":"repeat","background-position":"center center","background-size":"auto","background-attachment":"scroll","background-type":"","background-media":"","overlay-type":"","overlay-color":"","overlay-opacity":"","overlay-gradient":""}}},"product_brand":[],"product_cat":[76,77],"product_tag":[],"class_list":{"0":"post-3246","1":"product","2":"type-product","3":"status-publish","4":"has-post-thumbnail","6":"product_cat-matematika","7":"product_cat-speles","8":"desktop-align-center","9":"tablet-align-left","10":"mobile-align-center","11":"ast-product-gallery-layout-first-image-large","12":"ast-product-gallery-with-no-image","13":"ast-product-tabs-layout-horizontal","15":"first","16":"instock","17":"sale","18":"downloadable","19":"virtual","20":"sold-individually","21":"purchasable","22":"product-type-simple"},"acf":[],"_links":{"self":[{"href":"https:\/\/kastenkidz.com\/lv\/wp-json\/wp\/v2\/product\/3246","targetHints":{"allow":["GET"]}}],"collection":[{"href":"https:\/\/kastenkidz.com\/lv\/wp-json\/wp\/v2\/product"}],"about":[{"href":"https:\/\/kastenkidz.com\/lv\/wp-json\/wp\/v2\/types\/product"}],"replies":[{"embeddable":true,"href":"https:\/\/kastenkidz.com\/lv\/wp-json\/wp\/v2\/comments?post=3246"}],"wp:featuredmedia":[{"embeddable":true,"href":"https:\/\/kastenkidz.com\/lv\/wp-json\/wp\/v2\/media\/3248"}],"wp:attachment":[{"href":"https:\/\/kastenkidz.com\/lv\/wp-json\/wp\/v2\/media?parent=3246"}],"wp:term":[{"taxonomy":"product_brand","embeddable":true,"href":"https:\/\/kastenkidz.com\/lv\/wp-json\/wp\/v2\/product_brand?post=3246"},{"taxonomy":"product_cat","embeddable":true,"href":"https:\/\/kastenkidz.com\/lv\/wp-json\/wp\/v2\/product_cat?post=3246"},{"taxonomy":"product_tag","embeddable":true,"href":"https:\/\/kastenkidz.com\/lv\/wp-json\/wp\/v2\/product_tag?post=3246"}],"curies":[{"name":"wp","href":"https:\/\/api.w.org\/{rel}","templated":true}]}}