{"id":3236,"date":"2025-02-06T16:45:39","date_gmt":"2025-02-06T16:45:39","guid":{"rendered":"https:\/\/kastenkidz.com\/product\/spele-dzivnieki-ja-un-ne\/"},"modified":"2025-02-11T19:10:41","modified_gmt":"2025-02-11T19:10:41","slug":"spele-dzivnieki-ja-un-ne","status":"publish","type":"product","link":"https:\/\/kastenkidz.com\/lv\/products\/spele-dzivnieki-ja-un-ne\/","title":{"rendered":"Sp\u0113le &#8220;Dz\u012bvnieki \u2013 J\u0101 un N\u0113&#8221;"},"content":{"rendered":"<p>Vai atceraties sp\u0113li \u201eJ\u0101 un N\u0113\u201d? M\u0113s esam izveidoju\u0161i versiju p\u0113c \u0161\u012bs sp\u0113les mot\u012bviem, kas iesaist\u012bs visu \u0123imeni, mudinot maz\u0101kos at\u0161\u0137irt m\u0101jdz\u012bvniekus no savva\u013cas dz\u012bvniekiem.<\/p>\n<p>J\u0101izdruk\u0101 2 sp\u0113les kart\u012b\u0161u kopijas.<br \/>\nSp\u0113les noteikumi. Viena k\u0101r\u0161u kaudz\u012bte j\u0101novieto uz galda ar skatu uz aug\u0161u, lai sp\u0113l\u0113t\u0101ji var\u0113tu redz\u0113t visu kart\u012b\u0161u saturu \u2013 dz\u012bvniekus. Otra kaudz\u012bte ir aizkl\u0101ta. Pirmais sp\u0113l\u0113t\u0101js pa\u0146em kart\u012bti no aizkl\u0101to kart\u012b\u0161u kaudzes, bet ner\u0101da to citiem sp\u0113l\u0113t\u0101jiem. P\u0101r\u0113jiem sp\u0113l\u0113t\u0101jiem, redzot dz\u012bvniekus atkl\u0101taj\u0101s kart\u012bt\u0113s, j\u0101noskaidro, kuru dz\u012bvnieku izvilka pirmais sp\u0113l\u0113t\u0101js. Tas tiek dar\u012bts, p\u0113c k\u0101rtas uzdodot pa vienam jaut\u0101jumam. Savuk\u0101rt pirmais sp\u0113l\u0113t\u0101js uz jaut\u0101jumiem atbild ar v\u0101rdiem \u201eJ\u0101\u201d vai \u201eN\u0113\u201d. Kad viens no klaus\u012bt\u0101jiem nolemj, ka zina, kas tas ir par dz\u012bvnieku, pa\u0146em no galda kart\u012bti ar dz\u012bvnieku. Ja kart\u012bte ar dz\u012bvnieku ir pareiza, sp\u0113l\u0113t\u0101js to patur sev, un kart\u012bte ar uzmin\u0113to dz\u012bvnieku no sl\u0113gt\u0101s kaudzes tiek iz\u0146emta no sp\u0113les. N\u0101kamais sp\u0113l\u0113t\u0101js pa\u0146em kart\u012bti no kaudzes, un sp\u0113le turpin\u0101s. Ja sp\u0113l\u0113t\u0101ja min\u0113jums ir nepareizs, apgriezt\u0101 kart\u012bte tiek novietota atpaka\u013c. Uzvar sp\u0113l\u0113t\u0101js, kur\u0161 sav\u0101c visvair\u0101k kart\u012b\u0161u.<\/p>\n<p>Komplekt\u0101cija: 36 kart\u012btes ar dz\u012bvniekiem. <\/p>\n","protected":false},"excerpt":{"rendered":"<p>Vai atceraties sp\u0113li \u201eJ\u0101 un N\u0113\u201d? M\u0113s esam izveidoju\u0161i versiju p\u0113c \u0161\u012bs sp\u0113les mot\u012bviem, kas iesaist\u012bs visu \u0123imeni, mudinot maz\u0101kos at\u0161\u0137irt m\u0101jdz\u012bvniekus no savva\u013cas dz\u012bvniekiem. J\u0101izdruk\u0101 2 sp\u0113les kart\u012b\u0161u kopijas. Sp\u0113les noteikumi. Viena k\u0101r\u0161u kaudz\u012bte j\u0101novieto uz galda ar skatu uz aug\u0161u, lai sp\u0113l\u0113t\u0101ji var\u0113tu redz\u0113t visu kart\u012b\u0161u saturu \u2013 dz\u012bvniekus. Otra kaudz\u012bte ir aizkl\u0101ta. [&hellip;]<\/p>\n","protected":false},"featured_media":3238,"comment_status":"closed","ping_status":"closed","template":"","meta":{"_acf_changed":false,"site-sidebar-layout":"default","site-content-layout":"","ast-site-content-layout":"default","site-content-style":"default","site-sidebar-style":"default","ast-global-header-display":"","ast-banner-title-visibility":"","ast-main-header-display":"","ast-hfb-above-header-display":"","ast-hfb-below-header-display":"","ast-hfb-mobile-header-display":"","site-post-title":"","ast-breadcrumbs-content":"","ast-featured-img":"","footer-sml-layout":"","ast-disable-related-posts":"","theme-transparent-header-meta":"default","adv-header-id-meta":"","stick-header-meta":"default","header-above-stick-meta":"","header-main-stick-meta":"","header-below-stick-meta":"","astra-migrate-meta-layouts":"set","ast-page-background-enabled":"default","ast-page-background-meta":{"desktop":{"background-color":"","background-image":"","background-repeat":"repeat","background-position":"center center","background-size":"auto","background-attachment":"scroll","background-type":"","background-media":"","overlay-type":"","overlay-color":"","overlay-opacity":"","overlay-gradient":""},"tablet":{"background-color":"","background-image":"","background-repeat":"repeat","background-position":"center center","background-size":"auto","background-attachment":"scroll","background-type":"","background-media":"","overlay-type":"","overlay-color":"","overlay-opacity":"","overlay-gradient":""},"mobile":{"background-color":"","background-image":"","background-repeat":"repeat","background-position":"center center","background-size":"auto","background-attachment":"scroll","background-type":"","background-media":"","overlay-type":"","overlay-color":"","overlay-opacity":"","overlay-gradient":""}},"ast-content-background-meta":{"desktop":{"background-color":"var(--ast-global-color-5)","background-image":"","background-repeat":"repeat","background-position":"center center","background-size":"auto","background-attachment":"scroll","background-type":"","background-media":"","overlay-type":"","overlay-color":"","overlay-opacity":"","overlay-gradient":""},"tablet":{"background-color":"var(--ast-global-color-5)","background-image":"","background-repeat":"repeat","background-position":"center center","background-size":"auto","background-attachment":"scroll","background-type":"","background-media":"","overlay-type":"","overlay-color":"","overlay-opacity":"","overlay-gradient":""},"mobile":{"background-color":"var(--ast-global-color-5)","background-image":"","background-repeat":"repeat","background-position":"center center","background-size":"auto","background-attachment":"scroll","background-type":"","background-media":"","overlay-type":"","overlay-color":"","overlay-opacity":"","overlay-gradient":""}}},"product_brand":[],"product_cat":[77],"product_tag":[],"class_list":{"0":"post-3236","1":"product","2":"type-product","3":"status-publish","4":"has-post-thumbnail","6":"product_cat-speles","7":"desktop-align-center","8":"tablet-align-left","9":"mobile-align-center","10":"ast-product-gallery-layout-first-image-large","11":"ast-product-gallery-with-no-image","12":"ast-product-tabs-layout-horizontal","14":"first","15":"instock","16":"sale","17":"downloadable","18":"virtual","19":"sold-individually","20":"purchasable","21":"product-type-simple"},"acf":[],"_links":{"self":[{"href":"https:\/\/kastenkidz.com\/lv\/wp-json\/wp\/v2\/product\/3236","targetHints":{"allow":["GET"]}}],"collection":[{"href":"https:\/\/kastenkidz.com\/lv\/wp-json\/wp\/v2\/product"}],"about":[{"href":"https:\/\/kastenkidz.com\/lv\/wp-json\/wp\/v2\/types\/product"}],"replies":[{"embeddable":true,"href":"https:\/\/kastenkidz.com\/lv\/wp-json\/wp\/v2\/comments?post=3236"}],"wp:featuredmedia":[{"embeddable":true,"href":"https:\/\/kastenkidz.com\/lv\/wp-json\/wp\/v2\/media\/3238"}],"wp:attachment":[{"href":"https:\/\/kastenkidz.com\/lv\/wp-json\/wp\/v2\/media?parent=3236"}],"wp:term":[{"taxonomy":"product_brand","embeddable":true,"href":"https:\/\/kastenkidz.com\/lv\/wp-json\/wp\/v2\/product_brand?post=3236"},{"taxonomy":"product_cat","embeddable":true,"href":"https:\/\/kastenkidz.com\/lv\/wp-json\/wp\/v2\/product_cat?post=3236"},{"taxonomy":"product_tag","embeddable":true,"href":"https:\/\/kastenkidz.com\/lv\/wp-json\/wp\/v2\/product_tag?post=3236"}],"curies":[{"name":"wp","href":"https:\/\/api.w.org\/{rel}","templated":true}]}}